{"id":839,"date":"2024-08-13T08:43:45","date_gmt":"2024-08-13T08:43:45","guid":{"rendered":"https:\/\/www.moschti.ch\/?page_id=839"},"modified":"2024-08-13T16:22:21","modified_gmt":"2024-08-13T16:22:21","slug":"selbstbedienung","status":"publish","type":"page","link":"https:\/\/www.moschti.ch\/index.php\/selbstbedienung\/","title":{"rendered":"Selbstbedienung"},"content":{"rendered":"\n<div class=\"wp-block-media-text is-stacked-on-mobile\" style=\"grid-template-columns:34% auto\"><figure class=\"wp-block-media-text__media\"><img loading=\"lazy\" decoding=\"async\" width=\"768\" height=\"1024\" src=\"https:\/\/www.moschti.ch\/wp-content\/uploads\/2024\/04\/10-l-Ballonflasche_--768x1024.jpg\" alt=\"\" class=\"wp-image-418 size-full\" srcset=\"https:\/\/www.moschti.ch\/wp-content\/uploads\/2024\/04\/10-l-Ballonflasche_--768x1024.jpg 768w, https:\/\/www.moschti.ch\/wp-content\/uploads\/2024\/04\/10-l-Ballonflasche_--225x300.jpg 225w, https:\/\/www.moschti.ch\/wp-content\/uploads\/2024\/04\/10-l-Ballonflasche_--1152x1536.jpg 1152w, https:\/\/www.moschti.ch\/wp-content\/uploads\/2024\/04\/10-l-Ballonflasche_--1536x2048.jpg 1536w, https:\/\/www.moschti.ch\/wp-content\/uploads\/2024\/04\/10-l-Ballonflasche_--scaled.jpg 1920w\" sizes=\"auto, (max-width: 768px) 100vw, 768px\" \/><\/figure><div class=\"wp-block-media-text__content\">\n<p>W\u00e4hrend der Mostsaison von Ende August bis Anfangs November k\u00f6nnen sie S\u00fcssmost ab presse kaufen. Im K\u00fchlschrank hat es mehrere 10l Ballonflaschen. Den frisch gepressten S\u00fcssmost f\u00fcllen Sie Selbst ab in 1,5 l PET Flaschen von uns oder in eigene saubere Mineralwasser Flaschen.<br>Solange Vorrat finden Sie \u00fcber das ganze Jahr 5l und 10l Bag in Boxen im K\u00fchlschrank.<br>Bezahlen k\u00f6nnen Sie mit TWINT oder den Betrag in den Briefkasten werfen.<br>Unter <a href=\"https:\/\/www.moschti.ch\/index.php\/verkauf\/\">Verkauf<\/a> finden Sie weitere Infos.<\/p>\n<\/div><\/div>\n","protected":false},"excerpt":{"rendered":"<p>W\u00e4hrend der Mostsaison von Ende August bis Anfangs November k\u00f6nnen sie S\u00fcssmost ab presse kaufen. Im K\u00fchlschrank hat es mehrere 10l Ballonflaschen. Den frisch gepressten S\u00fcssmost f\u00fcllen Sie Selbst ab in 1,5 l PET Flaschen von uns oder in eigene saubere Mineralwasser Flaschen.Solange Vorrat finden Sie \u00fcber das ganze Jahr 5l und 10l Bag in &#8230; <a title=\"Selbstbedienung\" class=\"read-more\" href=\"https:\/\/www.moschti.ch\/index.php\/selbstbedienung\/\" aria-label=\"Mehr Informationen \u00fcber Selbstbedienung\">Weiterlesen<\/a><\/p>\n","protected":false},"author":2,"featured_media":0,"parent":0,"menu_order":0,"comment_status":"closed","ping_status":"closed","template":"","meta":{"_uag_custom_page_level_css":"","pgc_sgb_lightbox_settings":"","_themeisle_gutenberg_block_has_review":false,"footnotes":""},"class_list":["post-839","page","type-page","status-publish"],"yoast_head":"<!-- This site is optimized with the Yoast SEO plugin v22.2 - https:\/\/yoast.com\/wordpress\/plugins\/seo\/ -->\n<title>Selbstbedienung - Moschti<\/title>\n<meta name=\"description\" content=\"Unser Selbstbedienungs-Angebot: S\u00fcssmost frisch ab presse ist am Besten. In einem K\u00fchlschrank stehen 10l Flaschen zum selber Abf\u00fcllen ihrer gew\u00fcnschte Menge zur Verf\u00fcgung. Saubere Flaschen k\u00f6nnen Sie selbst mitbringen oder von uns k\u00e4uflich 1.5l PET Flaschen erwerben. \u00dcbers ganze Jahr stehen auch Bag in Boxen im K\u00fchlschrank.\" \/>\n<meta name=\"robots\" content=\"index, follow, max-snippet:-1, max-image-preview:large, max-video-preview:-1\" \/>\n<link rel=\"canonical\" href=\"https:\/\/www.moschti.ch\/index.php\/selbstbedienung\/\" \/>\n<meta property=\"og:locale\" content=\"de_DE\" \/>\n<meta property=\"og:type\" content=\"article\" \/>\n<meta property=\"og:title\" content=\"Selbstbedienung - Moschti\" \/>\n<meta property=\"og:description\" content=\"Unser Selbstbedienungs-Angebot: S\u00fcssmost frisch ab presse ist am Besten. In einem K\u00fchlschrank stehen 10l Flaschen zum selber Abf\u00fcllen ihrer gew\u00fcnschte Menge zur Verf\u00fcgung. Saubere Flaschen k\u00f6nnen Sie selbst mitbringen oder von uns k\u00e4uflich 1.5l PET Flaschen erwerben. \u00dcbers ganze Jahr stehen auch Bag in Boxen im K\u00fchlschrank.\" \/>\n<meta property=\"og:url\" content=\"https:\/\/www.moschti.ch\/index.php\/selbstbedienung\/\" \/>\n<meta property=\"og:site_name\" content=\"Moschti\" \/>\n<meta property=\"article:modified_time\" content=\"2024-08-13T16:22:21+00:00\" \/>\n<meta property=\"og:image\" content=\"https:\/\/www.moschti.ch\/wp-content\/uploads\/2024\/04\/10-l-Ballonflasche_--768x1024.jpg\" \/>\n<meta name=\"twitter:card\" content=\"summary_large_image\" \/>\n<meta name=\"twitter:label1\" content=\"Gesch\u00e4tzte Lesezeit\" \/>\n\t<meta name=\"twitter:data1\" content=\"1\u00a0Minute\" \/>\n<script type=\"application\/ld+json\" class=\"yoast-schema-graph\">{\"@context\":\"https:\/\/schema.org\",\"@graph\":[{\"@type\":\"WebPage\",\"@id\":\"https:\/\/www.moschti.ch\/index.php\/selbstbedienung\/\",\"url\":\"https:\/\/www.moschti.ch\/index.php\/selbstbedienung\/\",\"name\":\"Selbstbedienung - Moschti\",\"isPartOf\":{\"@id\":\"https:\/\/www.moschti.ch\/#website\"},\"primaryImageOfPage\":{\"@id\":\"https:\/\/www.moschti.ch\/index.php\/selbstbedienung\/#primaryimage\"},\"image\":{\"@id\":\"https:\/\/www.moschti.ch\/index.php\/selbstbedienung\/#primaryimage\"},\"thumbnailUrl\":\"https:\/\/www.moschti.ch\/wp-content\/uploads\/2024\/04\/10-l-Ballonflasche_--768x1024.jpg\",\"datePublished\":\"2024-08-13T08:43:45+00:00\",\"dateModified\":\"2024-08-13T16:22:21+00:00\",\"description\":\"Unser Selbstbedienungs-Angebot: S\u00fcssmost frisch ab presse ist am Besten. In einem K\u00fchlschrank stehen 10l Flaschen zum selber Abf\u00fcllen ihrer gew\u00fcnschte Menge zur Verf\u00fcgung. Saubere Flaschen k\u00f6nnen Sie selbst mitbringen oder von uns k\u00e4uflich 1.5l PET Flaschen erwerben. \u00dcbers ganze Jahr stehen auch Bag in Boxen im K\u00fchlschrank.\",\"inLanguage\":\"de\",\"potentialAction\":[{\"@type\":\"ReadAction\",\"target\":[\"https:\/\/www.moschti.ch\/index.php\/selbstbedienung\/\"]}]},{\"@type\":\"ImageObject\",\"inLanguage\":\"de\",\"@id\":\"https:\/\/www.moschti.ch\/index.php\/selbstbedienung\/#primaryimage\",\"url\":\"https:\/\/www.moschti.ch\/wp-content\/uploads\/2024\/04\/10-l-Ballonflasche_--scaled.jpg\",\"contentUrl\":\"https:\/\/www.moschti.ch\/wp-content\/uploads\/2024\/04\/10-l-Ballonflasche_--scaled.jpg\",\"width\":1920,\"height\":2560,\"caption\":\"10l Glasflasche\"},{\"@type\":\"WebSite\",\"@id\":\"https:\/\/www.moschti.ch\/#website\",\"url\":\"https:\/\/www.moschti.ch\/\",\"name\":\"Moschti\",\"description\":\"\",\"publisher\":{\"@id\":\"https:\/\/www.moschti.ch\/#organization\"},\"potentialAction\":[{\"@type\":\"SearchAction\",\"target\":{\"@type\":\"EntryPoint\",\"urlTemplate\":\"https:\/\/www.moschti.ch\/?s={search_term_string}\"},\"query-input\":\"required name=search_term_string\"}],\"inLanguage\":\"de\"},{\"@type\":\"Organization\",\"@id\":\"https:\/\/www.moschti.ch\/#organization\",\"name\":\"Moschti\",\"url\":\"https:\/\/www.moschti.ch\/\",\"logo\":{\"@type\":\"ImageObject\",\"inLanguage\":\"de\",\"@id\":\"https:\/\/www.moschti.ch\/#\/schema\/logo\/image\/\",\"url\":\"https:\/\/www.moschti.ch\/wp-content\/uploads\/2024\/03\/banner.jpg\",\"contentUrl\":\"https:\/\/www.moschti.ch\/wp-content\/uploads\/2024\/03\/banner.jpg\",\"width\":1000,\"height\":140,\"caption\":\"Moschti\"},\"image\":{\"@id\":\"https:\/\/www.moschti.ch\/#\/schema\/logo\/image\/\"}}]}<\/script>\n<!-- \/ Yoast SEO plugin. -->","yoast_head_json":{"title":"Selbstbedienung - Moschti","description":"Unser Selbstbedienungs-Angebot: S\u00fcssmost frisch ab presse ist am Besten. In einem K\u00fchlschrank stehen 10l Flaschen zum selber Abf\u00fcllen ihrer gew\u00fcnschte Menge zur Verf\u00fcgung. Saubere Flaschen k\u00f6nnen Sie selbst mitbringen oder von uns k\u00e4uflich 1.5l PET Flaschen erwerben. \u00dcbers ganze Jahr stehen auch Bag in Boxen im K\u00fchlschrank.","robots":{"index":"index","follow":"follow","max-snippet":"max-snippet:-1","max-image-preview":"max-image-preview:large","max-video-preview":"max-video-preview:-1"},"canonical":"https:\/\/www.moschti.ch\/index.php\/selbstbedienung\/","og_locale":"de_DE","og_type":"article","og_title":"Selbstbedienung - Moschti","og_description":"Unser Selbstbedienungs-Angebot: S\u00fcssmost frisch ab presse ist am Besten. In einem K\u00fchlschrank stehen 10l Flaschen zum selber Abf\u00fcllen ihrer gew\u00fcnschte Menge zur Verf\u00fcgung. Saubere Flaschen k\u00f6nnen Sie selbst mitbringen oder von uns k\u00e4uflich 1.5l PET Flaschen erwerben. \u00dcbers ganze Jahr stehen auch Bag in Boxen im K\u00fchlschrank.","og_url":"https:\/\/www.moschti.ch\/index.php\/selbstbedienung\/","og_site_name":"Moschti","article_modified_time":"2024-08-13T16:22:21+00:00","og_image":[{"url":"https:\/\/www.moschti.ch\/wp-content\/uploads\/2024\/04\/10-l-Ballonflasche_--768x1024.jpg"}],"twitter_card":"summary_large_image","twitter_misc":{"Gesch\u00e4tzte Lesezeit":"1\u00a0Minute"},"schema":{"@context":"https:\/\/schema.org","@graph":[{"@type":"WebPage","@id":"https:\/\/www.moschti.ch\/index.php\/selbstbedienung\/","url":"https:\/\/www.moschti.ch\/index.php\/selbstbedienung\/","name":"Selbstbedienung - Moschti","isPartOf":{"@id":"https:\/\/www.moschti.ch\/#website"},"primaryImageOfPage":{"@id":"https:\/\/www.moschti.ch\/index.php\/selbstbedienung\/#primaryimage"},"image":{"@id":"https:\/\/www.moschti.ch\/index.php\/selbstbedienung\/#primaryimage"},"thumbnailUrl":"https:\/\/www.moschti.ch\/wp-content\/uploads\/2024\/04\/10-l-Ballonflasche_--768x1024.jpg","datePublished":"2024-08-13T08:43:45+00:00","dateModified":"2024-08-13T16:22:21+00:00","description":"Unser Selbstbedienungs-Angebot: S\u00fcssmost frisch ab presse ist am Besten. In einem K\u00fchlschrank stehen 10l Flaschen zum selber Abf\u00fcllen ihrer gew\u00fcnschte Menge zur Verf\u00fcgung. Saubere Flaschen k\u00f6nnen Sie selbst mitbringen oder von uns k\u00e4uflich 1.5l PET Flaschen erwerben. \u00dcbers ganze Jahr stehen auch Bag in Boxen im K\u00fchlschrank.","inLanguage":"de","potentialAction":[{"@type":"ReadAction","target":["https:\/\/www.moschti.ch\/index.php\/selbstbedienung\/"]}]},{"@type":"ImageObject","inLanguage":"de","@id":"https:\/\/www.moschti.ch\/index.php\/selbstbedienung\/#primaryimage","url":"https:\/\/www.moschti.ch\/wp-content\/uploads\/2024\/04\/10-l-Ballonflasche_--scaled.jpg","contentUrl":"https:\/\/www.moschti.ch\/wp-content\/uploads\/2024\/04\/10-l-Ballonflasche_--scaled.jpg","width":1920,"height":2560,"caption":"10l Glasflasche"},{"@type":"WebSite","@id":"https:\/\/www.moschti.ch\/#website","url":"https:\/\/www.moschti.ch\/","name":"Moschti","description":"","publisher":{"@id":"https:\/\/www.moschti.ch\/#organization"},"potentialAction":[{"@type":"SearchAction","target":{"@type":"EntryPoint","urlTemplate":"https:\/\/www.moschti.ch\/?s={search_term_string}"},"query-input":"required name=search_term_string"}],"inLanguage":"de"},{"@type":"Organization","@id":"https:\/\/www.moschti.ch\/#organization","name":"Moschti","url":"https:\/\/www.moschti.ch\/","logo":{"@type":"ImageObject","inLanguage":"de","@id":"https:\/\/www.moschti.ch\/#\/schema\/logo\/image\/","url":"https:\/\/www.moschti.ch\/wp-content\/uploads\/2024\/03\/banner.jpg","contentUrl":"https:\/\/www.moschti.ch\/wp-content\/uploads\/2024\/03\/banner.jpg","width":1000,"height":140,"caption":"Moschti"},"image":{"@id":"https:\/\/www.moschti.ch\/#\/schema\/logo\/image\/"}}]}},"uagb_featured_image_src":{"full":false,"thumbnail":false,"medium":false,"medium_large":false,"large":false,"1536x1536":false,"2048x2048":false},"uagb_author_info":{"display_name":"Moschti","author_link":"https:\/\/www.moschti.ch\/index.php\/author\/moschti\/"},"uagb_comment_info":0,"uagb_excerpt":"W\u00e4hrend der Mostsaison von Ende August bis Anfangs November k\u00f6nnen sie S\u00fcssmost ab presse kaufen. Im K\u00fchlschrank hat es mehrere 10l Ballonflaschen. Den frisch gepressten S\u00fcssmost f\u00fcllen Sie Selbst ab in 1,5 l PET Flaschen von uns oder in eigene saubere Mineralwasser Flaschen.Solange Vorrat finden Sie \u00fcber das ganze Jahr 5l und 10l Bag in&hellip;","_links":{"self":[{"href":"https:\/\/www.moschti.ch\/index.php\/wp-json\/wp\/v2\/pages\/839","targetHints":{"allow":["GET"]}}],"collection":[{"href":"https:\/\/www.moschti.ch\/index.php\/wp-json\/wp\/v2\/pages"}],"about":[{"href":"https:\/\/www.moschti.ch\/index.php\/wp-json\/wp\/v2\/types\/page"}],"author":[{"embeddable":true,"href":"https:\/\/www.moschti.ch\/index.php\/wp-json\/wp\/v2\/users\/2"}],"replies":[{"embeddable":true,"href":"https:\/\/www.moschti.ch\/index.php\/wp-json\/wp\/v2\/comments?post=839"}],"version-history":[{"count":4,"href":"https:\/\/www.moschti.ch\/index.php\/wp-json\/wp\/v2\/pages\/839\/revisions"}],"predecessor-version":[{"id":857,"href":"https:\/\/www.moschti.ch\/index.php\/wp-json\/wp\/v2\/pages\/839\/revisions\/857"}],"wp:attachment":[{"href":"https:\/\/www.moschti.ch\/index.php\/wp-json\/wp\/v2\/media?parent=839"}],"curies":[{"name":"wp","href":"https:\/\/api.w.org\/{rel}","templated":true}]}}