{"id":68,"date":"2024-03-11T13:43:11","date_gmt":"2024-03-11T13:43:11","guid":{"rendered":"https:\/\/www.moschti.ch\/?page_id=68"},"modified":"2024-08-14T12:47:25","modified_gmt":"2024-08-14T12:47:25","slug":"ueber-uns","status":"publish","type":"page","link":"https:\/\/www.moschti.ch\/index.php\/ueber-uns\/","title":{"rendered":"\u00dcber uns"},"content":{"rendered":"\n<p class=\"has-text-align-center\"><strong>Die Moschti<\/strong><\/p>\n\n\n<div class=\"wp-block-image\">\n<figure class=\"aligncenter size-full\"><img loading=\"lazy\" decoding=\"async\" width=\"350\" height=\"233\" src=\"https:\/\/www.moschti.ch\/wp-content\/uploads\/2024\/03\/09-Haus3982.jpg\" alt=\"\" class=\"wp-image-136\" srcset=\"https:\/\/www.moschti.ch\/wp-content\/uploads\/2024\/03\/09-Haus3982.jpg 350w, https:\/\/www.moschti.ch\/wp-content\/uploads\/2024\/03\/09-Haus3982-300x200.jpg 300w\" sizes=\"auto, (max-width: 350px) 100vw, 350px\" \/><\/figure>\n<\/div>\n\n\n<div style=\"height:20px\" aria-hidden=\"true\" class=\"wp-block-spacer\"><\/div>\n\n\n\n<p>In der Moschti H\u00fcniken werden seit 1978 aus \u00c4pfeln S\u00fcssmost gepresst. Ein Jahr zuvor haben wir das Bauerhaus gekauft. Die erste Presse war eine Korbpresse und musste von Hand bedient werden. Die Apfelb\u00e4ume in unserer Hostet gaben mehr \u00c4pfel her, als wir essen und einlagern konnten. Im Winter besuchte Walter Gloor auf der Landwirtschaftlichen Schule R\u00fcti den S\u00fcssmostkurs und schloss den Lehrgang mit einem Diplom ab. Bald kamen die Bauer aus H\u00fcniken und Etziken und liessen ihre \u00c4pfel pressen und paseurisieren. Entweder in 25er Ballonflaschen oder in Chiantiflaschen. Anfangs der 80er Jahre kauften wir eine 2- Bett- Packpresse. Wir stellten sie in den Runkelkeller des Vorbesitzers und nun konnten die \u00c4pfel von oben herunter gelassen werden. Diese Packpresse war damals sehr fortschritlich und sie werden auch heute noch hergestellt und gebraucht. Ende der 90er Jahre kamen die ersten <a href=\"https:\/\/www.moschti.ch\/index.php\/pasteurisierter-suessmost\/\">Bag in Box<\/a> auf den Markt. Viele S\u00fcssmoster konnten sich mit dem neuen Gebinde nicht sofort anfreunden. Der Plastiksack wie die Schachtel wurde in den letzten 10 Jahren stetig verbessert. Heute sind sie fast perfekt im Gebrauch wie in der Lagerung. 1999 bauten wir eine neue Moschti und die Packpresse wurde durch eine <a href=\"https:\/\/www.moschti.ch\/index.php\/pressen\/\">Bandpresse<\/a> ersetzt. Die neue Moschti musste allen Vorschriften der Lebensmittelverordung gerecht werden und nat\u00fcrlich musste der Arbeitsablauf vereinfacht werden. Immer wieder wurden die Einrichtung oder die Umgebung verbessert. Vor ein par Jahren wurde der Vorplatz gepfl\u00e4stert, ein l\u00e4ngers Vordach angebaut und letztes Jahr zwei neue Maschinen angeschaft. So versuchen wir, unsere Kunden immer noch besser und angenehmer bedienen zu k\u00f6nnen. Aber kommen Sie doch vorbei und bringen Ihr Obst oder kaufen Apfelsaft oder ein anderes spezielles Produkt von uns.<\/p>\n","protected":false},"excerpt":{"rendered":"<p>Die Moschti In der Moschti H\u00fcniken werden seit 1978 aus \u00c4pfeln S\u00fcssmost gepresst. Ein Jahr zuvor haben wir das Bauerhaus gekauft. Die erste Presse war eine Korbpresse und musste von Hand bedient werden. Die Apfelb\u00e4ume in unserer Hostet gaben mehr \u00c4pfel her, als wir essen und einlagern konnten. Im Winter besuchte Walter Gloor auf der &#8230; <a title=\"\u00dcber uns\" class=\"read-more\" href=\"https:\/\/www.moschti.ch\/index.php\/ueber-uns\/\" aria-label=\"Mehr Informationen \u00fcber \u00dcber uns\">Weiterlesen<\/a><\/p>\n","protected":false},"author":1,"featured_media":0,"parent":0,"menu_order":0,"comment_status":"closed","ping_status":"closed","template":"","meta":{"_uag_custom_page_level_css":"","pgc_sgb_lightbox_settings":"","_themeisle_gutenberg_block_has_review":false,"footnotes":""},"class_list":["post-68","page","type-page","status-publish"],"yoast_head":"<!-- This site is optimized with the Yoast SEO plugin v22.2 - https:\/\/yoast.com\/wordpress\/plugins\/seo\/ -->\n<title>\u00dcber uns - Moschti<\/title>\n<meta name=\"description\" content=\"Eine Kundenmosterei mit langj\u00e4hriger Erfahrung und welche auch kleine Mengen (ab 1 Harasse) verarbeitet zu ihrem eigenen S\u00fcssmost. Wir pressen und verarbeiten auch Trauben.\" \/>\n<meta name=\"robots\" content=\"index, follow, max-snippet:-1, max-image-preview:large, max-video-preview:-1\" \/>\n<link rel=\"canonical\" href=\"https:\/\/www.moschti.ch\/index.php\/ueber-uns\/\" \/>\n<meta property=\"og:locale\" content=\"de_DE\" \/>\n<meta property=\"og:type\" content=\"article\" \/>\n<meta property=\"og:title\" content=\"\u00dcber uns - Moschti\" \/>\n<meta property=\"og:description\" content=\"Eine Kundenmosterei mit langj\u00e4hriger Erfahrung und welche auch kleine Mengen (ab 1 Harasse) verarbeitet zu ihrem eigenen S\u00fcssmost. Wir pressen und verarbeiten auch Trauben.\" \/>\n<meta property=\"og:url\" content=\"https:\/\/www.moschti.ch\/index.php\/ueber-uns\/\" \/>\n<meta property=\"og:site_name\" content=\"Moschti\" \/>\n<meta property=\"article:modified_time\" content=\"2024-08-14T12:47:25+00:00\" \/>\n<meta property=\"og:image\" content=\"https:\/\/www.moschti.ch\/wp-content\/uploads\/2024\/03\/09-Haus3982.jpg\" \/>\n<meta name=\"twitter:card\" content=\"summary_large_image\" \/>\n<meta name=\"twitter:label1\" content=\"Gesch\u00e4tzte Lesezeit\" \/>\n\t<meta name=\"twitter:data1\" content=\"2\u00a0Minuten\" \/>\n<script type=\"application\/ld+json\" class=\"yoast-schema-graph\">{\"@context\":\"https:\/\/schema.org\",\"@graph\":[{\"@type\":\"WebPage\",\"@id\":\"https:\/\/www.moschti.ch\/index.php\/ueber-uns\/\",\"url\":\"https:\/\/www.moschti.ch\/index.php\/ueber-uns\/\",\"name\":\"\u00dcber uns - Moschti\",\"isPartOf\":{\"@id\":\"https:\/\/www.moschti.ch\/#website\"},\"primaryImageOfPage\":{\"@id\":\"https:\/\/www.moschti.ch\/index.php\/ueber-uns\/#primaryimage\"},\"image\":{\"@id\":\"https:\/\/www.moschti.ch\/index.php\/ueber-uns\/#primaryimage\"},\"thumbnailUrl\":\"https:\/\/www.moschti.ch\/wp-content\/uploads\/2024\/03\/09-Haus3982.jpg\",\"datePublished\":\"2024-03-11T13:43:11+00:00\",\"dateModified\":\"2024-08-14T12:47:25+00:00\",\"description\":\"Eine Kundenmosterei mit langj\u00e4hriger Erfahrung und welche auch kleine Mengen (ab 1 Harasse) verarbeitet zu ihrem eigenen S\u00fcssmost. Wir pressen und verarbeiten auch Trauben.\",\"inLanguage\":\"de\",\"potentialAction\":[{\"@type\":\"ReadAction\",\"target\":[\"https:\/\/www.moschti.ch\/index.php\/ueber-uns\/\"]}]},{\"@type\":\"ImageObject\",\"inLanguage\":\"de\",\"@id\":\"https:\/\/www.moschti.ch\/index.php\/ueber-uns\/#primaryimage\",\"url\":\"https:\/\/www.moschti.ch\/wp-content\/uploads\/2024\/03\/09-Haus3982.jpg\",\"contentUrl\":\"https:\/\/www.moschti.ch\/wp-content\/uploads\/2024\/03\/09-Haus3982.jpg\",\"width\":350,\"height\":233},{\"@type\":\"WebSite\",\"@id\":\"https:\/\/www.moschti.ch\/#website\",\"url\":\"https:\/\/www.moschti.ch\/\",\"name\":\"Moschti\",\"description\":\"\",\"publisher\":{\"@id\":\"https:\/\/www.moschti.ch\/#organization\"},\"potentialAction\":[{\"@type\":\"SearchAction\",\"target\":{\"@type\":\"EntryPoint\",\"urlTemplate\":\"https:\/\/www.moschti.ch\/?s={search_term_string}\"},\"query-input\":\"required name=search_term_string\"}],\"inLanguage\":\"de\"},{\"@type\":\"Organization\",\"@id\":\"https:\/\/www.moschti.ch\/#organization\",\"name\":\"Moschti\",\"url\":\"https:\/\/www.moschti.ch\/\",\"logo\":{\"@type\":\"ImageObject\",\"inLanguage\":\"de\",\"@id\":\"https:\/\/www.moschti.ch\/#\/schema\/logo\/image\/\",\"url\":\"https:\/\/www.moschti.ch\/wp-content\/uploads\/2024\/03\/banner.jpg\",\"contentUrl\":\"https:\/\/www.moschti.ch\/wp-content\/uploads\/2024\/03\/banner.jpg\",\"width\":1000,\"height\":140,\"caption\":\"Moschti\"},\"image\":{\"@id\":\"https:\/\/www.moschti.ch\/#\/schema\/logo\/image\/\"}}]}<\/script>\n<!-- \/ Yoast SEO plugin. -->","yoast_head_json":{"title":"\u00dcber uns - Moschti","description":"Eine Kundenmosterei mit langj\u00e4hriger Erfahrung und welche auch kleine Mengen (ab 1 Harasse) verarbeitet zu ihrem eigenen S\u00fcssmost. Wir pressen und verarbeiten auch Trauben.","robots":{"index":"index","follow":"follow","max-snippet":"max-snippet:-1","max-image-preview":"max-image-preview:large","max-video-preview":"max-video-preview:-1"},"canonical":"https:\/\/www.moschti.ch\/index.php\/ueber-uns\/","og_locale":"de_DE","og_type":"article","og_title":"\u00dcber uns - Moschti","og_description":"Eine Kundenmosterei mit langj\u00e4hriger Erfahrung und welche auch kleine Mengen (ab 1 Harasse) verarbeitet zu ihrem eigenen S\u00fcssmost. Wir pressen und verarbeiten auch Trauben.","og_url":"https:\/\/www.moschti.ch\/index.php\/ueber-uns\/","og_site_name":"Moschti","article_modified_time":"2024-08-14T12:47:25+00:00","og_image":[{"url":"https:\/\/www.moschti.ch\/wp-content\/uploads\/2024\/03\/09-Haus3982.jpg"}],"twitter_card":"summary_large_image","twitter_misc":{"Gesch\u00e4tzte Lesezeit":"2\u00a0Minuten"},"schema":{"@context":"https:\/\/schema.org","@graph":[{"@type":"WebPage","@id":"https:\/\/www.moschti.ch\/index.php\/ueber-uns\/","url":"https:\/\/www.moschti.ch\/index.php\/ueber-uns\/","name":"\u00dcber uns - Moschti","isPartOf":{"@id":"https:\/\/www.moschti.ch\/#website"},"primaryImageOfPage":{"@id":"https:\/\/www.moschti.ch\/index.php\/ueber-uns\/#primaryimage"},"image":{"@id":"https:\/\/www.moschti.ch\/index.php\/ueber-uns\/#primaryimage"},"thumbnailUrl":"https:\/\/www.moschti.ch\/wp-content\/uploads\/2024\/03\/09-Haus3982.jpg","datePublished":"2024-03-11T13:43:11+00:00","dateModified":"2024-08-14T12:47:25+00:00","description":"Eine Kundenmosterei mit langj\u00e4hriger Erfahrung und welche auch kleine Mengen (ab 1 Harasse) verarbeitet zu ihrem eigenen S\u00fcssmost. Wir pressen und verarbeiten auch Trauben.","inLanguage":"de","potentialAction":[{"@type":"ReadAction","target":["https:\/\/www.moschti.ch\/index.php\/ueber-uns\/"]}]},{"@type":"ImageObject","inLanguage":"de","@id":"https:\/\/www.moschti.ch\/index.php\/ueber-uns\/#primaryimage","url":"https:\/\/www.moschti.ch\/wp-content\/uploads\/2024\/03\/09-Haus3982.jpg","contentUrl":"https:\/\/www.moschti.ch\/wp-content\/uploads\/2024\/03\/09-Haus3982.jpg","width":350,"height":233},{"@type":"WebSite","@id":"https:\/\/www.moschti.ch\/#website","url":"https:\/\/www.moschti.ch\/","name":"Moschti","description":"","publisher":{"@id":"https:\/\/www.moschti.ch\/#organization"},"potentialAction":[{"@type":"SearchAction","target":{"@type":"EntryPoint","urlTemplate":"https:\/\/www.moschti.ch\/?s={search_term_string}"},"query-input":"required name=search_term_string"}],"inLanguage":"de"},{"@type":"Organization","@id":"https:\/\/www.moschti.ch\/#organization","name":"Moschti","url":"https:\/\/www.moschti.ch\/","logo":{"@type":"ImageObject","inLanguage":"de","@id":"https:\/\/www.moschti.ch\/#\/schema\/logo\/image\/","url":"https:\/\/www.moschti.ch\/wp-content\/uploads\/2024\/03\/banner.jpg","contentUrl":"https:\/\/www.moschti.ch\/wp-content\/uploads\/2024\/03\/banner.jpg","width":1000,"height":140,"caption":"Moschti"},"image":{"@id":"https:\/\/www.moschti.ch\/#\/schema\/logo\/image\/"}}]}},"uagb_featured_image_src":{"full":false,"thumbnail":false,"medium":false,"medium_large":false,"large":false,"1536x1536":false,"2048x2048":false},"uagb_author_info":{"display_name":"admin","author_link":"https:\/\/www.moschti.ch\/index.php\/author\/sysadmin\/"},"uagb_comment_info":0,"uagb_excerpt":"Die Moschti In der Moschti H\u00fcniken werden seit 1978 aus \u00c4pfeln S\u00fcssmost gepresst. Ein Jahr zuvor haben wir das Bauerhaus gekauft. Die erste Presse war eine Korbpresse und musste von Hand bedient werden. Die Apfelb\u00e4ume in unserer Hostet gaben mehr \u00c4pfel her, als wir essen und einlagern konnten. Im Winter besuchte Walter Gloor auf der&hellip;","_links":{"self":[{"href":"https:\/\/www.moschti.ch\/index.php\/wp-json\/wp\/v2\/pages\/68","targetHints":{"allow":["GET"]}}],"collection":[{"href":"https:\/\/www.moschti.ch\/index.php\/wp-json\/wp\/v2\/pages"}],"about":[{"href":"https:\/\/www.moschti.ch\/index.php\/wp-json\/wp\/v2\/types\/page"}],"author":[{"embeddable":true,"href":"https:\/\/www.moschti.ch\/index.php\/wp-json\/wp\/v2\/users\/1"}],"replies":[{"embeddable":true,"href":"https:\/\/www.moschti.ch\/index.php\/wp-json\/wp\/v2\/comments?post=68"}],"version-history":[{"count":7,"href":"https:\/\/www.moschti.ch\/index.php\/wp-json\/wp\/v2\/pages\/68\/revisions"}],"predecessor-version":[{"id":889,"href":"https:\/\/www.moschti.ch\/index.php\/wp-json\/wp\/v2\/pages\/68\/revisions\/889"}],"wp:attachment":[{"href":"https:\/\/www.moschti.ch\/index.php\/wp-json\/wp\/v2\/media?parent=68"}],"curies":[{"name":"wp","href":"https:\/\/api.w.org\/{rel}","templated":true}]}}