{"id":64,"date":"2024-03-11T13:42:32","date_gmt":"2024-03-11T13:42:32","guid":{"rendered":"https:\/\/www.moschti.ch\/?page_id=64"},"modified":"2024-08-13T17:39:17","modified_gmt":"2024-08-13T17:39:17","slug":"beratung","status":"publish","type":"page","link":"https:\/\/www.moschti.ch\/index.php\/beratung\/","title":{"rendered":"Beratung"},"content":{"rendered":"\n<p>Sie haben viele \u00c4pfel? Sie haben ein Problem bei der Lagerung? <br>Sie m\u00f6chten etwas spezielles machen mit ihren \u00c4pfeln? Sie m\u00f6chten einen anderen Aperitif anbieten als \u00fcblich?<br>Sie wollen mit ihrem Verein einen interessanten Ausflug machen?<br>Wir haben die L\u00f6sung! Wir beraten Sie individuell und werden so Ihren Anspr\u00fcchen gerecht.<br>TRETEN SIE MIT UNS IN <a href=\"https:\/\/www.moschti.ch\/index.php\/kontakt\/\">KONTAKT!<\/a><\/p>\n\n\n\n<figure class=\"wp-block-gallery has-nested-images columns-default is-cropped wp-block-gallery-1 is-layout-flex wp-block-gallery-is-layout-flex\">\n<figure class=\"wp-block-image size-large\"><img loading=\"lazy\" decoding=\"async\" width=\"1024\" height=\"768\" data-id=\"420\" src=\"https:\/\/www.moschti.ch\/wp-content\/uploads\/2024\/04\/Mostpraes.-Kreuz-Egerk-1024x768.jpg\" alt=\"\" class=\"wp-image-420\" srcset=\"https:\/\/www.moschti.ch\/wp-content\/uploads\/2024\/04\/Mostpraes.-Kreuz-Egerk-1024x768.jpg 1024w, https:\/\/www.moschti.ch\/wp-content\/uploads\/2024\/04\/Mostpraes.-Kreuz-Egerk-300x225.jpg 300w, https:\/\/www.moschti.ch\/wp-content\/uploads\/2024\/04\/Mostpraes.-Kreuz-Egerk-768x576.jpg 768w, https:\/\/www.moschti.ch\/wp-content\/uploads\/2024\/04\/Mostpraes.-Kreuz-Egerk-1536x1152.jpg 1536w, https:\/\/www.moschti.ch\/wp-content\/uploads\/2024\/04\/Mostpraes.-Kreuz-Egerk-2048x1536.jpg 2048w\" sizes=\"auto, (max-width: 1024px) 100vw, 1024px\" \/><figcaption class=\"wp-element-caption\">Beratung<\/figcaption><\/figure>\n\n\n\n<figure class=\"wp-block-image size-large\"><img loading=\"lazy\" decoding=\"async\" width=\"768\" height=\"1024\" data-id=\"418\" src=\"https:\/\/www.moschti.ch\/wp-content\/uploads\/2024\/04\/10-l-Ballonflasche_--768x1024.jpg\" alt=\"\" class=\"wp-image-418\" srcset=\"https:\/\/www.moschti.ch\/wp-content\/uploads\/2024\/04\/10-l-Ballonflasche_--768x1024.jpg 768w, https:\/\/www.moschti.ch\/wp-content\/uploads\/2024\/04\/10-l-Ballonflasche_--225x300.jpg 225w, https:\/\/www.moschti.ch\/wp-content\/uploads\/2024\/04\/10-l-Ballonflasche_--1152x1536.jpg 1152w, https:\/\/www.moschti.ch\/wp-content\/uploads\/2024\/04\/10-l-Ballonflasche_--1536x2048.jpg 1536w, https:\/\/www.moschti.ch\/wp-content\/uploads\/2024\/04\/10-l-Ballonflasche_--scaled.jpg 1920w\" sizes=\"auto, (max-width: 768px) 100vw, 768px\" \/><figcaption class=\"wp-element-caption\">10l Glasflasche<\/figcaption><\/figure>\n\n\n\n<figure class=\"wp-block-image size-large\"><img loading=\"lazy\" decoding=\"async\" width=\"1024\" height=\"768\" data-id=\"421\" src=\"https:\/\/www.moschti.ch\/wp-content\/uploads\/2024\/04\/PET-Flasche-mit-naturtrueb-1024x768.jpg\" alt=\"\" class=\"wp-image-421\" srcset=\"https:\/\/www.moschti.ch\/wp-content\/uploads\/2024\/04\/PET-Flasche-mit-naturtrueb-1024x768.jpg 1024w, https:\/\/www.moschti.ch\/wp-content\/uploads\/2024\/04\/PET-Flasche-mit-naturtrueb-300x225.jpg 300w, https:\/\/www.moschti.ch\/wp-content\/uploads\/2024\/04\/PET-Flasche-mit-naturtrueb-768x576.jpg 768w, https:\/\/www.moschti.ch\/wp-content\/uploads\/2024\/04\/PET-Flasche-mit-naturtrueb-1536x1152.jpg 1536w, https:\/\/www.moschti.ch\/wp-content\/uploads\/2024\/04\/PET-Flasche-mit-naturtrueb-2048x1536.jpg 2048w\" sizes=\"auto, (max-width: 1024px) 100vw, 1024px\" \/><figcaption class=\"wp-element-caption\">PET Flasche natutr\u00fcber Most <\/figcaption><\/figure>\n\n\n\n<figure class=\"wp-block-image size-large\"><img loading=\"lazy\" decoding=\"async\" width=\"768\" height=\"1024\" data-id=\"419\" src=\"https:\/\/www.moschti.ch\/wp-content\/uploads\/2024\/04\/Bag-in-Box-768x1024.jpg\" alt=\"\" class=\"wp-image-419\" srcset=\"https:\/\/www.moschti.ch\/wp-content\/uploads\/2024\/04\/Bag-in-Box-768x1024.jpg 768w, https:\/\/www.moschti.ch\/wp-content\/uploads\/2024\/04\/Bag-in-Box-225x300.jpg 225w, https:\/\/www.moschti.ch\/wp-content\/uploads\/2024\/04\/Bag-in-Box-1152x1536.jpg 1152w, https:\/\/www.moschti.ch\/wp-content\/uploads\/2024\/04\/Bag-in-Box-1536x2048.jpg 1536w, https:\/\/www.moschti.ch\/wp-content\/uploads\/2024\/04\/Bag-in-Box-scaled.jpg 1920w\" sizes=\"auto, (max-width: 768px) 100vw, 768px\" \/><figcaption class=\"wp-element-caption\">Praktische Bag in Box<\/figcaption><\/figure>\n<\/figure>\n\n\n\n<p>Die 10l Glasflasche eignet sich auch bestens f\u00fcr Mischgetr\u00e4nke. <\/p>\n","protected":false},"excerpt":{"rendered":"<p>Sie haben viele \u00c4pfel? Sie haben ein Problem bei der Lagerung? Sie m\u00f6chten etwas spezielles machen mit ihren \u00c4pfeln? Sie m\u00f6chten einen anderen Aperitif anbieten als \u00fcblich?Sie wollen mit ihrem Verein einen interessanten Ausflug machen?Wir haben die L\u00f6sung! Wir beraten Sie individuell und werden so Ihren Anspr\u00fcchen gerecht.TRETEN SIE MIT UNS IN KONTAKT! Die 10l &#8230; <a title=\"Beratung\" class=\"read-more\" href=\"https:\/\/www.moschti.ch\/index.php\/beratung\/\" aria-label=\"Mehr Informationen \u00fcber Beratung\">Weiterlesen<\/a><\/p>\n","protected":false},"author":1,"featured_media":0,"parent":0,"menu_order":0,"comment_status":"closed","ping_status":"closed","template":"","meta":{"_uag_custom_page_level_css":"","pgc_sgb_lightbox_settings":"","_themeisle_gutenberg_block_has_review":false,"footnotes":""},"class_list":["post-64","page","type-page","status-publish"],"yoast_head":"<!-- This site is optimized with the Yoast SEO plugin v22.2 - https:\/\/yoast.com\/wordpress\/plugins\/seo\/ -->\n<title>Beratung - Moschti<\/title>\n<meta name=\"description\" content=\"Wir helfen Ihnen gerne bei Problemen rund um \u00c4pfel, S\u00fcssmost, Lagerung. Nehmen Sie Kontakt mit uns auf.\" \/>\n<meta name=\"robots\" content=\"index, follow, max-snippet:-1, max-image-preview:large, max-video-preview:-1\" \/>\n<link rel=\"canonical\" href=\"https:\/\/www.moschti.ch\/index.php\/beratung\/\" \/>\n<meta property=\"og:locale\" content=\"de_DE\" \/>\n<meta property=\"og:type\" content=\"article\" \/>\n<meta property=\"og:title\" content=\"Beratung - Moschti\" \/>\n<meta property=\"og:description\" content=\"Wir helfen Ihnen gerne bei Problemen rund um \u00c4pfel, S\u00fcssmost, Lagerung. Nehmen Sie Kontakt mit uns auf.\" \/>\n<meta property=\"og:url\" content=\"https:\/\/www.moschti.ch\/index.php\/beratung\/\" \/>\n<meta property=\"og:site_name\" content=\"Moschti\" \/>\n<meta property=\"article:modified_time\" content=\"2024-08-13T17:39:17+00:00\" \/>\n<meta property=\"og:image\" content=\"https:\/\/www.moschti.ch\/wp-content\/uploads\/2024\/04\/Mostpraes.-Kreuz-Egerk-1024x768.jpg\" \/>\n<meta name=\"twitter:card\" content=\"summary_large_image\" \/>\n<meta name=\"twitter:label1\" content=\"Gesch\u00e4tzte Lesezeit\" \/>\n\t<meta name=\"twitter:data1\" content=\"2\u00a0Minuten\" \/>\n<script type=\"application\/ld+json\" class=\"yoast-schema-graph\">{\"@context\":\"https:\/\/schema.org\",\"@graph\":[{\"@type\":\"WebPage\",\"@id\":\"https:\/\/www.moschti.ch\/index.php\/beratung\/\",\"url\":\"https:\/\/www.moschti.ch\/index.php\/beratung\/\",\"name\":\"Beratung - Moschti\",\"isPartOf\":{\"@id\":\"https:\/\/www.moschti.ch\/#website\"},\"primaryImageOfPage\":{\"@id\":\"https:\/\/www.moschti.ch\/index.php\/beratung\/#primaryimage\"},\"image\":{\"@id\":\"https:\/\/www.moschti.ch\/index.php\/beratung\/#primaryimage\"},\"thumbnailUrl\":\"https:\/\/www.moschti.ch\/wp-content\/uploads\/2024\/04\/Mostpraes.-Kreuz-Egerk-1024x768.jpg\",\"datePublished\":\"2024-03-11T13:42:32+00:00\",\"dateModified\":\"2024-08-13T17:39:17+00:00\",\"description\":\"Wir helfen Ihnen gerne bei Problemen rund um \u00c4pfel, S\u00fcssmost, Lagerung. Nehmen Sie Kontakt mit uns auf.\",\"inLanguage\":\"de\",\"potentialAction\":[{\"@type\":\"ReadAction\",\"target\":[\"https:\/\/www.moschti.ch\/index.php\/beratung\/\"]}]},{\"@type\":\"ImageObject\",\"inLanguage\":\"de\",\"@id\":\"https:\/\/www.moschti.ch\/index.php\/beratung\/#primaryimage\",\"url\":\"https:\/\/www.moschti.ch\/wp-content\/uploads\/2024\/04\/Mostpraes.-Kreuz-Egerk-scaled.jpg\",\"contentUrl\":\"https:\/\/www.moschti.ch\/wp-content\/uploads\/2024\/04\/Mostpraes.-Kreuz-Egerk-scaled.jpg\",\"width\":2560,\"height\":1920,\"caption\":\"Beratung\"},{\"@type\":\"WebSite\",\"@id\":\"https:\/\/www.moschti.ch\/#website\",\"url\":\"https:\/\/www.moschti.ch\/\",\"name\":\"Moschti\",\"description\":\"\",\"publisher\":{\"@id\":\"https:\/\/www.moschti.ch\/#organization\"},\"potentialAction\":[{\"@type\":\"SearchAction\",\"target\":{\"@type\":\"EntryPoint\",\"urlTemplate\":\"https:\/\/www.moschti.ch\/?s={search_term_string}\"},\"query-input\":\"required name=search_term_string\"}],\"inLanguage\":\"de\"},{\"@type\":\"Organization\",\"@id\":\"https:\/\/www.moschti.ch\/#organization\",\"name\":\"Moschti\",\"url\":\"https:\/\/www.moschti.ch\/\",\"logo\":{\"@type\":\"ImageObject\",\"inLanguage\":\"de\",\"@id\":\"https:\/\/www.moschti.ch\/#\/schema\/logo\/image\/\",\"url\":\"https:\/\/www.moschti.ch\/wp-content\/uploads\/2024\/03\/banner.jpg\",\"contentUrl\":\"https:\/\/www.moschti.ch\/wp-content\/uploads\/2024\/03\/banner.jpg\",\"width\":1000,\"height\":140,\"caption\":\"Moschti\"},\"image\":{\"@id\":\"https:\/\/www.moschti.ch\/#\/schema\/logo\/image\/\"}}]}<\/script>\n<!-- \/ Yoast SEO plugin. -->","yoast_head_json":{"title":"Beratung - Moschti","description":"Wir helfen Ihnen gerne bei Problemen rund um \u00c4pfel, S\u00fcssmost, Lagerung. Nehmen Sie Kontakt mit uns auf.","robots":{"index":"index","follow":"follow","max-snippet":"max-snippet:-1","max-image-preview":"max-image-preview:large","max-video-preview":"max-video-preview:-1"},"canonical":"https:\/\/www.moschti.ch\/index.php\/beratung\/","og_locale":"de_DE","og_type":"article","og_title":"Beratung - Moschti","og_description":"Wir helfen Ihnen gerne bei Problemen rund um \u00c4pfel, S\u00fcssmost, Lagerung. Nehmen Sie Kontakt mit uns auf.","og_url":"https:\/\/www.moschti.ch\/index.php\/beratung\/","og_site_name":"Moschti","article_modified_time":"2024-08-13T17:39:17+00:00","og_image":[{"url":"https:\/\/www.moschti.ch\/wp-content\/uploads\/2024\/04\/Mostpraes.-Kreuz-Egerk-1024x768.jpg"}],"twitter_card":"summary_large_image","twitter_misc":{"Gesch\u00e4tzte Lesezeit":"2\u00a0Minuten"},"schema":{"@context":"https:\/\/schema.org","@graph":[{"@type":"WebPage","@id":"https:\/\/www.moschti.ch\/index.php\/beratung\/","url":"https:\/\/www.moschti.ch\/index.php\/beratung\/","name":"Beratung - Moschti","isPartOf":{"@id":"https:\/\/www.moschti.ch\/#website"},"primaryImageOfPage":{"@id":"https:\/\/www.moschti.ch\/index.php\/beratung\/#primaryimage"},"image":{"@id":"https:\/\/www.moschti.ch\/index.php\/beratung\/#primaryimage"},"thumbnailUrl":"https:\/\/www.moschti.ch\/wp-content\/uploads\/2024\/04\/Mostpraes.-Kreuz-Egerk-1024x768.jpg","datePublished":"2024-03-11T13:42:32+00:00","dateModified":"2024-08-13T17:39:17+00:00","description":"Wir helfen Ihnen gerne bei Problemen rund um \u00c4pfel, S\u00fcssmost, Lagerung. Nehmen Sie Kontakt mit uns auf.","inLanguage":"de","potentialAction":[{"@type":"ReadAction","target":["https:\/\/www.moschti.ch\/index.php\/beratung\/"]}]},{"@type":"ImageObject","inLanguage":"de","@id":"https:\/\/www.moschti.ch\/index.php\/beratung\/#primaryimage","url":"https:\/\/www.moschti.ch\/wp-content\/uploads\/2024\/04\/Mostpraes.-Kreuz-Egerk-scaled.jpg","contentUrl":"https:\/\/www.moschti.ch\/wp-content\/uploads\/2024\/04\/Mostpraes.-Kreuz-Egerk-scaled.jpg","width":2560,"height":1920,"caption":"Beratung"},{"@type":"WebSite","@id":"https:\/\/www.moschti.ch\/#website","url":"https:\/\/www.moschti.ch\/","name":"Moschti","description":"","publisher":{"@id":"https:\/\/www.moschti.ch\/#organization"},"potentialAction":[{"@type":"SearchAction","target":{"@type":"EntryPoint","urlTemplate":"https:\/\/www.moschti.ch\/?s={search_term_string}"},"query-input":"required name=search_term_string"}],"inLanguage":"de"},{"@type":"Organization","@id":"https:\/\/www.moschti.ch\/#organization","name":"Moschti","url":"https:\/\/www.moschti.ch\/","logo":{"@type":"ImageObject","inLanguage":"de","@id":"https:\/\/www.moschti.ch\/#\/schema\/logo\/image\/","url":"https:\/\/www.moschti.ch\/wp-content\/uploads\/2024\/03\/banner.jpg","contentUrl":"https:\/\/www.moschti.ch\/wp-content\/uploads\/2024\/03\/banner.jpg","width":1000,"height":140,"caption":"Moschti"},"image":{"@id":"https:\/\/www.moschti.ch\/#\/schema\/logo\/image\/"}}]}},"uagb_featured_image_src":{"full":false,"thumbnail":false,"medium":false,"medium_large":false,"large":false,"1536x1536":false,"2048x2048":false},"uagb_author_info":{"display_name":"admin","author_link":"https:\/\/www.moschti.ch\/index.php\/author\/sysadmin\/"},"uagb_comment_info":0,"uagb_excerpt":"Sie haben viele \u00c4pfel? Sie haben ein Problem bei der Lagerung? Sie m\u00f6chten etwas spezielles machen mit ihren \u00c4pfeln? Sie m\u00f6chten einen anderen Aperitif anbieten als \u00fcblich?Sie wollen mit ihrem Verein einen interessanten Ausflug machen?Wir haben die L\u00f6sung! Wir beraten Sie individuell und werden so Ihren Anspr\u00fcchen gerecht.TRETEN SIE MIT UNS IN KONTAKT! Die 10l&hellip;","_links":{"self":[{"href":"https:\/\/www.moschti.ch\/index.php\/wp-json\/wp\/v2\/pages\/64","targetHints":{"allow":["GET"]}}],"collection":[{"href":"https:\/\/www.moschti.ch\/index.php\/wp-json\/wp\/v2\/pages"}],"about":[{"href":"https:\/\/www.moschti.ch\/index.php\/wp-json\/wp\/v2\/types\/page"}],"author":[{"embeddable":true,"href":"https:\/\/www.moschti.ch\/index.php\/wp-json\/wp\/v2\/users\/1"}],"replies":[{"embeddable":true,"href":"https:\/\/www.moschti.ch\/index.php\/wp-json\/wp\/v2\/comments?post=64"}],"version-history":[{"count":5,"href":"https:\/\/www.moschti.ch\/index.php\/wp-json\/wp\/v2\/pages\/64\/revisions"}],"predecessor-version":[{"id":872,"href":"https:\/\/www.moschti.ch\/index.php\/wp-json\/wp\/v2\/pages\/64\/revisions\/872"}],"wp:attachment":[{"href":"https:\/\/www.moschti.ch\/index.php\/wp-json\/wp\/v2\/media?parent=64"}],"curies":[{"name":"wp","href":"https:\/\/api.w.org\/{rel}","templated":true}]}}