{"id":62,"date":"2024-03-11T13:41:18","date_gmt":"2024-03-11T13:41:18","guid":{"rendered":"https:\/\/www.moschti.ch\/?page_id=62"},"modified":"2024-08-27T13:47:48","modified_gmt":"2024-08-27T13:47:48","slug":"verkauf","status":"publish","type":"page","link":"https:\/\/www.moschti.ch\/index.php\/verkauf\/","title":{"rendered":"Verkauf"},"content":{"rendered":"\n<p><mark style=\"background-color:rgba(0, 0, 0, 0)\" class=\"has-inline-color has-contrast-color\"><strong>Preise unserer Produkte<\/strong><\/mark><\/p>\n\n\n\n<figure class=\"wp-block-table\"><table class=\"has-fixed-layout\"><tbody><tr><td>S\u00fcssmost ab Presse 1,5 l PET Flasche, mit PET Flasche von uns<br>w\u00e4hrend der Mostsaison<\/td><td>Fr. 2.50 \/ 3.-<\/td><\/tr><tr><td>S\u00fcssmost Bag in Box, 5l<\/td><td>Fr. 12.-<\/td><\/tr><tr><td>S\u00fcssmost Bag in Box 10l<\/td><td>Fr. 22.-<\/td><\/tr><tr><td>Sortenreiner S\u00fcssmost je nach vorhandener Apfelsorten 5l<\/td><td>Fr. 12.-<\/td><\/tr><tr><td>Solothurner Apfelessig 1l<\/td><td>Fr. 4.-<\/td><\/tr><tr><td>Solothurner Apfelessig 0,5l<\/td><td>Fr. 3.-<\/td><\/tr><tr><td>Solothurner Apfelessig 1l 12er Karton <\/td><td>Fr. 40.-<\/td><\/tr><tr><td>Apfelschaumwein 7,5 dl <\/td><td>Fr. 18.-<\/td><\/tr><tr><td>Apfelschaumwein 6er Karton <\/td><td>Fr. 100.-<\/td><\/tr><tr><td>Geschenkpackung 1 Flasche mit 2 Gl\u00e4sern<\/td><td>Fr. 40.-<\/td><\/tr><\/tbody><\/table><\/figure>\n\n\n\n<p><strong><mark style=\"background-color:rgba(0, 0, 0, 0)\" class=\"has-inline-color has-contrast-color\">Tarife Verarbeitung<\/mark><\/strong><\/p>\n\n\n\n<figure class=\"wp-block-table\"><table class=\"has-fixed-layout\"><tbody><tr><td>Pressen per Liter, \u00c4pfel, Birnen, Quitten<\/td><td>Fr. -.50<\/td><\/tr><tr><td>Bis 25 Liter pauschal<\/td><td>Fr. 15.-<\/td><\/tr><tr><td>Pasteurisieren per Liter<\/td><td>Fr. -.60<\/td><\/tr><tr><td>Bag in Box 5l (pressen, pasteurisieren und Box)<\/td><td>Fr. 9.-<\/td><\/tr><tr><td>Bag in Box 10l (pressen, pasteurisieren und Box)<\/td><td>Fr. 16.-<\/td><\/tr><tr><td><strong>Trauben: Die Verarbeitung von Trauben ist viel aufw\u00e4ndiger als \u00c4pfel. <br>Daher die h\u00f6heren Preise.<\/strong><\/td><td><\/td><\/tr><tr><td>Pressen Trauben per Liter<\/td><td>Fr. 1.-<\/td><\/tr><tr><td>Pasteurisieren per Liter<\/td><td>Fr. 1.20<\/td><\/tr><tr><td>Bag in Box 5l Traubensaft (pressen, pasteurisieren und Box)<\/td><td>Fr. 13.-<\/td><\/tr><tr><td><strong>Arbeiten<\/strong><\/td><td><\/td><\/tr><tr><td>Schl\u00fcchli ersetzen an 25er Ballonflasche<\/td><td>Fr. 10.-<\/td><\/tr><tr><td>Nippeldichtungen auswechseln<\/td><td>Fr. 10.-<\/td><\/tr><tr><td>Reinigung Ballonflasche<\/td><td>Fr. 10.-<\/td><\/tr><tr><td><strong>Material<\/strong><\/td><td><\/td><\/tr><tr><td>Glaskugeln<\/td><td>Fr. -50<\/td><\/tr><tr><td>Bag in Box 5l mit Beutel<\/td><td>Fr. 3.-<\/td><\/tr><tr><td>Bag in Box 10l mit Beutel<\/td><td>Fr. 4.-<\/td><\/tr><tr><td>Zapfen gross f\u00fcr 25er Ballonflasche<\/td><td>Fr. 5.-<\/td><\/tr><tr><td>Z\u00e4pfli klein 157\/158<\/td><td>Fr. 1.-<\/td><\/tr><tr><td>Z\u00e4pfli mittel<\/td><td>Fr. 2.-<\/td><\/tr><tr><td>Weitere Arbeiten und Material nach Aufwand<\/td><td><\/td><\/tr><\/tbody><\/table><\/figure>\n","protected":false},"excerpt":{"rendered":"<p>Preise unserer Produkte S\u00fcssmost ab Presse 1,5 l PET Flasche, mit PET Flasche von unsw\u00e4hrend der Mostsaison Fr. 2.50 \/ 3.- S\u00fcssmost Bag in Box, 5l Fr. 12.- S\u00fcssmost Bag in Box 10l Fr. 22.- Sortenreiner S\u00fcssmost je nach vorhandener Apfelsorten 5l Fr. 12.- Solothurner Apfelessig 1l Fr. 4.- Solothurner Apfelessig 0,5l Fr. 3.- Solothurner &#8230; <a title=\"Verkauf\" class=\"read-more\" href=\"https:\/\/www.moschti.ch\/index.php\/verkauf\/\" aria-label=\"Mehr Informationen \u00fcber Verkauf\">Weiterlesen<\/a><\/p>\n","protected":false},"author":1,"featured_media":0,"parent":0,"menu_order":0,"comment_status":"closed","ping_status":"closed","template":"","meta":{"_uag_custom_page_level_css":"","pgc_sgb_lightbox_settings":"","_themeisle_gutenberg_block_has_review":false,"footnotes":""},"class_list":["post-62","page","type-page","status-publish"],"yoast_head":"<!-- This site is optimized with the Yoast SEO plugin v22.2 - https:\/\/yoast.com\/wordpress\/plugins\/seo\/ -->\n<title>Verkauf - Moschti<\/title>\n<meta name=\"robots\" content=\"index, follow, max-snippet:-1, max-image-preview:large, max-video-preview:-1\" \/>\n<link rel=\"canonical\" href=\"https:\/\/www.moschti.ch\/index.php\/verkauf\/\" \/>\n<meta property=\"og:locale\" content=\"de_DE\" \/>\n<meta property=\"og:type\" content=\"article\" \/>\n<meta property=\"og:title\" content=\"Verkauf - Moschti\" \/>\n<meta property=\"og:description\" content=\"Preise unserer Produkte S\u00fcssmost ab Presse 1,5 l PET Flasche, mit PET Flasche von unsw\u00e4hrend der Mostsaison Fr. 2.50 \/ 3.- S\u00fcssmost Bag in Box, 5l Fr. 12.- S\u00fcssmost Bag in Box 10l Fr. 22.- Sortenreiner S\u00fcssmost je nach vorhandener Apfelsorten 5l Fr. 12.- Solothurner Apfelessig 1l Fr. 4.- Solothurner Apfelessig 0,5l Fr. 3.- Solothurner ... Weiterlesen\" \/>\n<meta property=\"og:url\" content=\"https:\/\/www.moschti.ch\/index.php\/verkauf\/\" \/>\n<meta property=\"og:site_name\" content=\"Moschti\" \/>\n<meta property=\"article:modified_time\" content=\"2024-08-27T13:47:48+00:00\" \/>\n<meta name=\"twitter:card\" content=\"summary_large_image\" \/>\n<meta name=\"twitter:label1\" content=\"Gesch\u00e4tzte Lesezeit\" \/>\n\t<meta name=\"twitter:data1\" content=\"2\u00a0Minuten\" \/>\n<script type=\"application\/ld+json\" class=\"yoast-schema-graph\">{\"@context\":\"https:\/\/schema.org\",\"@graph\":[{\"@type\":\"WebPage\",\"@id\":\"https:\/\/www.moschti.ch\/index.php\/verkauf\/\",\"url\":\"https:\/\/www.moschti.ch\/index.php\/verkauf\/\",\"name\":\"Verkauf - Moschti\",\"isPartOf\":{\"@id\":\"https:\/\/www.moschti.ch\/#website\"},\"datePublished\":\"2024-03-11T13:41:18+00:00\",\"dateModified\":\"2024-08-27T13:47:48+00:00\",\"inLanguage\":\"de\",\"potentialAction\":[{\"@type\":\"ReadAction\",\"target\":[\"https:\/\/www.moschti.ch\/index.php\/verkauf\/\"]}]},{\"@type\":\"WebSite\",\"@id\":\"https:\/\/www.moschti.ch\/#website\",\"url\":\"https:\/\/www.moschti.ch\/\",\"name\":\"Moschti\",\"description\":\"\",\"publisher\":{\"@id\":\"https:\/\/www.moschti.ch\/#organization\"},\"potentialAction\":[{\"@type\":\"SearchAction\",\"target\":{\"@type\":\"EntryPoint\",\"urlTemplate\":\"https:\/\/www.moschti.ch\/?s={search_term_string}\"},\"query-input\":\"required name=search_term_string\"}],\"inLanguage\":\"de\"},{\"@type\":\"Organization\",\"@id\":\"https:\/\/www.moschti.ch\/#organization\",\"name\":\"Moschti\",\"url\":\"https:\/\/www.moschti.ch\/\",\"logo\":{\"@type\":\"ImageObject\",\"inLanguage\":\"de\",\"@id\":\"https:\/\/www.moschti.ch\/#\/schema\/logo\/image\/\",\"url\":\"https:\/\/www.moschti.ch\/wp-content\/uploads\/2024\/03\/banner.jpg\",\"contentUrl\":\"https:\/\/www.moschti.ch\/wp-content\/uploads\/2024\/03\/banner.jpg\",\"width\":1000,\"height\":140,\"caption\":\"Moschti\"},\"image\":{\"@id\":\"https:\/\/www.moschti.ch\/#\/schema\/logo\/image\/\"}}]}<\/script>\n<!-- \/ Yoast SEO plugin. -->","yoast_head_json":{"title":"Verkauf - Moschti","robots":{"index":"index","follow":"follow","max-snippet":"max-snippet:-1","max-image-preview":"max-image-preview:large","max-video-preview":"max-video-preview:-1"},"canonical":"https:\/\/www.moschti.ch\/index.php\/verkauf\/","og_locale":"de_DE","og_type":"article","og_title":"Verkauf - Moschti","og_description":"Preise unserer Produkte S\u00fcssmost ab Presse 1,5 l PET Flasche, mit PET Flasche von unsw\u00e4hrend der Mostsaison Fr. 2.50 \/ 3.- S\u00fcssmost Bag in Box, 5l Fr. 12.- S\u00fcssmost Bag in Box 10l Fr. 22.- Sortenreiner S\u00fcssmost je nach vorhandener Apfelsorten 5l Fr. 12.- Solothurner Apfelessig 1l Fr. 4.- Solothurner Apfelessig 0,5l Fr. 3.- Solothurner ... Weiterlesen","og_url":"https:\/\/www.moschti.ch\/index.php\/verkauf\/","og_site_name":"Moschti","article_modified_time":"2024-08-27T13:47:48+00:00","twitter_card":"summary_large_image","twitter_misc":{"Gesch\u00e4tzte Lesezeit":"2\u00a0Minuten"},"schema":{"@context":"https:\/\/schema.org","@graph":[{"@type":"WebPage","@id":"https:\/\/www.moschti.ch\/index.php\/verkauf\/","url":"https:\/\/www.moschti.ch\/index.php\/verkauf\/","name":"Verkauf - Moschti","isPartOf":{"@id":"https:\/\/www.moschti.ch\/#website"},"datePublished":"2024-03-11T13:41:18+00:00","dateModified":"2024-08-27T13:47:48+00:00","inLanguage":"de","potentialAction":[{"@type":"ReadAction","target":["https:\/\/www.moschti.ch\/index.php\/verkauf\/"]}]},{"@type":"WebSite","@id":"https:\/\/www.moschti.ch\/#website","url":"https:\/\/www.moschti.ch\/","name":"Moschti","description":"","publisher":{"@id":"https:\/\/www.moschti.ch\/#organization"},"potentialAction":[{"@type":"SearchAction","target":{"@type":"EntryPoint","urlTemplate":"https:\/\/www.moschti.ch\/?s={search_term_string}"},"query-input":"required name=search_term_string"}],"inLanguage":"de"},{"@type":"Organization","@id":"https:\/\/www.moschti.ch\/#organization","name":"Moschti","url":"https:\/\/www.moschti.ch\/","logo":{"@type":"ImageObject","inLanguage":"de","@id":"https:\/\/www.moschti.ch\/#\/schema\/logo\/image\/","url":"https:\/\/www.moschti.ch\/wp-content\/uploads\/2024\/03\/banner.jpg","contentUrl":"https:\/\/www.moschti.ch\/wp-content\/uploads\/2024\/03\/banner.jpg","width":1000,"height":140,"caption":"Moschti"},"image":{"@id":"https:\/\/www.moschti.ch\/#\/schema\/logo\/image\/"}}]}},"uagb_featured_image_src":{"full":false,"thumbnail":false,"medium":false,"medium_large":false,"large":false,"1536x1536":false,"2048x2048":false},"uagb_author_info":{"display_name":"admin","author_link":"https:\/\/www.moschti.ch\/index.php\/author\/sysadmin\/"},"uagb_comment_info":0,"uagb_excerpt":"Preise unserer Produkte S\u00fcssmost ab Presse 1,5 l PET Flasche, mit PET Flasche von unsw\u00e4hrend der Mostsaison Fr. 2.50 \/ 3.- S\u00fcssmost Bag in Box, 5l Fr. 12.- S\u00fcssmost Bag in Box 10l Fr. 22.- Sortenreiner S\u00fcssmost je nach vorhandener Apfelsorten 5l Fr. 12.- Solothurner Apfelessig 1l Fr. 4.- Solothurner Apfelessig 0,5l Fr. 3.- Solothurner&hellip;","_links":{"self":[{"href":"https:\/\/www.moschti.ch\/index.php\/wp-json\/wp\/v2\/pages\/62","targetHints":{"allow":["GET"]}}],"collection":[{"href":"https:\/\/www.moschti.ch\/index.php\/wp-json\/wp\/v2\/pages"}],"about":[{"href":"https:\/\/www.moschti.ch\/index.php\/wp-json\/wp\/v2\/types\/page"}],"author":[{"embeddable":true,"href":"https:\/\/www.moschti.ch\/index.php\/wp-json\/wp\/v2\/users\/1"}],"replies":[{"embeddable":true,"href":"https:\/\/www.moschti.ch\/index.php\/wp-json\/wp\/v2\/comments?post=62"}],"version-history":[{"count":7,"href":"https:\/\/www.moschti.ch\/index.php\/wp-json\/wp\/v2\/pages\/62\/revisions"}],"predecessor-version":[{"id":958,"href":"https:\/\/www.moschti.ch\/index.php\/wp-json\/wp\/v2\/pages\/62\/revisions\/958"}],"wp:attachment":[{"href":"https:\/\/www.moschti.ch\/index.php\/wp-json\/wp\/v2\/media?parent=62"}],"curies":[{"name":"wp","href":"https:\/\/api.w.org\/{rel}","templated":true}]}}