{"id":60,"date":"2024-03-11T13:41:07","date_gmt":"2024-03-11T13:41:07","guid":{"rendered":"https:\/\/www.moschti.ch\/?page_id=60"},"modified":"2024-08-13T17:30:25","modified_gmt":"2024-08-13T17:30:25","slug":"apfelschaumwein","status":"publish","type":"page","link":"https:\/\/www.moschti.ch\/index.php\/apfelschaumwein\/","title":{"rendered":"Apfelschaumwein"},"content":{"rendered":"\n<p>Exklusives Apfelsaftgetr\u00e4nk von ausgew\u00e4hlten, sonnengereiften Apfelsorten. Sorgf\u00e4ltig gepfl\u00fcckt ab Hochstammb\u00e4umen, welche das Ortsbild in und um H\u00fcniken pr\u00e4gen. S\u00e4urereiche Apfelsorten mit gen\u00fcgend \u00d6chslegraden, im optimalen Reifestadium geerntet, ergeben das aromatische und im Geschmack besondere Getr\u00e4nk. Das Abpressen und die Saftbehandlung erfolgt im Mostzentrum H\u00fcniken. Anschliessend geht der Saft in die Weinkellerei Gasser. Dort sind das n\u00f6tige Wissen und vor allem die technischen Einrichtungen f\u00fcr die Herstellung optimal vorhanden. <br>F\u00fcr Anl\u00e4sse ist der Apfelschaumwein ein spezielles Ap\u00e9ro Getr\u00e4nk. Der niedrige Alkoholgehalt ist in der heutigen, motorisierten Zeit eine nicht zu untersch\u00e4tzende Eigenschaft. Wer den Ap\u00e9ro gerne etwas s\u00fcsser hat, gibt einen Schuss Holunderbl\u00fcten-Saft hinzu und schon man hat einen &#8222;Hugo&#8220;.<br>In Hofl\u00e4den, der Landi oder bei uns steht er zum Verkauf. Eine attraktive Geschenkpackung ist bei uns ebenfalls erh\u00e4ltlich. <a href=\"https:\/\/www.moschti.ch\/index.php\/verkauf\/\">Verkauf<\/a><\/p>\n\n\n\n<div class=\"wp-block-columns is-layout-flex wp-container-core-columns-is-layout-9d6595d7 wp-block-columns-is-layout-flex\">\n<div class=\"wp-block-column is-layout-flow wp-block-column-is-layout-flow\" style=\"flex-basis:25%\">\n<figure class=\"wp-block-image size-large is-resized is-style-default\"><img loading=\"lazy\" decoding=\"async\" width=\"408\" height=\"1024\" src=\"https:\/\/www.moschti.ch\/wp-content\/uploads\/2024\/04\/Apfelschaumwein-1-Fl-408x1024.jpg\" alt=\"\" class=\"wp-image-440\" style=\"width:auto;height:600px\" srcset=\"https:\/\/www.moschti.ch\/wp-content\/uploads\/2024\/04\/Apfelschaumwein-1-Fl-408x1024.jpg 408w, https:\/\/www.moschti.ch\/wp-content\/uploads\/2024\/04\/Apfelschaumwein-1-Fl-119x300.jpg 119w, https:\/\/www.moschti.ch\/wp-content\/uploads\/2024\/04\/Apfelschaumwein-1-Fl-768x1930.jpg 768w, https:\/\/www.moschti.ch\/wp-content\/uploads\/2024\/04\/Apfelschaumwein-1-Fl-815x2048.jpg 815w, https:\/\/www.moschti.ch\/wp-content\/uploads\/2024\/04\/Apfelschaumwein-1-Fl.jpg 960w\" sizes=\"auto, (max-width: 408px) 100vw, 408px\" \/><figcaption class=\"wp-element-caption\">Apfelschaumwein 1 Fl.<\/figcaption><\/figure>\n<\/div>\n\n\n\n<div class=\"wp-block-column is-layout-flow wp-block-column-is-layout-flow\" style=\"flex-basis:50%\">\n<figure class=\"wp-block-image size-large is-resized\"><img loading=\"lazy\" decoding=\"async\" width=\"933\" height=\"1024\" src=\"https:\/\/www.moschti.ch\/wp-content\/uploads\/2024\/04\/Apfelschaumwein-3er-933x1024.jpg\" alt=\"\" class=\"wp-image-438\" style=\"width:auto;height:600px\" srcset=\"https:\/\/www.moschti.ch\/wp-content\/uploads\/2024\/04\/Apfelschaumwein-3er-933x1024.jpg 933w, https:\/\/www.moschti.ch\/wp-content\/uploads\/2024\/04\/Apfelschaumwein-3er-273x300.jpg 273w, https:\/\/www.moschti.ch\/wp-content\/uploads\/2024\/04\/Apfelschaumwein-3er-768x843.jpg 768w, https:\/\/www.moschti.ch\/wp-content\/uploads\/2024\/04\/Apfelschaumwein-3er-1399x1536.jpg 1399w, https:\/\/www.moschti.ch\/wp-content\/uploads\/2024\/04\/Apfelschaumwein-3er.jpg 1716w\" sizes=\"auto, (max-width: 933px) 100vw, 933px\" \/><figcaption class=\"wp-element-caption\">Apfelschaumwein 3er<\/figcaption><\/figure>\n<\/div>\n\n\n\n<div class=\"wp-block-column is-layout-flow wp-block-column-is-layout-flow\" style=\"flex-basis:25%\">\n<figure class=\"wp-block-image size-large is-resized\"><img loading=\"lazy\" decoding=\"async\" width=\"723\" height=\"1024\" src=\"https:\/\/www.moschti.ch\/wp-content\/uploads\/2024\/04\/Geschenkpackung-723x1024.jpg\" alt=\"\" class=\"wp-image-439\" style=\"width:auto;height:600px\" srcset=\"https:\/\/www.moschti.ch\/wp-content\/uploads\/2024\/04\/Geschenkpackung-723x1024.jpg 723w, https:\/\/www.moschti.ch\/wp-content\/uploads\/2024\/04\/Geschenkpackung-212x300.jpg 212w, https:\/\/www.moschti.ch\/wp-content\/uploads\/2024\/04\/Geschenkpackung-768x1088.jpg 768w, https:\/\/www.moschti.ch\/wp-content\/uploads\/2024\/04\/Geschenkpackung-1084x1536.jpg 1084w, https:\/\/www.moschti.ch\/wp-content\/uploads\/2024\/04\/Geschenkpackung.jpg 1245w\" sizes=\"auto, (max-width: 723px) 100vw, 723px\" \/><figcaption class=\"wp-element-caption\">Geschenkpackung<\/figcaption><\/figure>\n<\/div>\n<\/div>\n","protected":false},"excerpt":{"rendered":"<p>Exklusives Apfelsaftgetr\u00e4nk von ausgew\u00e4hlten, sonnengereiften Apfelsorten. Sorgf\u00e4ltig gepfl\u00fcckt ab Hochstammb\u00e4umen, welche das Ortsbild in und um H\u00fcniken pr\u00e4gen. S\u00e4urereiche Apfelsorten mit gen\u00fcgend \u00d6chslegraden, im optimalen Reifestadium geerntet, ergeben das aromatische und im Geschmack besondere Getr\u00e4nk. Das Abpressen und die Saftbehandlung erfolgt im Mostzentrum H\u00fcniken. Anschliessend geht der Saft in die Weinkellerei Gasser. Dort sind das &#8230; <a title=\"Apfelschaumwein\" class=\"read-more\" href=\"https:\/\/www.moschti.ch\/index.php\/apfelschaumwein\/\" aria-label=\"Mehr Informationen \u00fcber Apfelschaumwein\">Weiterlesen<\/a><\/p>\n","protected":false},"author":1,"featured_media":0,"parent":0,"menu_order":0,"comment_status":"closed","ping_status":"closed","template":"","meta":{"_uag_custom_page_level_css":"","pgc_sgb_lightbox_settings":"","_themeisle_gutenberg_block_has_review":false,"footnotes":""},"class_list":["post-60","page","type-page","status-publish"],"yoast_head":"<!-- This site is optimized with the Yoast SEO plugin v22.2 - https:\/\/yoast.com\/wordpress\/plugins\/seo\/ -->\n<title>Apfelschaumwein - Moschti<\/title>\n<meta name=\"description\" content=\"Darf es einmal etwas spezielles sein? Der Apfelschaumwein ist so ein Getr\u00e4nk. Geeignet zum Ap\u00e9ro anstelle von Sekt oder Wein. Mit einem Schuss Holundersirup wird er zu beliebten &quot;Hugo&quot;\" \/>\n<meta name=\"robots\" content=\"index, follow, max-snippet:-1, max-image-preview:large, max-video-preview:-1\" \/>\n<link rel=\"canonical\" href=\"https:\/\/www.moschti.ch\/index.php\/apfelschaumwein\/\" \/>\n<meta property=\"og:locale\" content=\"de_DE\" \/>\n<meta property=\"og:type\" content=\"article\" \/>\n<meta property=\"og:title\" content=\"Apfelschaumwein - Moschti\" \/>\n<meta property=\"og:description\" content=\"Darf es einmal etwas spezielles sein? Der Apfelschaumwein ist so ein Getr\u00e4nk. Geeignet zum Ap\u00e9ro anstelle von Sekt oder Wein. Mit einem Schuss Holundersirup wird er zu beliebten &quot;Hugo&quot;\" \/>\n<meta property=\"og:url\" content=\"https:\/\/www.moschti.ch\/index.php\/apfelschaumwein\/\" \/>\n<meta property=\"og:site_name\" content=\"Moschti\" \/>\n<meta property=\"article:modified_time\" content=\"2024-08-13T17:30:25+00:00\" \/>\n<meta property=\"og:image\" content=\"https:\/\/www.moschti.ch\/wp-content\/uploads\/2024\/04\/Apfelschaumwein-1-Fl-408x1024.jpg\" \/>\n<meta name=\"twitter:card\" content=\"summary_large_image\" \/>\n<meta name=\"twitter:label1\" content=\"Gesch\u00e4tzte Lesezeit\" \/>\n\t<meta name=\"twitter:data1\" content=\"2\u00a0Minuten\" \/>\n<script type=\"application\/ld+json\" class=\"yoast-schema-graph\">{\"@context\":\"https:\/\/schema.org\",\"@graph\":[{\"@type\":\"WebPage\",\"@id\":\"https:\/\/www.moschti.ch\/index.php\/apfelschaumwein\/\",\"url\":\"https:\/\/www.moschti.ch\/index.php\/apfelschaumwein\/\",\"name\":\"Apfelschaumwein - Moschti\",\"isPartOf\":{\"@id\":\"https:\/\/www.moschti.ch\/#website\"},\"primaryImageOfPage\":{\"@id\":\"https:\/\/www.moschti.ch\/index.php\/apfelschaumwein\/#primaryimage\"},\"image\":{\"@id\":\"https:\/\/www.moschti.ch\/index.php\/apfelschaumwein\/#primaryimage\"},\"thumbnailUrl\":\"https:\/\/www.moschti.ch\/wp-content\/uploads\/2024\/04\/Apfelschaumwein-1-Fl-408x1024.jpg\",\"datePublished\":\"2024-03-11T13:41:07+00:00\",\"dateModified\":\"2024-08-13T17:30:25+00:00\",\"description\":\"Darf es einmal etwas spezielles sein? Der Apfelschaumwein ist so ein Getr\u00e4nk. Geeignet zum Ap\u00e9ro anstelle von Sekt oder Wein. Mit einem Schuss Holundersirup wird er zu beliebten \\\"Hugo\\\"\",\"inLanguage\":\"de\",\"potentialAction\":[{\"@type\":\"ReadAction\",\"target\":[\"https:\/\/www.moschti.ch\/index.php\/apfelschaumwein\/\"]}]},{\"@type\":\"ImageObject\",\"inLanguage\":\"de\",\"@id\":\"https:\/\/www.moschti.ch\/index.php\/apfelschaumwein\/#primaryimage\",\"url\":\"https:\/\/www.moschti.ch\/wp-content\/uploads\/2024\/04\/Apfelschaumwein-1-Fl.jpg\",\"contentUrl\":\"https:\/\/www.moschti.ch\/wp-content\/uploads\/2024\/04\/Apfelschaumwein-1-Fl.jpg\",\"width\":960,\"height\":2412,\"caption\":\"Apfelschaumwein 1 Fl.\"},{\"@type\":\"WebSite\",\"@id\":\"https:\/\/www.moschti.ch\/#website\",\"url\":\"https:\/\/www.moschti.ch\/\",\"name\":\"Moschti\",\"description\":\"\",\"publisher\":{\"@id\":\"https:\/\/www.moschti.ch\/#organization\"},\"potentialAction\":[{\"@type\":\"SearchAction\",\"target\":{\"@type\":\"EntryPoint\",\"urlTemplate\":\"https:\/\/www.moschti.ch\/?s={search_term_string}\"},\"query-input\":\"required name=search_term_string\"}],\"inLanguage\":\"de\"},{\"@type\":\"Organization\",\"@id\":\"https:\/\/www.moschti.ch\/#organization\",\"name\":\"Moschti\",\"url\":\"https:\/\/www.moschti.ch\/\",\"logo\":{\"@type\":\"ImageObject\",\"inLanguage\":\"de\",\"@id\":\"https:\/\/www.moschti.ch\/#\/schema\/logo\/image\/\",\"url\":\"https:\/\/www.moschti.ch\/wp-content\/uploads\/2024\/03\/banner.jpg\",\"contentUrl\":\"https:\/\/www.moschti.ch\/wp-content\/uploads\/2024\/03\/banner.jpg\",\"width\":1000,\"height\":140,\"caption\":\"Moschti\"},\"image\":{\"@id\":\"https:\/\/www.moschti.ch\/#\/schema\/logo\/image\/\"}}]}<\/script>\n<!-- \/ Yoast SEO plugin. -->","yoast_head_json":{"title":"Apfelschaumwein - Moschti","description":"Darf es einmal etwas spezielles sein? Der Apfelschaumwein ist so ein Getr\u00e4nk. Geeignet zum Ap\u00e9ro anstelle von Sekt oder Wein. Mit einem Schuss Holundersirup wird er zu beliebten \"Hugo\"","robots":{"index":"index","follow":"follow","max-snippet":"max-snippet:-1","max-image-preview":"max-image-preview:large","max-video-preview":"max-video-preview:-1"},"canonical":"https:\/\/www.moschti.ch\/index.php\/apfelschaumwein\/","og_locale":"de_DE","og_type":"article","og_title":"Apfelschaumwein - Moschti","og_description":"Darf es einmal etwas spezielles sein? Der Apfelschaumwein ist so ein Getr\u00e4nk. Geeignet zum Ap\u00e9ro anstelle von Sekt oder Wein. Mit einem Schuss Holundersirup wird er zu beliebten \"Hugo\"","og_url":"https:\/\/www.moschti.ch\/index.php\/apfelschaumwein\/","og_site_name":"Moschti","article_modified_time":"2024-08-13T17:30:25+00:00","og_image":[{"url":"https:\/\/www.moschti.ch\/wp-content\/uploads\/2024\/04\/Apfelschaumwein-1-Fl-408x1024.jpg"}],"twitter_card":"summary_large_image","twitter_misc":{"Gesch\u00e4tzte Lesezeit":"2\u00a0Minuten"},"schema":{"@context":"https:\/\/schema.org","@graph":[{"@type":"WebPage","@id":"https:\/\/www.moschti.ch\/index.php\/apfelschaumwein\/","url":"https:\/\/www.moschti.ch\/index.php\/apfelschaumwein\/","name":"Apfelschaumwein - Moschti","isPartOf":{"@id":"https:\/\/www.moschti.ch\/#website"},"primaryImageOfPage":{"@id":"https:\/\/www.moschti.ch\/index.php\/apfelschaumwein\/#primaryimage"},"image":{"@id":"https:\/\/www.moschti.ch\/index.php\/apfelschaumwein\/#primaryimage"},"thumbnailUrl":"https:\/\/www.moschti.ch\/wp-content\/uploads\/2024\/04\/Apfelschaumwein-1-Fl-408x1024.jpg","datePublished":"2024-03-11T13:41:07+00:00","dateModified":"2024-08-13T17:30:25+00:00","description":"Darf es einmal etwas spezielles sein? Der Apfelschaumwein ist so ein Getr\u00e4nk. Geeignet zum Ap\u00e9ro anstelle von Sekt oder Wein. Mit einem Schuss Holundersirup wird er zu beliebten \"Hugo\"","inLanguage":"de","potentialAction":[{"@type":"ReadAction","target":["https:\/\/www.moschti.ch\/index.php\/apfelschaumwein\/"]}]},{"@type":"ImageObject","inLanguage":"de","@id":"https:\/\/www.moschti.ch\/index.php\/apfelschaumwein\/#primaryimage","url":"https:\/\/www.moschti.ch\/wp-content\/uploads\/2024\/04\/Apfelschaumwein-1-Fl.jpg","contentUrl":"https:\/\/www.moschti.ch\/wp-content\/uploads\/2024\/04\/Apfelschaumwein-1-Fl.jpg","width":960,"height":2412,"caption":"Apfelschaumwein 1 Fl."},{"@type":"WebSite","@id":"https:\/\/www.moschti.ch\/#website","url":"https:\/\/www.moschti.ch\/","name":"Moschti","description":"","publisher":{"@id":"https:\/\/www.moschti.ch\/#organization"},"potentialAction":[{"@type":"SearchAction","target":{"@type":"EntryPoint","urlTemplate":"https:\/\/www.moschti.ch\/?s={search_term_string}"},"query-input":"required name=search_term_string"}],"inLanguage":"de"},{"@type":"Organization","@id":"https:\/\/www.moschti.ch\/#organization","name":"Moschti","url":"https:\/\/www.moschti.ch\/","logo":{"@type":"ImageObject","inLanguage":"de","@id":"https:\/\/www.moschti.ch\/#\/schema\/logo\/image\/","url":"https:\/\/www.moschti.ch\/wp-content\/uploads\/2024\/03\/banner.jpg","contentUrl":"https:\/\/www.moschti.ch\/wp-content\/uploads\/2024\/03\/banner.jpg","width":1000,"height":140,"caption":"Moschti"},"image":{"@id":"https:\/\/www.moschti.ch\/#\/schema\/logo\/image\/"}}]}},"uagb_featured_image_src":{"full":false,"thumbnail":false,"medium":false,"medium_large":false,"large":false,"1536x1536":false,"2048x2048":false},"uagb_author_info":{"display_name":"admin","author_link":"https:\/\/www.moschti.ch\/index.php\/author\/sysadmin\/"},"uagb_comment_info":0,"uagb_excerpt":"Exklusives Apfelsaftgetr\u00e4nk von ausgew\u00e4hlten, sonnengereiften Apfelsorten. Sorgf\u00e4ltig gepfl\u00fcckt ab Hochstammb\u00e4umen, welche das Ortsbild in und um H\u00fcniken pr\u00e4gen. S\u00e4urereiche Apfelsorten mit gen\u00fcgend \u00d6chslegraden, im optimalen Reifestadium geerntet, ergeben das aromatische und im Geschmack besondere Getr\u00e4nk. Das Abpressen und die Saftbehandlung erfolgt im Mostzentrum H\u00fcniken. Anschliessend geht der Saft in die Weinkellerei Gasser. Dort sind das&hellip;","_links":{"self":[{"href":"https:\/\/www.moschti.ch\/index.php\/wp-json\/wp\/v2\/pages\/60","targetHints":{"allow":["GET"]}}],"collection":[{"href":"https:\/\/www.moschti.ch\/index.php\/wp-json\/wp\/v2\/pages"}],"about":[{"href":"https:\/\/www.moschti.ch\/index.php\/wp-json\/wp\/v2\/types\/page"}],"author":[{"embeddable":true,"href":"https:\/\/www.moschti.ch\/index.php\/wp-json\/wp\/v2\/users\/1"}],"replies":[{"embeddable":true,"href":"https:\/\/www.moschti.ch\/index.php\/wp-json\/wp\/v2\/comments?post=60"}],"version-history":[{"count":5,"href":"https:\/\/www.moschti.ch\/index.php\/wp-json\/wp\/v2\/pages\/60\/revisions"}],"predecessor-version":[{"id":869,"href":"https:\/\/www.moschti.ch\/index.php\/wp-json\/wp\/v2\/pages\/60\/revisions\/869"}],"wp:attachment":[{"href":"https:\/\/www.moschti.ch\/index.php\/wp-json\/wp\/v2\/media?parent=60"}],"curies":[{"name":"wp","href":"https:\/\/api.w.org\/{rel}","templated":true}]}}