{"id":565,"date":"2024-07-11T11:36:43","date_gmt":"2024-07-11T11:36:43","guid":{"rendered":"https:\/\/www.moschti.ch\/?page_id=565"},"modified":"2024-08-13T17:16:12","modified_gmt":"2024-08-13T17:16:12","slug":"apfel-sorten","status":"publish","type":"page","link":"https:\/\/www.moschti.ch\/index.php\/apfel-sorten\/","title":{"rendered":"Apfel-Sorten"},"content":{"rendered":"\n<p>Hier ein paar der gebr\u00e4uchlichsten Apfelsorten, welche bei uns verarbeitet werden. Sie alle k\u00f6nnen als Sortenreine S\u00e4fte gepresst \u00a0werden oder sie mischen mehrere Sorten welche zur selben Zeit reifen miteinander. Ungeeignet zum Mosten sind Klara\u00e4pfel. Diese geben keinen Saft, sondern nur ein Mus. F\u00fcr Apfelmus sind sie aber bestens geeignet und nat\u00fcrlich zum roh essen. Fr\u00fche Sorten sind Gravensteiner, Gala, Golden-Delicious, Maigold. Herbstsorten sind: Cox orange, Elstar, Jona-Gold, Kanada-Reinette, Pink-Lady und Rubinette. Sp\u00e4tsorten sind: Boskoop, Braburn, Glockenapfel.<br>Die Bilder stammen alle aus der Homepage des Obstverbandes.<a href=\"http:\/\/www.suissfruit.ch\"> www.swissfruit.ch<\/a> Hier finden sie auch weitere interessante Informationen.<\/p>\n\n\n\n<figure class=\"wp-block-gallery has-nested-images columns-default is-cropped wp-block-gallery-1 is-layout-flex wp-block-gallery-is-layout-flex\">\n<figure class=\"wp-block-image size-large\"><img loading=\"lazy\" decoding=\"async\" width=\"400\" height=\"400\" data-id=\"551\" src=\"https:\/\/www.moschti.ch\/wp-content\/uploads\/2024\/07\/boskoop.jpg\" alt=\"\" class=\"wp-image-551\" srcset=\"https:\/\/www.moschti.ch\/wp-content\/uploads\/2024\/07\/boskoop.jpg 400w, https:\/\/www.moschti.ch\/wp-content\/uploads\/2024\/07\/boskoop-300x300.jpg 300w, https:\/\/www.moschti.ch\/wp-content\/uploads\/2024\/07\/boskoop-150x150.jpg 150w\" sizes=\"auto, (max-width: 400px) 100vw, 400px\" \/><figcaption class=\"wp-element-caption\">boskoop<\/figcaption><\/figure>\n\n\n\n<figure class=\"wp-block-image size-large\"><img loading=\"lazy\" decoding=\"async\" width=\"400\" height=\"400\" data-id=\"552\" src=\"https:\/\/www.moschti.ch\/wp-content\/uploads\/2024\/07\/brabum.jpg\" alt=\"\" class=\"wp-image-552\" srcset=\"https:\/\/www.moschti.ch\/wp-content\/uploads\/2024\/07\/brabum.jpg 400w, https:\/\/www.moschti.ch\/wp-content\/uploads\/2024\/07\/brabum-300x300.jpg 300w, https:\/\/www.moschti.ch\/wp-content\/uploads\/2024\/07\/brabum-150x150.jpg 150w\" sizes=\"auto, (max-width: 400px) 100vw, 400px\" \/><figcaption class=\"wp-element-caption\">braburn<\/figcaption><\/figure>\n\n\n\n<figure class=\"wp-block-image size-large\"><img loading=\"lazy\" decoding=\"async\" width=\"400\" height=\"400\" data-id=\"553\" src=\"https:\/\/www.moschti.ch\/wp-content\/uploads\/2024\/07\/cox-orange.jpg\" alt=\"\" class=\"wp-image-553\" srcset=\"https:\/\/www.moschti.ch\/wp-content\/uploads\/2024\/07\/cox-orange.jpg 400w, https:\/\/www.moschti.ch\/wp-content\/uploads\/2024\/07\/cox-orange-300x300.jpg 300w, https:\/\/www.moschti.ch\/wp-content\/uploads\/2024\/07\/cox-orange-150x150.jpg 150w\" sizes=\"auto, (max-width: 400px) 100vw, 400px\" \/><figcaption class=\"wp-element-caption\">cox-orange<\/figcaption><\/figure>\n\n\n\n<figure class=\"wp-block-image size-large\"><img loading=\"lazy\" decoding=\"async\" width=\"400\" height=\"400\" data-id=\"554\" src=\"https:\/\/www.moschti.ch\/wp-content\/uploads\/2024\/07\/elstar.jpg\" alt=\"\" class=\"wp-image-554\" srcset=\"https:\/\/www.moschti.ch\/wp-content\/uploads\/2024\/07\/elstar.jpg 400w, https:\/\/www.moschti.ch\/wp-content\/uploads\/2024\/07\/elstar-300x300.jpg 300w, https:\/\/www.moschti.ch\/wp-content\/uploads\/2024\/07\/elstar-150x150.jpg 150w\" sizes=\"auto, (max-width: 400px) 100vw, 400px\" \/><figcaption class=\"wp-element-caption\">elstar<\/figcaption><\/figure>\n\n\n\n<figure class=\"wp-block-image size-large\"><img loading=\"lazy\" decoding=\"async\" width=\"400\" height=\"400\" data-id=\"555\" src=\"https:\/\/www.moschti.ch\/wp-content\/uploads\/2024\/07\/gala.jpg\" alt=\"\" class=\"wp-image-555\" srcset=\"https:\/\/www.moschti.ch\/wp-content\/uploads\/2024\/07\/gala.jpg 400w, https:\/\/www.moschti.ch\/wp-content\/uploads\/2024\/07\/gala-300x300.jpg 300w, https:\/\/www.moschti.ch\/wp-content\/uploads\/2024\/07\/gala-150x150.jpg 150w\" sizes=\"auto, (max-width: 400px) 100vw, 400px\" \/><figcaption class=\"wp-element-caption\">gala<\/figcaption><\/figure>\n\n\n\n<figure class=\"wp-block-image size-large\"><img loading=\"lazy\" decoding=\"async\" width=\"400\" height=\"400\" data-id=\"556\" src=\"https:\/\/www.moschti.ch\/wp-content\/uploads\/2024\/07\/glockenapfel.jpg\" alt=\"\" class=\"wp-image-556\" srcset=\"https:\/\/www.moschti.ch\/wp-content\/uploads\/2024\/07\/glockenapfel.jpg 400w, https:\/\/www.moschti.ch\/wp-content\/uploads\/2024\/07\/glockenapfel-300x300.jpg 300w, https:\/\/www.moschti.ch\/wp-content\/uploads\/2024\/07\/glockenapfel-150x150.jpg 150w\" sizes=\"auto, (max-width: 400px) 100vw, 400px\" \/><figcaption class=\"wp-element-caption\">glockenapfel<\/figcaption><\/figure>\n\n\n\n<figure class=\"wp-block-image size-large\"><img loading=\"lazy\" decoding=\"async\" width=\"400\" height=\"400\" data-id=\"557\" src=\"https:\/\/www.moschti.ch\/wp-content\/uploads\/2024\/07\/golden-delicious.jpg\" alt=\"\" class=\"wp-image-557\" srcset=\"https:\/\/www.moschti.ch\/wp-content\/uploads\/2024\/07\/golden-delicious.jpg 400w, https:\/\/www.moschti.ch\/wp-content\/uploads\/2024\/07\/golden-delicious-300x300.jpg 300w, https:\/\/www.moschti.ch\/wp-content\/uploads\/2024\/07\/golden-delicious-150x150.jpg 150w\" sizes=\"auto, (max-width: 400px) 100vw, 400px\" \/><figcaption class=\"wp-element-caption\">golden-delicious<\/figcaption><\/figure>\n\n\n\n<figure class=\"wp-block-image size-large\"><img loading=\"lazy\" decoding=\"async\" width=\"400\" height=\"400\" data-id=\"558\" src=\"https:\/\/www.moschti.ch\/wp-content\/uploads\/2024\/07\/gravensteiner.jpg\" alt=\"\" class=\"wp-image-558\" srcset=\"https:\/\/www.moschti.ch\/wp-content\/uploads\/2024\/07\/gravensteiner.jpg 400w, https:\/\/www.moschti.ch\/wp-content\/uploads\/2024\/07\/gravensteiner-300x300.jpg 300w, https:\/\/www.moschti.ch\/wp-content\/uploads\/2024\/07\/gravensteiner-150x150.jpg 150w\" sizes=\"auto, (max-width: 400px) 100vw, 400px\" \/><figcaption class=\"wp-element-caption\">gravensteiner<\/figcaption><\/figure>\n\n\n\n<figure class=\"wp-block-image size-large\"><img loading=\"lazy\" decoding=\"async\" width=\"400\" height=\"400\" data-id=\"559\" src=\"https:\/\/www.moschti.ch\/wp-content\/uploads\/2024\/07\/jona-gol.jpg\" alt=\"\" class=\"wp-image-559\" srcset=\"https:\/\/www.moschti.ch\/wp-content\/uploads\/2024\/07\/jona-gol.jpg 400w, https:\/\/www.moschti.ch\/wp-content\/uploads\/2024\/07\/jona-gol-300x300.jpg 300w, https:\/\/www.moschti.ch\/wp-content\/uploads\/2024\/07\/jona-gol-150x150.jpg 150w\" sizes=\"auto, (max-width: 400px) 100vw, 400px\" \/><figcaption class=\"wp-element-caption\">jona-gold<\/figcaption><\/figure>\n\n\n\n<figure class=\"wp-block-image size-large\"><img loading=\"lazy\" decoding=\"async\" width=\"400\" height=\"400\" data-id=\"560\" src=\"https:\/\/www.moschti.ch\/wp-content\/uploads\/2024\/07\/kanada-reinette.jpg\" alt=\"\" class=\"wp-image-560\" srcset=\"https:\/\/www.moschti.ch\/wp-content\/uploads\/2024\/07\/kanada-reinette.jpg 400w, https:\/\/www.moschti.ch\/wp-content\/uploads\/2024\/07\/kanada-reinette-300x300.jpg 300w, https:\/\/www.moschti.ch\/wp-content\/uploads\/2024\/07\/kanada-reinette-150x150.jpg 150w\" sizes=\"auto, (max-width: 400px) 100vw, 400px\" \/><figcaption class=\"wp-element-caption\">kanada-reinette<\/figcaption><\/figure>\n\n\n\n<figure class=\"wp-block-image size-large\"><img loading=\"lazy\" decoding=\"async\" width=\"400\" height=\"400\" data-id=\"561\" src=\"https:\/\/www.moschti.ch\/wp-content\/uploads\/2024\/07\/maigold.jpg\" alt=\"\" class=\"wp-image-561\" srcset=\"https:\/\/www.moschti.ch\/wp-content\/uploads\/2024\/07\/maigold.jpg 400w, https:\/\/www.moschti.ch\/wp-content\/uploads\/2024\/07\/maigold-300x300.jpg 300w, https:\/\/www.moschti.ch\/wp-content\/uploads\/2024\/07\/maigold-150x150.jpg 150w\" sizes=\"auto, (max-width: 400px) 100vw, 400px\" \/><figcaption class=\"wp-element-caption\">maigold<\/figcaption><\/figure>\n\n\n\n<figure class=\"wp-block-image size-large\"><img loading=\"lazy\" decoding=\"async\" width=\"400\" height=\"400\" data-id=\"562\" src=\"https:\/\/www.moschti.ch\/wp-content\/uploads\/2024\/07\/pink-lady.jpg\" alt=\"\" class=\"wp-image-562\" srcset=\"https:\/\/www.moschti.ch\/wp-content\/uploads\/2024\/07\/pink-lady.jpg 400w, https:\/\/www.moschti.ch\/wp-content\/uploads\/2024\/07\/pink-lady-300x300.jpg 300w, https:\/\/www.moschti.ch\/wp-content\/uploads\/2024\/07\/pink-lady-150x150.jpg 150w\" sizes=\"auto, (max-width: 400px) 100vw, 400px\" \/><figcaption class=\"wp-element-caption\">pink-lady<\/figcaption><\/figure>\n\n\n\n<figure class=\"wp-block-image size-large\"><img loading=\"lazy\" decoding=\"async\" width=\"400\" height=\"400\" data-id=\"563\" src=\"https:\/\/www.moschti.ch\/wp-content\/uploads\/2024\/07\/rubinette.jpg\" alt=\"\" class=\"wp-image-563\" srcset=\"https:\/\/www.moschti.ch\/wp-content\/uploads\/2024\/07\/rubinette.jpg 400w, https:\/\/www.moschti.ch\/wp-content\/uploads\/2024\/07\/rubinette-300x300.jpg 300w, https:\/\/www.moschti.ch\/wp-content\/uploads\/2024\/07\/rubinette-150x150.jpg 150w\" sizes=\"auto, (max-width: 400px) 100vw, 400px\" \/><figcaption class=\"wp-element-caption\">rubinette<\/figcaption><\/figure>\n\n\n\n<figure class=\"wp-block-image size-large\"><img loading=\"lazy\" decoding=\"async\" width=\"400\" height=\"400\" data-id=\"564\" src=\"https:\/\/www.moschti.ch\/wp-content\/uploads\/2024\/07\/topaz.jpg\" alt=\"\" class=\"wp-image-564\" srcset=\"https:\/\/www.moschti.ch\/wp-content\/uploads\/2024\/07\/topaz.jpg 400w, https:\/\/www.moschti.ch\/wp-content\/uploads\/2024\/07\/topaz-300x300.jpg 300w, https:\/\/www.moschti.ch\/wp-content\/uploads\/2024\/07\/topaz-150x150.jpg 150w\" sizes=\"auto, (max-width: 400px) 100vw, 400px\" \/><figcaption class=\"wp-element-caption\">topaz<\/figcaption><\/figure>\n<\/figure>\n","protected":false},"excerpt":{"rendered":"<p>Hier ein paar der gebr\u00e4uchlichsten Apfelsorten, welche bei uns verarbeitet werden. Sie alle k\u00f6nnen als Sortenreine S\u00e4fte gepresst \u00a0werden oder sie mischen mehrere Sorten welche zur selben Zeit reifen miteinander. Ungeeignet zum Mosten sind Klara\u00e4pfel. Diese geben keinen Saft, sondern nur ein Mus. F\u00fcr Apfelmus sind sie aber bestens geeignet und nat\u00fcrlich zum roh essen. &#8230; <a title=\"Apfel-Sorten\" class=\"read-more\" href=\"https:\/\/www.moschti.ch\/index.php\/apfel-sorten\/\" aria-label=\"Mehr Informationen \u00fcber Apfel-Sorten\">Weiterlesen<\/a><\/p>\n","protected":false},"author":2,"featured_media":0,"parent":0,"menu_order":0,"comment_status":"closed","ping_status":"closed","template":"","meta":{"_uag_custom_page_level_css":"","pgc_sgb_lightbox_settings":"","_themeisle_gutenberg_block_has_review":false,"footnotes":""},"class_list":["post-565","page","type-page","status-publish"],"yoast_head":"<!-- This site is optimized with the Yoast SEO plugin v22.2 - https:\/\/yoast.com\/wordpress\/plugins\/seo\/ -->\n<title>Apfel-Sorten - Moschti<\/title>\n<meta name=\"description\" content=\"Neue und alte Apfelsorten eignen sich zur Herstellung von Apfelsaft, ausser der Klaraapfel. Wichtig ist einzig der richtige Reifepunkt. Wenn er beim Essen gut schmeckt, ist er auch gut zum Pressen.\" \/>\n<meta name=\"robots\" content=\"index, follow, max-snippet:-1, max-image-preview:large, max-video-preview:-1\" \/>\n<link rel=\"canonical\" href=\"https:\/\/www.moschti.ch\/index.php\/apfel-sorten\/\" \/>\n<meta property=\"og:locale\" content=\"de_DE\" \/>\n<meta property=\"og:type\" content=\"article\" \/>\n<meta property=\"og:title\" content=\"Apfel-Sorten - Moschti\" \/>\n<meta property=\"og:description\" content=\"Neue und alte Apfelsorten eignen sich zur Herstellung von Apfelsaft, ausser der Klaraapfel. Wichtig ist einzig der richtige Reifepunkt. Wenn er beim Essen gut schmeckt, ist er auch gut zum Pressen.\" \/>\n<meta property=\"og:url\" content=\"https:\/\/www.moschti.ch\/index.php\/apfel-sorten\/\" \/>\n<meta property=\"og:site_name\" content=\"Moschti\" \/>\n<meta property=\"article:modified_time\" content=\"2024-08-13T17:16:12+00:00\" \/>\n<meta property=\"og:image\" content=\"https:\/\/www.moschti.ch\/wp-content\/uploads\/2024\/07\/boskoop.jpg\" \/>\n<meta name=\"twitter:card\" content=\"summary_large_image\" \/>\n<meta name=\"twitter:label1\" content=\"Gesch\u00e4tzte Lesezeit\" \/>\n\t<meta name=\"twitter:data1\" content=\"4\u00a0Minuten\" \/>\n<script type=\"application\/ld+json\" class=\"yoast-schema-graph\">{\"@context\":\"https:\/\/schema.org\",\"@graph\":[{\"@type\":\"WebPage\",\"@id\":\"https:\/\/www.moschti.ch\/index.php\/apfel-sorten\/\",\"url\":\"https:\/\/www.moschti.ch\/index.php\/apfel-sorten\/\",\"name\":\"Apfel-Sorten - Moschti\",\"isPartOf\":{\"@id\":\"https:\/\/www.moschti.ch\/#website\"},\"primaryImageOfPage\":{\"@id\":\"https:\/\/www.moschti.ch\/index.php\/apfel-sorten\/#primaryimage\"},\"image\":{\"@id\":\"https:\/\/www.moschti.ch\/index.php\/apfel-sorten\/#primaryimage\"},\"thumbnailUrl\":\"https:\/\/www.moschti.ch\/wp-content\/uploads\/2024\/07\/boskoop.jpg\",\"datePublished\":\"2024-07-11T11:36:43+00:00\",\"dateModified\":\"2024-08-13T17:16:12+00:00\",\"description\":\"Neue und alte Apfelsorten eignen sich zur Herstellung von Apfelsaft, ausser der Klaraapfel. Wichtig ist einzig der richtige Reifepunkt. Wenn er beim Essen gut schmeckt, ist er auch gut zum Pressen.\",\"inLanguage\":\"de\",\"potentialAction\":[{\"@type\":\"ReadAction\",\"target\":[\"https:\/\/www.moschti.ch\/index.php\/apfel-sorten\/\"]}]},{\"@type\":\"ImageObject\",\"inLanguage\":\"de\",\"@id\":\"https:\/\/www.moschti.ch\/index.php\/apfel-sorten\/#primaryimage\",\"url\":\"https:\/\/www.moschti.ch\/wp-content\/uploads\/2024\/07\/boskoop.jpg\",\"contentUrl\":\"https:\/\/www.moschti.ch\/wp-content\/uploads\/2024\/07\/boskoop.jpg\",\"width\":400,\"height\":400,\"caption\":\"boskoop\"},{\"@type\":\"WebSite\",\"@id\":\"https:\/\/www.moschti.ch\/#website\",\"url\":\"https:\/\/www.moschti.ch\/\",\"name\":\"Moschti\",\"description\":\"\",\"publisher\":{\"@id\":\"https:\/\/www.moschti.ch\/#organization\"},\"potentialAction\":[{\"@type\":\"SearchAction\",\"target\":{\"@type\":\"EntryPoint\",\"urlTemplate\":\"https:\/\/www.moschti.ch\/?s={search_term_string}\"},\"query-input\":\"required name=search_term_string\"}],\"inLanguage\":\"de\"},{\"@type\":\"Organization\",\"@id\":\"https:\/\/www.moschti.ch\/#organization\",\"name\":\"Moschti\",\"url\":\"https:\/\/www.moschti.ch\/\",\"logo\":{\"@type\":\"ImageObject\",\"inLanguage\":\"de\",\"@id\":\"https:\/\/www.moschti.ch\/#\/schema\/logo\/image\/\",\"url\":\"https:\/\/www.moschti.ch\/wp-content\/uploads\/2024\/03\/banner.jpg\",\"contentUrl\":\"https:\/\/www.moschti.ch\/wp-content\/uploads\/2024\/03\/banner.jpg\",\"width\":1000,\"height\":140,\"caption\":\"Moschti\"},\"image\":{\"@id\":\"https:\/\/www.moschti.ch\/#\/schema\/logo\/image\/\"}}]}<\/script>\n<!-- \/ Yoast SEO plugin. -->","yoast_head_json":{"title":"Apfel-Sorten - Moschti","description":"Neue und alte Apfelsorten eignen sich zur Herstellung von Apfelsaft, ausser der Klaraapfel. Wichtig ist einzig der richtige Reifepunkt. Wenn er beim Essen gut schmeckt, ist er auch gut zum Pressen.","robots":{"index":"index","follow":"follow","max-snippet":"max-snippet:-1","max-image-preview":"max-image-preview:large","max-video-preview":"max-video-preview:-1"},"canonical":"https:\/\/www.moschti.ch\/index.php\/apfel-sorten\/","og_locale":"de_DE","og_type":"article","og_title":"Apfel-Sorten - Moschti","og_description":"Neue und alte Apfelsorten eignen sich zur Herstellung von Apfelsaft, ausser der Klaraapfel. Wichtig ist einzig der richtige Reifepunkt. Wenn er beim Essen gut schmeckt, ist er auch gut zum Pressen.","og_url":"https:\/\/www.moschti.ch\/index.php\/apfel-sorten\/","og_site_name":"Moschti","article_modified_time":"2024-08-13T17:16:12+00:00","og_image":[{"url":"https:\/\/www.moschti.ch\/wp-content\/uploads\/2024\/07\/boskoop.jpg"}],"twitter_card":"summary_large_image","twitter_misc":{"Gesch\u00e4tzte Lesezeit":"4\u00a0Minuten"},"schema":{"@context":"https:\/\/schema.org","@graph":[{"@type":"WebPage","@id":"https:\/\/www.moschti.ch\/index.php\/apfel-sorten\/","url":"https:\/\/www.moschti.ch\/index.php\/apfel-sorten\/","name":"Apfel-Sorten - Moschti","isPartOf":{"@id":"https:\/\/www.moschti.ch\/#website"},"primaryImageOfPage":{"@id":"https:\/\/www.moschti.ch\/index.php\/apfel-sorten\/#primaryimage"},"image":{"@id":"https:\/\/www.moschti.ch\/index.php\/apfel-sorten\/#primaryimage"},"thumbnailUrl":"https:\/\/www.moschti.ch\/wp-content\/uploads\/2024\/07\/boskoop.jpg","datePublished":"2024-07-11T11:36:43+00:00","dateModified":"2024-08-13T17:16:12+00:00","description":"Neue und alte Apfelsorten eignen sich zur Herstellung von Apfelsaft, ausser der Klaraapfel. Wichtig ist einzig der richtige Reifepunkt. Wenn er beim Essen gut schmeckt, ist er auch gut zum Pressen.","inLanguage":"de","potentialAction":[{"@type":"ReadAction","target":["https:\/\/www.moschti.ch\/index.php\/apfel-sorten\/"]}]},{"@type":"ImageObject","inLanguage":"de","@id":"https:\/\/www.moschti.ch\/index.php\/apfel-sorten\/#primaryimage","url":"https:\/\/www.moschti.ch\/wp-content\/uploads\/2024\/07\/boskoop.jpg","contentUrl":"https:\/\/www.moschti.ch\/wp-content\/uploads\/2024\/07\/boskoop.jpg","width":400,"height":400,"caption":"boskoop"},{"@type":"WebSite","@id":"https:\/\/www.moschti.ch\/#website","url":"https:\/\/www.moschti.ch\/","name":"Moschti","description":"","publisher":{"@id":"https:\/\/www.moschti.ch\/#organization"},"potentialAction":[{"@type":"SearchAction","target":{"@type":"EntryPoint","urlTemplate":"https:\/\/www.moschti.ch\/?s={search_term_string}"},"query-input":"required name=search_term_string"}],"inLanguage":"de"},{"@type":"Organization","@id":"https:\/\/www.moschti.ch\/#organization","name":"Moschti","url":"https:\/\/www.moschti.ch\/","logo":{"@type":"ImageObject","inLanguage":"de","@id":"https:\/\/www.moschti.ch\/#\/schema\/logo\/image\/","url":"https:\/\/www.moschti.ch\/wp-content\/uploads\/2024\/03\/banner.jpg","contentUrl":"https:\/\/www.moschti.ch\/wp-content\/uploads\/2024\/03\/banner.jpg","width":1000,"height":140,"caption":"Moschti"},"image":{"@id":"https:\/\/www.moschti.ch\/#\/schema\/logo\/image\/"}}]}},"uagb_featured_image_src":{"full":false,"thumbnail":false,"medium":false,"medium_large":false,"large":false,"1536x1536":false,"2048x2048":false},"uagb_author_info":{"display_name":"Moschti","author_link":"https:\/\/www.moschti.ch\/index.php\/author\/moschti\/"},"uagb_comment_info":0,"uagb_excerpt":"Hier ein paar der gebr\u00e4uchlichsten Apfelsorten, welche bei uns verarbeitet werden. Sie alle k\u00f6nnen als Sortenreine S\u00e4fte gepresst \u00a0werden oder sie mischen mehrere Sorten welche zur selben Zeit reifen miteinander. Ungeeignet zum Mosten sind Klara\u00e4pfel. Diese geben keinen Saft, sondern nur ein Mus. F\u00fcr Apfelmus sind sie aber bestens geeignet und nat\u00fcrlich zum roh essen.&hellip;","_links":{"self":[{"href":"https:\/\/www.moschti.ch\/index.php\/wp-json\/wp\/v2\/pages\/565","targetHints":{"allow":["GET"]}}],"collection":[{"href":"https:\/\/www.moschti.ch\/index.php\/wp-json\/wp\/v2\/pages"}],"about":[{"href":"https:\/\/www.moschti.ch\/index.php\/wp-json\/wp\/v2\/types\/page"}],"author":[{"embeddable":true,"href":"https:\/\/www.moschti.ch\/index.php\/wp-json\/wp\/v2\/users\/2"}],"replies":[{"embeddable":true,"href":"https:\/\/www.moschti.ch\/index.php\/wp-json\/wp\/v2\/comments?post=565"}],"version-history":[{"count":5,"href":"https:\/\/www.moschti.ch\/index.php\/wp-json\/wp\/v2\/pages\/565\/revisions"}],"predecessor-version":[{"id":848,"href":"https:\/\/www.moschti.ch\/index.php\/wp-json\/wp\/v2\/pages\/565\/revisions\/848"}],"wp:attachment":[{"href":"https:\/\/www.moschti.ch\/index.php\/wp-json\/wp\/v2\/media?parent=565"}],"curies":[{"name":"wp","href":"https:\/\/api.w.org\/{rel}","templated":true}]}}