{"id":56,"date":"2024-03-11T13:40:41","date_gmt":"2024-03-11T13:40:41","guid":{"rendered":"https:\/\/www.moschti.ch\/?page_id=56"},"modified":"2025-10-09T18:29:43","modified_gmt":"2025-10-09T18:29:43","slug":"apfelessig","status":"publish","type":"page","link":"https:\/\/www.moschti.ch\/index.php\/apfelessig\/","title":{"rendered":"Apfelessig"},"content":{"rendered":"\n<div class=\"wp-block-media-text is-stacked-on-mobile is-vertically-aligned-top\" style=\"grid-template-columns:39% auto\"><figure class=\"wp-block-media-text__media\"><img loading=\"lazy\" decoding=\"async\" width=\"873\" height=\"1024\" src=\"https:\/\/www.moschti.ch\/wp-content\/uploads\/2024\/04\/Essig-rot-Untergrund-873x1024.jpg\" alt=\"\" class=\"wp-image-437 size-full\" srcset=\"https:\/\/www.moschti.ch\/wp-content\/uploads\/2024\/04\/Essig-rot-Untergrund-873x1024.jpg 873w, https:\/\/www.moschti.ch\/wp-content\/uploads\/2024\/04\/Essig-rot-Untergrund-256x300.jpg 256w, https:\/\/www.moschti.ch\/wp-content\/uploads\/2024\/04\/Essig-rot-Untergrund-768x901.jpg 768w, https:\/\/www.moschti.ch\/wp-content\/uploads\/2024\/04\/Essig-rot-Untergrund-1309x1536.jpg 1309w, https:\/\/www.moschti.ch\/wp-content\/uploads\/2024\/04\/Essig-rot-Untergrund.jpg 1731w\" sizes=\"auto, (max-width: 873px) 100vw, 873px\" \/><\/figure><div class=\"wp-block-media-text__content\">\n<h4 class=\"wp-block-heading\">&#8222;so nat\u00fcrlich&#8220; <\/h4>\n\n\n\n<p>&#8222;so nat\u00fcrlich&#8220; ist die Bezeichnung f\u00fcr Produkte aus Solothurner Anbau. Produzenten, Gewerbe und Verkauf in einer Linie. Das <a href=\"https:\/\/www.moschti.ch\/\">Mostzentrum H\u00fcniken<\/a> organisiert die \u00c4pfel im Wasseramt und presst diese zum Grundstoff f\u00fcr G\u00e4rsaft. Der mit G\u00e4rungshefe vergorene Apfelwein gelangt zur Frei\u00e4mter Mosterei in Muri. Diese stellt mit ihrem Fachwissen eine optimale Qualit\u00e4t an Apfelessig her. \u00dcber Direktvermarkter, Landi und\u00a0Dorfl\u00e4den\u00a0kann die Kundschaft den Apfelessig erwerben. Die Verwendung von Apfelessig k\u00f6nnte unterschiedlicher nicht sein. Er dient als W\u00fcrze f\u00fcr Nahrungsmittel, als Sch\u00f6nheitsmittel, zur Fiebersenkung sind die Essigsocken bekannt sowie als Reinigungs- und Desinfektionsmittel.<\/p>\n<\/div><\/div>\n\n\n\n<p><\/p>\n","protected":false},"excerpt":{"rendered":"<p>&#8222;so nat\u00fcrlich&#8220; &#8222;so nat\u00fcrlich&#8220; ist die Bezeichnung f\u00fcr Produkte aus Solothurner Anbau. Produzenten, Gewerbe und Verkauf in einer Linie. Das Mostzentrum H\u00fcniken organisiert die \u00c4pfel im Wasseramt und presst diese zum Grundstoff f\u00fcr G\u00e4rsaft. Der mit G\u00e4rungshefe vergorene Apfelwein gelangt zur Frei\u00e4mter Mosterei in Muri. Diese stellt mit ihrem Fachwissen eine optimale Qualit\u00e4t an Apfelessig &#8230; <a title=\"Apfelessig\" class=\"read-more\" href=\"https:\/\/www.moschti.ch\/index.php\/apfelessig\/\" aria-label=\"Mehr Informationen \u00fcber Apfelessig\">Weiterlesen<\/a><\/p>\n","protected":false},"author":1,"featured_media":0,"parent":0,"menu_order":0,"comment_status":"closed","ping_status":"closed","template":"","meta":{"_uag_custom_page_level_css":"","pgc_sgb_lightbox_settings":"{\"enableLightbox\":true,\"useGlobalPreset\":true,\"nativGalleryEnable\":true,\"nativeAttachment\":true,\"singletonAttachment\":true,\"groupingAllImages\":false,\"lightboxType\":\"classic\",\"copyRProtection\":false,\"copyRAlert\":\"Hello, this photo is mine!\",\"sliderScrollNavi\":false,\"sliderNextPrevAnimation\":\"animation\",\"galleryScrollPositionControll\":false,\"sliderVideoAutoPlay\":false,\"sliderTryPlayNext\":false,\"sliderVideoLoop\":false,\"sliderItemCounterEnable\":true,\"sliderItemTitleEnable\":false,\"sliderItemTitleFontSize\":18,\"sliderItemTitleTextColor\":\"rgba(255,255,255,1)\",\"itemCounterColor\":\"rgba(255,255,255,1)\",\"sliderThumbBarEnable\":true,\"sliderThumbBarHoverColor\":\"rgba(240,240,240,1)\",\"sliderBgColor\":\"rgba(0,0,0,0.8)\",\"sliderPreloaderColor\":\"rgba(240,240,240,1)\",\"sliderHeaderFooterBgColor\":\"rgba(0,0,0,0.4)\",\"sliderNavigationColor\":\"rgba(0,0,0,1)\",\"sliderNavigationColorOver\":\"rgba(255,255,255,1)\",\"sliderNavigationIconColor\":\"rgba(255,255,255,1)\",\"sliderNavigationIconColorOver\":\"rgba(0,0,0,1)\",\"sliderSlideshow\":true,\"sliderSlideshowDelay\":8,\"slideshowIndicatorColor\":\"rgba(255,255,255,1)\",\"slideshowIndicatorColorBg\":\"rgba(255,255,255,0.5)\",\"sliderThumbSubMenuBackgroundColor\":\"rgba(255,255,255,0)\",\"sliderThumbSubMenuBackgroundColorOver\":\"rgba(255,255,255,1)\",\"sliderThumbSubMenuIconColor\":\"rgba(255,255,255,1)\",\"sliderThumbSubMenuIconHoverColor\":\"rgba(0,0,0,1)\",\"sliderSocialShareEnabled\":true,\"sliderZoomEnable\":true,\"sliderFullscreenEnabled\":true,\"modaBgColor\":\"rgba(0,0,0,0.8)\",\"modalIconColor\":\"rgba(255,255,255,1)\",\"modalIconColorHover\":\"rgba(255,255,255,0.8)\",\"shareFacebook\":true,\"shareTwitter\":true,\"sharePinterest\":true,\"sliderItemDownload\":true,\"shareCopyLink\":true}","_themeisle_gutenberg_block_has_review":false,"footnotes":""},"class_list":["post-56","page","type-page","status-publish"],"yoast_head":"<!-- This site is optimized with the Yoast SEO plugin v22.2 - https:\/\/yoast.com\/wordpress\/plugins\/seo\/ -->\n<title>Apfelessig - Moschti<\/title>\n<meta name=\"description\" content=\"Wir stellen den Grundstoff, den Apfelwein, her f\u00fcr den Solothurner Apfelessig. Erh\u00e4ltlich bei uns, in Hofl\u00e4den oder der Landi.\" \/>\n<meta name=\"robots\" content=\"index, follow, max-snippet:-1, max-image-preview:large, max-video-preview:-1\" \/>\n<link rel=\"canonical\" href=\"https:\/\/www.moschti.ch\/index.php\/apfelessig\/\" \/>\n<meta property=\"og:locale\" content=\"de_DE\" \/>\n<meta property=\"og:type\" content=\"article\" \/>\n<meta property=\"og:title\" content=\"Apfelessig - Moschti\" \/>\n<meta property=\"og:description\" content=\"Wir stellen den Grundstoff, den Apfelwein, her f\u00fcr den Solothurner Apfelessig. Erh\u00e4ltlich bei uns, in Hofl\u00e4den oder der Landi.\" \/>\n<meta property=\"og:url\" content=\"https:\/\/www.moschti.ch\/index.php\/apfelessig\/\" \/>\n<meta property=\"og:site_name\" content=\"Moschti\" \/>\n<meta property=\"article:modified_time\" content=\"2025-10-09T18:29:43+00:00\" \/>\n<meta property=\"og:image\" content=\"https:\/\/www.moschti.ch\/wp-content\/uploads\/2024\/04\/Essig-rot-Untergrund-873x1024.jpg\" \/>\n<meta name=\"twitter:card\" content=\"summary_large_image\" \/>\n<meta name=\"twitter:label1\" content=\"Gesch\u00e4tzte Lesezeit\" \/>\n\t<meta name=\"twitter:data1\" content=\"1\u00a0Minute\" \/>\n<script type=\"application\/ld+json\" class=\"yoast-schema-graph\">{\"@context\":\"https:\/\/schema.org\",\"@graph\":[{\"@type\":\"WebPage\",\"@id\":\"https:\/\/www.moschti.ch\/index.php\/apfelessig\/\",\"url\":\"https:\/\/www.moschti.ch\/index.php\/apfelessig\/\",\"name\":\"Apfelessig - Moschti\",\"isPartOf\":{\"@id\":\"https:\/\/www.moschti.ch\/#website\"},\"primaryImageOfPage\":{\"@id\":\"https:\/\/www.moschti.ch\/index.php\/apfelessig\/#primaryimage\"},\"image\":{\"@id\":\"https:\/\/www.moschti.ch\/index.php\/apfelessig\/#primaryimage\"},\"thumbnailUrl\":\"https:\/\/www.moschti.ch\/wp-content\/uploads\/2024\/04\/Essig-rot-Untergrund-873x1024.jpg\",\"datePublished\":\"2024-03-11T13:40:41+00:00\",\"dateModified\":\"2025-10-09T18:29:43+00:00\",\"description\":\"Wir stellen den Grundstoff, den Apfelwein, her f\u00fcr den Solothurner Apfelessig. Erh\u00e4ltlich bei uns, in Hofl\u00e4den oder der Landi.\",\"inLanguage\":\"de\",\"potentialAction\":[{\"@type\":\"ReadAction\",\"target\":[\"https:\/\/www.moschti.ch\/index.php\/apfelessig\/\"]}]},{\"@type\":\"ImageObject\",\"inLanguage\":\"de\",\"@id\":\"https:\/\/www.moschti.ch\/index.php\/apfelessig\/#primaryimage\",\"url\":\"https:\/\/www.moschti.ch\/wp-content\/uploads\/2024\/04\/Essig-rot-Untergrund.jpg\",\"contentUrl\":\"https:\/\/www.moschti.ch\/wp-content\/uploads\/2024\/04\/Essig-rot-Untergrund.jpg\",\"width\":1731,\"height\":2031,\"caption\":\"Apfelessig 1 Liter und 1\/2 Liter\"},{\"@type\":\"WebSite\",\"@id\":\"https:\/\/www.moschti.ch\/#website\",\"url\":\"https:\/\/www.moschti.ch\/\",\"name\":\"Moschti\",\"description\":\"\",\"publisher\":{\"@id\":\"https:\/\/www.moschti.ch\/#organization\"},\"potentialAction\":[{\"@type\":\"SearchAction\",\"target\":{\"@type\":\"EntryPoint\",\"urlTemplate\":\"https:\/\/www.moschti.ch\/?s={search_term_string}\"},\"query-input\":\"required name=search_term_string\"}],\"inLanguage\":\"de\"},{\"@type\":\"Organization\",\"@id\":\"https:\/\/www.moschti.ch\/#organization\",\"name\":\"Moschti\",\"url\":\"https:\/\/www.moschti.ch\/\",\"logo\":{\"@type\":\"ImageObject\",\"inLanguage\":\"de\",\"@id\":\"https:\/\/www.moschti.ch\/#\/schema\/logo\/image\/\",\"url\":\"https:\/\/www.moschti.ch\/wp-content\/uploads\/2024\/03\/banner.jpg\",\"contentUrl\":\"https:\/\/www.moschti.ch\/wp-content\/uploads\/2024\/03\/banner.jpg\",\"width\":1000,\"height\":140,\"caption\":\"Moschti\"},\"image\":{\"@id\":\"https:\/\/www.moschti.ch\/#\/schema\/logo\/image\/\"}}]}<\/script>\n<!-- \/ Yoast SEO plugin. -->","yoast_head_json":{"title":"Apfelessig - Moschti","description":"Wir stellen den Grundstoff, den Apfelwein, her f\u00fcr den Solothurner Apfelessig. Erh\u00e4ltlich bei uns, in Hofl\u00e4den oder der Landi.","robots":{"index":"index","follow":"follow","max-snippet":"max-snippet:-1","max-image-preview":"max-image-preview:large","max-video-preview":"max-video-preview:-1"},"canonical":"https:\/\/www.moschti.ch\/index.php\/apfelessig\/","og_locale":"de_DE","og_type":"article","og_title":"Apfelessig - Moschti","og_description":"Wir stellen den Grundstoff, den Apfelwein, her f\u00fcr den Solothurner Apfelessig. Erh\u00e4ltlich bei uns, in Hofl\u00e4den oder der Landi.","og_url":"https:\/\/www.moschti.ch\/index.php\/apfelessig\/","og_site_name":"Moschti","article_modified_time":"2025-10-09T18:29:43+00:00","og_image":[{"url":"https:\/\/www.moschti.ch\/wp-content\/uploads\/2024\/04\/Essig-rot-Untergrund-873x1024.jpg"}],"twitter_card":"summary_large_image","twitter_misc":{"Gesch\u00e4tzte Lesezeit":"1\u00a0Minute"},"schema":{"@context":"https:\/\/schema.org","@graph":[{"@type":"WebPage","@id":"https:\/\/www.moschti.ch\/index.php\/apfelessig\/","url":"https:\/\/www.moschti.ch\/index.php\/apfelessig\/","name":"Apfelessig - Moschti","isPartOf":{"@id":"https:\/\/www.moschti.ch\/#website"},"primaryImageOfPage":{"@id":"https:\/\/www.moschti.ch\/index.php\/apfelessig\/#primaryimage"},"image":{"@id":"https:\/\/www.moschti.ch\/index.php\/apfelessig\/#primaryimage"},"thumbnailUrl":"https:\/\/www.moschti.ch\/wp-content\/uploads\/2024\/04\/Essig-rot-Untergrund-873x1024.jpg","datePublished":"2024-03-11T13:40:41+00:00","dateModified":"2025-10-09T18:29:43+00:00","description":"Wir stellen den Grundstoff, den Apfelwein, her f\u00fcr den Solothurner Apfelessig. Erh\u00e4ltlich bei uns, in Hofl\u00e4den oder der Landi.","inLanguage":"de","potentialAction":[{"@type":"ReadAction","target":["https:\/\/www.moschti.ch\/index.php\/apfelessig\/"]}]},{"@type":"ImageObject","inLanguage":"de","@id":"https:\/\/www.moschti.ch\/index.php\/apfelessig\/#primaryimage","url":"https:\/\/www.moschti.ch\/wp-content\/uploads\/2024\/04\/Essig-rot-Untergrund.jpg","contentUrl":"https:\/\/www.moschti.ch\/wp-content\/uploads\/2024\/04\/Essig-rot-Untergrund.jpg","width":1731,"height":2031,"caption":"Apfelessig 1 Liter und 1\/2 Liter"},{"@type":"WebSite","@id":"https:\/\/www.moschti.ch\/#website","url":"https:\/\/www.moschti.ch\/","name":"Moschti","description":"","publisher":{"@id":"https:\/\/www.moschti.ch\/#organization"},"potentialAction":[{"@type":"SearchAction","target":{"@type":"EntryPoint","urlTemplate":"https:\/\/www.moschti.ch\/?s={search_term_string}"},"query-input":"required name=search_term_string"}],"inLanguage":"de"},{"@type":"Organization","@id":"https:\/\/www.moschti.ch\/#organization","name":"Moschti","url":"https:\/\/www.moschti.ch\/","logo":{"@type":"ImageObject","inLanguage":"de","@id":"https:\/\/www.moschti.ch\/#\/schema\/logo\/image\/","url":"https:\/\/www.moschti.ch\/wp-content\/uploads\/2024\/03\/banner.jpg","contentUrl":"https:\/\/www.moschti.ch\/wp-content\/uploads\/2024\/03\/banner.jpg","width":1000,"height":140,"caption":"Moschti"},"image":{"@id":"https:\/\/www.moschti.ch\/#\/schema\/logo\/image\/"}}]}},"uagb_featured_image_src":{"full":false,"thumbnail":false,"medium":false,"medium_large":false,"large":false,"1536x1536":false,"2048x2048":false},"uagb_author_info":{"display_name":"admin","author_link":"https:\/\/www.moschti.ch\/index.php\/author\/sysadmin\/"},"uagb_comment_info":0,"uagb_excerpt":"&#8222;so nat\u00fcrlich&#8220; &#8222;so nat\u00fcrlich&#8220; ist die Bezeichnung f\u00fcr Produkte aus Solothurner Anbau. Produzenten, Gewerbe und Verkauf in einer Linie. Das Mostzentrum H\u00fcniken organisiert die \u00c4pfel im Wasseramt und presst diese zum Grundstoff f\u00fcr G\u00e4rsaft. Der mit G\u00e4rungshefe vergorene Apfelwein gelangt zur Frei\u00e4mter Mosterei in Muri. Diese stellt mit ihrem Fachwissen eine optimale Qualit\u00e4t an Apfelessig&hellip;","_links":{"self":[{"href":"https:\/\/www.moschti.ch\/index.php\/wp-json\/wp\/v2\/pages\/56","targetHints":{"allow":["GET"]}}],"collection":[{"href":"https:\/\/www.moschti.ch\/index.php\/wp-json\/wp\/v2\/pages"}],"about":[{"href":"https:\/\/www.moschti.ch\/index.php\/wp-json\/wp\/v2\/types\/page"}],"author":[{"embeddable":true,"href":"https:\/\/www.moschti.ch\/index.php\/wp-json\/wp\/v2\/users\/1"}],"replies":[{"embeddable":true,"href":"https:\/\/www.moschti.ch\/index.php\/wp-json\/wp\/v2\/comments?post=56"}],"version-history":[{"count":9,"href":"https:\/\/www.moschti.ch\/index.php\/wp-json\/wp\/v2\/pages\/56\/revisions"}],"predecessor-version":[{"id":1351,"href":"https:\/\/www.moschti.ch\/index.php\/wp-json\/wp\/v2\/pages\/56\/revisions\/1351"}],"wp:attachment":[{"href":"https:\/\/www.moschti.ch\/index.php\/wp-json\/wp\/v2\/media?parent=56"}],"curies":[{"name":"wp","href":"https:\/\/api.w.org\/{rel}","templated":true}]}}