{"id":52,"date":"2024-03-11T13:40:18","date_gmt":"2024-03-11T13:40:18","guid":{"rendered":"https:\/\/www.moschti.ch\/?page_id=52"},"modified":"2024-08-27T13:52:34","modified_gmt":"2024-08-27T13:52:34","slug":"pasteurisierter-suessmost","status":"publish","type":"page","link":"https:\/\/www.moschti.ch\/index.php\/pasteurisierter-suessmost\/","title":{"rendered":"Pasteurisierter S\u00fcssmost"},"content":{"rendered":"\n<p>Damit S\u00fcssmost haltbar ist, muss man ihn pasteurisieren. Luftdicht verschlossen ist er mehr als 1 Jahr haltbar. <br>Bag in Box ist das geeignete moderne Gebinde, das die hygienischen Anforderungen voll erf\u00fcllt und bequem in der Handhabung ist.<br>Wir haben fast das ganze Jahr einen Vorrat an 5l und 10l Bag in Boxen. Diese bieten wir im<a href=\"https:\/\/www.moschti.ch\/index.php\/selbstbedienung\/\"> K\u00fchlschrank<\/a> vor dem Haus an.<br><a href=\"https:\/\/www.moschti.ch\/index.php\/verkauf\/\">5l Bag kostet Fr. 12.<\/a>-und <a href=\"https:\/\/www.moschti.ch\/index.php\/verkauf\/\">10l Fr. 22.-<\/a> Den Betrag werfen Sie in den Briefkasten oder bezahlen per TWINT. Die Infos sind ebenfalls am K\u00fchlschrank angebracht. <br>Je nach Saison bieten wir auch Sortenreine S\u00fcssmoste in 5l Bag an. Z.B. Gala, Sauergrauech oder Elstar. <br>Mit gut gereiften Quitten machen wir auch ein Mischgetr\u00e4nk Apfel-Quitten. Auch diese 5l Bag sind im Verkauf.<\/p>\n\n\n\n<figure class=\"wp-block-gallery has-nested-images columns-default is-cropped wp-block-gallery-1 is-layout-flex wp-block-gallery-is-layout-flex\">\n<figure class=\"wp-block-image size-large\"><img loading=\"lazy\" decoding=\"async\" width=\"768\" height=\"1024\" data-id=\"419\" src=\"https:\/\/www.moschti.ch\/wp-content\/uploads\/2024\/04\/Bag-in-Box-768x1024.jpg\" alt=\"\" class=\"wp-image-419\" srcset=\"https:\/\/www.moschti.ch\/wp-content\/uploads\/2024\/04\/Bag-in-Box-768x1024.jpg 768w, https:\/\/www.moschti.ch\/wp-content\/uploads\/2024\/04\/Bag-in-Box-225x300.jpg 225w, https:\/\/www.moschti.ch\/wp-content\/uploads\/2024\/04\/Bag-in-Box-1152x1536.jpg 1152w, https:\/\/www.moschti.ch\/wp-content\/uploads\/2024\/04\/Bag-in-Box-1536x2048.jpg 1536w, https:\/\/www.moschti.ch\/wp-content\/uploads\/2024\/04\/Bag-in-Box-scaled.jpg 1920w\" sizes=\"auto, (max-width: 768px) 100vw, 768px\" \/><figcaption class=\"wp-element-caption\">Bag in Box Sortenrein Elstar<\/figcaption><\/figure>\n\n\n\n<figure class=\"wp-block-image size-large\"><img loading=\"lazy\" decoding=\"async\" width=\"768\" height=\"1024\" data-id=\"390\" src=\"https:\/\/www.moschti.ch\/wp-content\/uploads\/2024\/04\/Bag-in-Box_-_-768x1024.jpg\" alt=\"\" class=\"wp-image-390\" srcset=\"https:\/\/www.moschti.ch\/wp-content\/uploads\/2024\/04\/Bag-in-Box_-_-768x1024.jpg 768w, https:\/\/www.moschti.ch\/wp-content\/uploads\/2024\/04\/Bag-in-Box_-_-225x300.jpg 225w, https:\/\/www.moschti.ch\/wp-content\/uploads\/2024\/04\/Bag-in-Box_-_.jpg 1080w\" sizes=\"auto, (max-width: 768px) 100vw, 768px\" \/><figcaption class=\"wp-element-caption\">Bag in Box Sortenrein Gala<\/figcaption><\/figure>\n\n\n\n<figure class=\"wp-block-image size-large\"><img loading=\"lazy\" decoding=\"async\" width=\"908\" height=\"1024\" data-id=\"479\" src=\"https:\/\/www.moschti.ch\/wp-content\/uploads\/2024\/04\/10-lt-Bag-908x1024.jpg\" alt=\"\" class=\"wp-image-479\" srcset=\"https:\/\/www.moschti.ch\/wp-content\/uploads\/2024\/04\/10-lt-Bag-908x1024.jpg 908w, https:\/\/www.moschti.ch\/wp-content\/uploads\/2024\/04\/10-lt-Bag-266x300.jpg 266w, https:\/\/www.moschti.ch\/wp-content\/uploads\/2024\/04\/10-lt-Bag-768x867.jpg 768w, https:\/\/www.moschti.ch\/wp-content\/uploads\/2024\/04\/10-lt-Bag-1361x1536.jpg 1361w, https:\/\/www.moschti.ch\/wp-content\/uploads\/2024\/04\/10-lt-Bag-1815x2048.jpg 1815w\" sizes=\"auto, (max-width: 908px) 100vw, 908px\" \/><figcaption class=\"wp-element-caption\">Bag in Box 10 Liter Herbstmischung<\/figcaption><\/figure>\n<\/figure>\n","protected":false},"excerpt":{"rendered":"<p>Damit S\u00fcssmost haltbar ist, muss man ihn pasteurisieren. Luftdicht verschlossen ist er mehr als 1 Jahr haltbar. Bag in Box ist das geeignete moderne Gebinde, das die hygienischen Anforderungen voll erf\u00fcllt und bequem in der Handhabung ist.Wir haben fast das ganze Jahr einen Vorrat an 5l und 10l Bag in Boxen. Diese bieten wir im &#8230; <a title=\"Pasteurisierter S\u00fcssmost\" class=\"read-more\" href=\"https:\/\/www.moschti.ch\/index.php\/pasteurisierter-suessmost\/\" aria-label=\"Mehr Informationen \u00fcber Pasteurisierter S\u00fcssmost\">Weiterlesen<\/a><\/p>\n","protected":false},"author":1,"featured_media":0,"parent":0,"menu_order":0,"comment_status":"closed","ping_status":"closed","template":"","meta":{"_uag_custom_page_level_css":"","pgc_sgb_lightbox_settings":"","_themeisle_gutenberg_block_has_review":false,"footnotes":""},"class_list":["post-52","page","type-page","status-publish"],"yoast_head":"<!-- This site is optimized with the Yoast SEO plugin v22.2 - https:\/\/yoast.com\/wordpress\/plugins\/seo\/ -->\n<title>Pasteurisierter S\u00fcssmost - Moschti<\/title>\n<meta name=\"description\" content=\"Der pasteurisierter S\u00fcssmost mit seinem nat\u00fcrlichen Zuckergehalt ist ein gesundes, bek\u00f6mmliches Getr\u00e4nk. Mit Mineralwasser vermischt erhalten Sie ihre eigene Schorle.\" \/>\n<meta name=\"robots\" content=\"index, follow, max-snippet:-1, max-image-preview:large, max-video-preview:-1\" \/>\n<link rel=\"canonical\" href=\"https:\/\/www.moschti.ch\/index.php\/pasteurisierter-suessmost\/\" \/>\n<meta property=\"og:locale\" content=\"de_DE\" \/>\n<meta property=\"og:type\" content=\"article\" \/>\n<meta property=\"og:title\" content=\"Pasteurisierter S\u00fcssmost - Moschti\" \/>\n<meta property=\"og:description\" content=\"Der pasteurisierter S\u00fcssmost mit seinem nat\u00fcrlichen Zuckergehalt ist ein gesundes, bek\u00f6mmliches Getr\u00e4nk. Mit Mineralwasser vermischt erhalten Sie ihre eigene Schorle.\" \/>\n<meta property=\"og:url\" content=\"https:\/\/www.moschti.ch\/index.php\/pasteurisierter-suessmost\/\" \/>\n<meta property=\"og:site_name\" content=\"Moschti\" \/>\n<meta property=\"article:modified_time\" content=\"2024-08-27T13:52:34+00:00\" \/>\n<meta property=\"og:image\" content=\"https:\/\/www.moschti.ch\/wp-content\/uploads\/2024\/04\/Bag-in-Box-768x1024.jpg\" \/>\n<meta name=\"twitter:card\" content=\"summary_large_image\" \/>\n<meta name=\"twitter:label1\" content=\"Gesch\u00e4tzte Lesezeit\" \/>\n\t<meta name=\"twitter:data1\" content=\"2\u00a0Minuten\" \/>\n<script type=\"application\/ld+json\" class=\"yoast-schema-graph\">{\"@context\":\"https:\/\/schema.org\",\"@graph\":[{\"@type\":\"WebPage\",\"@id\":\"https:\/\/www.moschti.ch\/index.php\/pasteurisierter-suessmost\/\",\"url\":\"https:\/\/www.moschti.ch\/index.php\/pasteurisierter-suessmost\/\",\"name\":\"Pasteurisierter S\u00fcssmost - Moschti\",\"isPartOf\":{\"@id\":\"https:\/\/www.moschti.ch\/#website\"},\"primaryImageOfPage\":{\"@id\":\"https:\/\/www.moschti.ch\/index.php\/pasteurisierter-suessmost\/#primaryimage\"},\"image\":{\"@id\":\"https:\/\/www.moschti.ch\/index.php\/pasteurisierter-suessmost\/#primaryimage\"},\"thumbnailUrl\":\"https:\/\/www.moschti.ch\/wp-content\/uploads\/2024\/04\/Bag-in-Box-768x1024.jpg\",\"datePublished\":\"2024-03-11T13:40:18+00:00\",\"dateModified\":\"2024-08-27T13:52:34+00:00\",\"description\":\"Der pasteurisierter S\u00fcssmost mit seinem nat\u00fcrlichen Zuckergehalt ist ein gesundes, bek\u00f6mmliches Getr\u00e4nk. Mit Mineralwasser vermischt erhalten Sie ihre eigene Schorle.\",\"inLanguage\":\"de\",\"potentialAction\":[{\"@type\":\"ReadAction\",\"target\":[\"https:\/\/www.moschti.ch\/index.php\/pasteurisierter-suessmost\/\"]}]},{\"@type\":\"ImageObject\",\"inLanguage\":\"de\",\"@id\":\"https:\/\/www.moschti.ch\/index.php\/pasteurisierter-suessmost\/#primaryimage\",\"url\":\"https:\/\/www.moschti.ch\/wp-content\/uploads\/2024\/04\/Bag-in-Box-scaled.jpg\",\"contentUrl\":\"https:\/\/www.moschti.ch\/wp-content\/uploads\/2024\/04\/Bag-in-Box-scaled.jpg\",\"width\":1920,\"height\":2560,\"caption\":\"Bag in Box Sortenrein Elstar\"},{\"@type\":\"WebSite\",\"@id\":\"https:\/\/www.moschti.ch\/#website\",\"url\":\"https:\/\/www.moschti.ch\/\",\"name\":\"Moschti\",\"description\":\"\",\"publisher\":{\"@id\":\"https:\/\/www.moschti.ch\/#organization\"},\"potentialAction\":[{\"@type\":\"SearchAction\",\"target\":{\"@type\":\"EntryPoint\",\"urlTemplate\":\"https:\/\/www.moschti.ch\/?s={search_term_string}\"},\"query-input\":\"required name=search_term_string\"}],\"inLanguage\":\"de\"},{\"@type\":\"Organization\",\"@id\":\"https:\/\/www.moschti.ch\/#organization\",\"name\":\"Moschti\",\"url\":\"https:\/\/www.moschti.ch\/\",\"logo\":{\"@type\":\"ImageObject\",\"inLanguage\":\"de\",\"@id\":\"https:\/\/www.moschti.ch\/#\/schema\/logo\/image\/\",\"url\":\"https:\/\/www.moschti.ch\/wp-content\/uploads\/2024\/03\/banner.jpg\",\"contentUrl\":\"https:\/\/www.moschti.ch\/wp-content\/uploads\/2024\/03\/banner.jpg\",\"width\":1000,\"height\":140,\"caption\":\"Moschti\"},\"image\":{\"@id\":\"https:\/\/www.moschti.ch\/#\/schema\/logo\/image\/\"}}]}<\/script>\n<!-- \/ Yoast SEO plugin. -->","yoast_head_json":{"title":"Pasteurisierter S\u00fcssmost - Moschti","description":"Der pasteurisierter S\u00fcssmost mit seinem nat\u00fcrlichen Zuckergehalt ist ein gesundes, bek\u00f6mmliches Getr\u00e4nk. Mit Mineralwasser vermischt erhalten Sie ihre eigene Schorle.","robots":{"index":"index","follow":"follow","max-snippet":"max-snippet:-1","max-image-preview":"max-image-preview:large","max-video-preview":"max-video-preview:-1"},"canonical":"https:\/\/www.moschti.ch\/index.php\/pasteurisierter-suessmost\/","og_locale":"de_DE","og_type":"article","og_title":"Pasteurisierter S\u00fcssmost - Moschti","og_description":"Der pasteurisierter S\u00fcssmost mit seinem nat\u00fcrlichen Zuckergehalt ist ein gesundes, bek\u00f6mmliches Getr\u00e4nk. Mit Mineralwasser vermischt erhalten Sie ihre eigene Schorle.","og_url":"https:\/\/www.moschti.ch\/index.php\/pasteurisierter-suessmost\/","og_site_name":"Moschti","article_modified_time":"2024-08-27T13:52:34+00:00","og_image":[{"url":"https:\/\/www.moschti.ch\/wp-content\/uploads\/2024\/04\/Bag-in-Box-768x1024.jpg"}],"twitter_card":"summary_large_image","twitter_misc":{"Gesch\u00e4tzte Lesezeit":"2\u00a0Minuten"},"schema":{"@context":"https:\/\/schema.org","@graph":[{"@type":"WebPage","@id":"https:\/\/www.moschti.ch\/index.php\/pasteurisierter-suessmost\/","url":"https:\/\/www.moschti.ch\/index.php\/pasteurisierter-suessmost\/","name":"Pasteurisierter S\u00fcssmost - Moschti","isPartOf":{"@id":"https:\/\/www.moschti.ch\/#website"},"primaryImageOfPage":{"@id":"https:\/\/www.moschti.ch\/index.php\/pasteurisierter-suessmost\/#primaryimage"},"image":{"@id":"https:\/\/www.moschti.ch\/index.php\/pasteurisierter-suessmost\/#primaryimage"},"thumbnailUrl":"https:\/\/www.moschti.ch\/wp-content\/uploads\/2024\/04\/Bag-in-Box-768x1024.jpg","datePublished":"2024-03-11T13:40:18+00:00","dateModified":"2024-08-27T13:52:34+00:00","description":"Der pasteurisierter S\u00fcssmost mit seinem nat\u00fcrlichen Zuckergehalt ist ein gesundes, bek\u00f6mmliches Getr\u00e4nk. Mit Mineralwasser vermischt erhalten Sie ihre eigene Schorle.","inLanguage":"de","potentialAction":[{"@type":"ReadAction","target":["https:\/\/www.moschti.ch\/index.php\/pasteurisierter-suessmost\/"]}]},{"@type":"ImageObject","inLanguage":"de","@id":"https:\/\/www.moschti.ch\/index.php\/pasteurisierter-suessmost\/#primaryimage","url":"https:\/\/www.moschti.ch\/wp-content\/uploads\/2024\/04\/Bag-in-Box-scaled.jpg","contentUrl":"https:\/\/www.moschti.ch\/wp-content\/uploads\/2024\/04\/Bag-in-Box-scaled.jpg","width":1920,"height":2560,"caption":"Bag in Box Sortenrein Elstar"},{"@type":"WebSite","@id":"https:\/\/www.moschti.ch\/#website","url":"https:\/\/www.moschti.ch\/","name":"Moschti","description":"","publisher":{"@id":"https:\/\/www.moschti.ch\/#organization"},"potentialAction":[{"@type":"SearchAction","target":{"@type":"EntryPoint","urlTemplate":"https:\/\/www.moschti.ch\/?s={search_term_string}"},"query-input":"required name=search_term_string"}],"inLanguage":"de"},{"@type":"Organization","@id":"https:\/\/www.moschti.ch\/#organization","name":"Moschti","url":"https:\/\/www.moschti.ch\/","logo":{"@type":"ImageObject","inLanguage":"de","@id":"https:\/\/www.moschti.ch\/#\/schema\/logo\/image\/","url":"https:\/\/www.moschti.ch\/wp-content\/uploads\/2024\/03\/banner.jpg","contentUrl":"https:\/\/www.moschti.ch\/wp-content\/uploads\/2024\/03\/banner.jpg","width":1000,"height":140,"caption":"Moschti"},"image":{"@id":"https:\/\/www.moschti.ch\/#\/schema\/logo\/image\/"}}]}},"uagb_featured_image_src":{"full":false,"thumbnail":false,"medium":false,"medium_large":false,"large":false,"1536x1536":false,"2048x2048":false},"uagb_author_info":{"display_name":"admin","author_link":"https:\/\/www.moschti.ch\/index.php\/author\/sysadmin\/"},"uagb_comment_info":0,"uagb_excerpt":"Damit S\u00fcssmost haltbar ist, muss man ihn pasteurisieren. Luftdicht verschlossen ist er mehr als 1 Jahr haltbar. Bag in Box ist das geeignete moderne Gebinde, das die hygienischen Anforderungen voll erf\u00fcllt und bequem in der Handhabung ist.Wir haben fast das ganze Jahr einen Vorrat an 5l und 10l Bag in Boxen. Diese bieten wir im&hellip;","_links":{"self":[{"href":"https:\/\/www.moschti.ch\/index.php\/wp-json\/wp\/v2\/pages\/52","targetHints":{"allow":["GET"]}}],"collection":[{"href":"https:\/\/www.moschti.ch\/index.php\/wp-json\/wp\/v2\/pages"}],"about":[{"href":"https:\/\/www.moschti.ch\/index.php\/wp-json\/wp\/v2\/types\/page"}],"author":[{"embeddable":true,"href":"https:\/\/www.moschti.ch\/index.php\/wp-json\/wp\/v2\/users\/1"}],"replies":[{"embeddable":true,"href":"https:\/\/www.moschti.ch\/index.php\/wp-json\/wp\/v2\/comments?post=52"}],"version-history":[{"count":10,"href":"https:\/\/www.moschti.ch\/index.php\/wp-json\/wp\/v2\/pages\/52\/revisions"}],"predecessor-version":[{"id":959,"href":"https:\/\/www.moschti.ch\/index.php\/wp-json\/wp\/v2\/pages\/52\/revisions\/959"}],"wp:attachment":[{"href":"https:\/\/www.moschti.ch\/index.php\/wp-json\/wp\/v2\/media?parent=52"}],"curies":[{"name":"wp","href":"https:\/\/api.w.org\/{rel}","templated":true}]}}