{"id":50,"date":"2024-03-11T13:39:49","date_gmt":"2024-03-11T13:39:49","guid":{"rendered":"https:\/\/www.moschti.ch\/?page_id=50"},"modified":"2024-08-14T12:35:52","modified_gmt":"2024-08-14T12:35:52","slug":"suessmost","status":"publish","type":"page","link":"https:\/\/www.moschti.ch\/index.php\/suessmost\/","title":{"rendered":"S\u00fcssmost"},"content":{"rendered":"\n<p>Sobald die \u00c4pfel reif sind und wir mit Pressen beginnen, gibt es auch S\u00fcssmost ab Presse in Selbstbedienung.<br>Vor dem Haus steht ein K\u00fchlschrank mit 10l Flaschen S\u00fcssmost, daneben PET Flaschen zum selber abf\u00fcllen. Sie k\u00f6nnen auch eigene, saubere Flaschen mitbringen und f\u00fcllen. <br>Hier finden Sie die aktuelle <a href=\"https:\/\/www.moschti.ch\/index.php\/verkauf\/\">Preisliste<\/a>: <br><br>Sie k\u00f6nnen den Geldbetrag in den Briefkasten werfen oder per TWINT bezahlen.<br>Bis die Saison gegen Ende Oktober zu Ende geht, besteht dieses Angebot. Die Infos sind auch am K\u00fchlschrank angebracht.<\/p>\n\n\n\n<figure class=\"wp-block-gallery has-nested-images columns-default is-cropped wp-block-gallery-1 is-layout-flex wp-block-gallery-is-layout-flex\">\n<figure class=\"wp-block-image size-large\"><img loading=\"lazy\" decoding=\"async\" width=\"768\" height=\"1024\" data-id=\"388\" src=\"https:\/\/www.moschti.ch\/wp-content\/uploads\/2024\/04\/10-l-Ballonflasche_-_-768x1024.jpg\" alt=\"\" class=\"wp-image-388\" srcset=\"https:\/\/www.moschti.ch\/wp-content\/uploads\/2024\/04\/10-l-Ballonflasche_-_-768x1024.jpg 768w, https:\/\/www.moschti.ch\/wp-content\/uploads\/2024\/04\/10-l-Ballonflasche_-_-225x300.jpg 225w, https:\/\/www.moschti.ch\/wp-content\/uploads\/2024\/04\/10-l-Ballonflasche_-_.jpg 1080w\" sizes=\"auto, (max-width: 768px) 100vw, 768px\" \/><figcaption class=\"wp-element-caption\">10 Liter Flasche<\/figcaption><\/figure>\n\n\n\n<figure class=\"wp-block-image size-large\"><img loading=\"lazy\" decoding=\"async\" width=\"768\" height=\"1024\" data-id=\"472\" src=\"https:\/\/www.moschti.ch\/wp-content\/uploads\/2024\/04\/Flasche-mit-Suessmost-ab-Presse-768x1024.jpg\" alt=\"\" class=\"wp-image-472\" srcset=\"https:\/\/www.moschti.ch\/wp-content\/uploads\/2024\/04\/Flasche-mit-Suessmost-ab-Presse-768x1024.jpg 768w, https:\/\/www.moschti.ch\/wp-content\/uploads\/2024\/04\/Flasche-mit-Suessmost-ab-Presse-225x300.jpg 225w, https:\/\/www.moschti.ch\/wp-content\/uploads\/2024\/04\/Flasche-mit-Suessmost-ab-Presse-1152x1536.jpg 1152w, https:\/\/www.moschti.ch\/wp-content\/uploads\/2024\/04\/Flasche-mit-Suessmost-ab-Presse-1536x2048.jpg 1536w, https:\/\/www.moschti.ch\/wp-content\/uploads\/2024\/04\/Flasche-mit-Suessmost-ab-Presse-scaled.jpg 1920w\" sizes=\"auto, (max-width: 768px) 100vw, 768px\" \/><figcaption class=\"wp-element-caption\">1 Flasche S\u00fcssmost ab Presse <\/figcaption><\/figure>\n\n\n\n<figure class=\"wp-block-image size-large\"><img loading=\"lazy\" decoding=\"async\" width=\"1024\" height=\"768\" data-id=\"471\" src=\"https:\/\/www.moschti.ch\/wp-content\/uploads\/2024\/04\/Becher-mit-Suessmoat-ab-Presse-1024x768.jpg\" alt=\"\" class=\"wp-image-471\" srcset=\"https:\/\/www.moschti.ch\/wp-content\/uploads\/2024\/04\/Becher-mit-Suessmoat-ab-Presse-1024x768.jpg 1024w, https:\/\/www.moschti.ch\/wp-content\/uploads\/2024\/04\/Becher-mit-Suessmoat-ab-Presse-300x225.jpg 300w, https:\/\/www.moschti.ch\/wp-content\/uploads\/2024\/04\/Becher-mit-Suessmoat-ab-Presse-768x576.jpg 768w, https:\/\/www.moschti.ch\/wp-content\/uploads\/2024\/04\/Becher-mit-Suessmoat-ab-Presse-1536x1152.jpg 1536w, https:\/\/www.moschti.ch\/wp-content\/uploads\/2024\/04\/Becher-mit-Suessmoat-ab-Presse-2048x1536.jpg 2048w\" sizes=\"auto, (max-width: 1024px) 100vw, 1024px\" \/><figcaption class=\"wp-element-caption\">Becher mit S\u00fcssmost ab Presse<\/figcaption><\/figure>\n<\/figure>\n","protected":false},"excerpt":{"rendered":"<p>Sobald die \u00c4pfel reif sind und wir mit Pressen beginnen, gibt es auch S\u00fcssmost ab Presse in Selbstbedienung.Vor dem Haus steht ein K\u00fchlschrank mit 10l Flaschen S\u00fcssmost, daneben PET Flaschen zum selber abf\u00fcllen. Sie k\u00f6nnen auch eigene, saubere Flaschen mitbringen und f\u00fcllen. Hier finden Sie die aktuelle Preisliste: Sie k\u00f6nnen den Geldbetrag in den Briefkasten &#8230; <a title=\"S\u00fcssmost\" class=\"read-more\" href=\"https:\/\/www.moschti.ch\/index.php\/suessmost\/\" aria-label=\"Mehr Informationen \u00fcber S\u00fcssmost\">Weiterlesen<\/a><\/p>\n","protected":false},"author":1,"featured_media":0,"parent":0,"menu_order":0,"comment_status":"closed","ping_status":"closed","template":"","meta":{"_uag_custom_page_level_css":"","pgc_sgb_lightbox_settings":"","_themeisle_gutenberg_block_has_review":false,"footnotes":""},"class_list":["post-50","page","type-page","status-publish"],"yoast_head":"<!-- This site is optimized with the Yoast SEO plugin v22.2 - https:\/\/yoast.com\/wordpress\/plugins\/seo\/ -->\n<title>S\u00fcssmost - Moschti<\/title>\n<meta name=\"description\" content=\"Selber frisch gepressten Apfelsaft in PET Flaschen oder Glasflaschen abf\u00fcllen.\" \/>\n<meta name=\"robots\" content=\"index, follow, max-snippet:-1, max-image-preview:large, max-video-preview:-1\" \/>\n<link rel=\"canonical\" href=\"https:\/\/www.moschti.ch\/index.php\/suessmost\/\" \/>\n<meta property=\"og:locale\" content=\"de_DE\" \/>\n<meta property=\"og:type\" content=\"article\" \/>\n<meta property=\"og:title\" content=\"S\u00fcssmost - Moschti\" \/>\n<meta property=\"og:description\" content=\"Selber frisch gepressten Apfelsaft in PET Flaschen oder Glasflaschen abf\u00fcllen.\" \/>\n<meta property=\"og:url\" content=\"https:\/\/www.moschti.ch\/index.php\/suessmost\/\" \/>\n<meta property=\"og:site_name\" content=\"Moschti\" \/>\n<meta property=\"article:modified_time\" content=\"2024-08-14T12:35:52+00:00\" \/>\n<meta property=\"og:image\" content=\"https:\/\/www.moschti.ch\/wp-content\/uploads\/2024\/04\/10-l-Ballonflasche_-_-768x1024.jpg\" \/>\n<meta name=\"twitter:card\" content=\"summary_large_image\" \/>\n<meta name=\"twitter:label1\" content=\"Gesch\u00e4tzte Lesezeit\" \/>\n\t<meta name=\"twitter:data1\" content=\"2\u00a0Minuten\" \/>\n<script type=\"application\/ld+json\" class=\"yoast-schema-graph\">{\"@context\":\"https:\/\/schema.org\",\"@graph\":[{\"@type\":\"WebPage\",\"@id\":\"https:\/\/www.moschti.ch\/index.php\/suessmost\/\",\"url\":\"https:\/\/www.moschti.ch\/index.php\/suessmost\/\",\"name\":\"S\u00fcssmost - Moschti\",\"isPartOf\":{\"@id\":\"https:\/\/www.moschti.ch\/#website\"},\"primaryImageOfPage\":{\"@id\":\"https:\/\/www.moschti.ch\/index.php\/suessmost\/#primaryimage\"},\"image\":{\"@id\":\"https:\/\/www.moschti.ch\/index.php\/suessmost\/#primaryimage\"},\"thumbnailUrl\":\"https:\/\/www.moschti.ch\/wp-content\/uploads\/2024\/04\/10-l-Ballonflasche_-_-768x1024.jpg\",\"datePublished\":\"2024-03-11T13:39:49+00:00\",\"dateModified\":\"2024-08-14T12:35:52+00:00\",\"description\":\"Selber frisch gepressten Apfelsaft in PET Flaschen oder Glasflaschen abf\u00fcllen.\",\"inLanguage\":\"de\",\"potentialAction\":[{\"@type\":\"ReadAction\",\"target\":[\"https:\/\/www.moschti.ch\/index.php\/suessmost\/\"]}]},{\"@type\":\"ImageObject\",\"inLanguage\":\"de\",\"@id\":\"https:\/\/www.moschti.ch\/index.php\/suessmost\/#primaryimage\",\"url\":\"https:\/\/www.moschti.ch\/wp-content\/uploads\/2024\/04\/10-l-Ballonflasche_-_.jpg\",\"contentUrl\":\"https:\/\/www.moschti.ch\/wp-content\/uploads\/2024\/04\/10-l-Ballonflasche_-_.jpg\",\"width\":1080,\"height\":1440,\"caption\":\"10L Flasche\"},{\"@type\":\"WebSite\",\"@id\":\"https:\/\/www.moschti.ch\/#website\",\"url\":\"https:\/\/www.moschti.ch\/\",\"name\":\"Moschti\",\"description\":\"\",\"publisher\":{\"@id\":\"https:\/\/www.moschti.ch\/#organization\"},\"potentialAction\":[{\"@type\":\"SearchAction\",\"target\":{\"@type\":\"EntryPoint\",\"urlTemplate\":\"https:\/\/www.moschti.ch\/?s={search_term_string}\"},\"query-input\":\"required name=search_term_string\"}],\"inLanguage\":\"de\"},{\"@type\":\"Organization\",\"@id\":\"https:\/\/www.moschti.ch\/#organization\",\"name\":\"Moschti\",\"url\":\"https:\/\/www.moschti.ch\/\",\"logo\":{\"@type\":\"ImageObject\",\"inLanguage\":\"de\",\"@id\":\"https:\/\/www.moschti.ch\/#\/schema\/logo\/image\/\",\"url\":\"https:\/\/www.moschti.ch\/wp-content\/uploads\/2024\/03\/banner.jpg\",\"contentUrl\":\"https:\/\/www.moschti.ch\/wp-content\/uploads\/2024\/03\/banner.jpg\",\"width\":1000,\"height\":140,\"caption\":\"Moschti\"},\"image\":{\"@id\":\"https:\/\/www.moschti.ch\/#\/schema\/logo\/image\/\"}}]}<\/script>\n<!-- \/ Yoast SEO plugin. -->","yoast_head_json":{"title":"S\u00fcssmost - Moschti","description":"Selber frisch gepressten Apfelsaft in PET Flaschen oder Glasflaschen abf\u00fcllen.","robots":{"index":"index","follow":"follow","max-snippet":"max-snippet:-1","max-image-preview":"max-image-preview:large","max-video-preview":"max-video-preview:-1"},"canonical":"https:\/\/www.moschti.ch\/index.php\/suessmost\/","og_locale":"de_DE","og_type":"article","og_title":"S\u00fcssmost - Moschti","og_description":"Selber frisch gepressten Apfelsaft in PET Flaschen oder Glasflaschen abf\u00fcllen.","og_url":"https:\/\/www.moschti.ch\/index.php\/suessmost\/","og_site_name":"Moschti","article_modified_time":"2024-08-14T12:35:52+00:00","og_image":[{"url":"https:\/\/www.moschti.ch\/wp-content\/uploads\/2024\/04\/10-l-Ballonflasche_-_-768x1024.jpg"}],"twitter_card":"summary_large_image","twitter_misc":{"Gesch\u00e4tzte Lesezeit":"2\u00a0Minuten"},"schema":{"@context":"https:\/\/schema.org","@graph":[{"@type":"WebPage","@id":"https:\/\/www.moschti.ch\/index.php\/suessmost\/","url":"https:\/\/www.moschti.ch\/index.php\/suessmost\/","name":"S\u00fcssmost - Moschti","isPartOf":{"@id":"https:\/\/www.moschti.ch\/#website"},"primaryImageOfPage":{"@id":"https:\/\/www.moschti.ch\/index.php\/suessmost\/#primaryimage"},"image":{"@id":"https:\/\/www.moschti.ch\/index.php\/suessmost\/#primaryimage"},"thumbnailUrl":"https:\/\/www.moschti.ch\/wp-content\/uploads\/2024\/04\/10-l-Ballonflasche_-_-768x1024.jpg","datePublished":"2024-03-11T13:39:49+00:00","dateModified":"2024-08-14T12:35:52+00:00","description":"Selber frisch gepressten Apfelsaft in PET Flaschen oder Glasflaschen abf\u00fcllen.","inLanguage":"de","potentialAction":[{"@type":"ReadAction","target":["https:\/\/www.moschti.ch\/index.php\/suessmost\/"]}]},{"@type":"ImageObject","inLanguage":"de","@id":"https:\/\/www.moschti.ch\/index.php\/suessmost\/#primaryimage","url":"https:\/\/www.moschti.ch\/wp-content\/uploads\/2024\/04\/10-l-Ballonflasche_-_.jpg","contentUrl":"https:\/\/www.moschti.ch\/wp-content\/uploads\/2024\/04\/10-l-Ballonflasche_-_.jpg","width":1080,"height":1440,"caption":"10L Flasche"},{"@type":"WebSite","@id":"https:\/\/www.moschti.ch\/#website","url":"https:\/\/www.moschti.ch\/","name":"Moschti","description":"","publisher":{"@id":"https:\/\/www.moschti.ch\/#organization"},"potentialAction":[{"@type":"SearchAction","target":{"@type":"EntryPoint","urlTemplate":"https:\/\/www.moschti.ch\/?s={search_term_string}"},"query-input":"required name=search_term_string"}],"inLanguage":"de"},{"@type":"Organization","@id":"https:\/\/www.moschti.ch\/#organization","name":"Moschti","url":"https:\/\/www.moschti.ch\/","logo":{"@type":"ImageObject","inLanguage":"de","@id":"https:\/\/www.moschti.ch\/#\/schema\/logo\/image\/","url":"https:\/\/www.moschti.ch\/wp-content\/uploads\/2024\/03\/banner.jpg","contentUrl":"https:\/\/www.moschti.ch\/wp-content\/uploads\/2024\/03\/banner.jpg","width":1000,"height":140,"caption":"Moschti"},"image":{"@id":"https:\/\/www.moschti.ch\/#\/schema\/logo\/image\/"}}]}},"uagb_featured_image_src":{"full":false,"thumbnail":false,"medium":false,"medium_large":false,"large":false,"1536x1536":false,"2048x2048":false},"uagb_author_info":{"display_name":"admin","author_link":"https:\/\/www.moschti.ch\/index.php\/author\/sysadmin\/"},"uagb_comment_info":0,"uagb_excerpt":"Sobald die \u00c4pfel reif sind und wir mit Pressen beginnen, gibt es auch S\u00fcssmost ab Presse in Selbstbedienung.Vor dem Haus steht ein K\u00fchlschrank mit 10l Flaschen S\u00fcssmost, daneben PET Flaschen zum selber abf\u00fcllen. Sie k\u00f6nnen auch eigene, saubere Flaschen mitbringen und f\u00fcllen. Hier finden Sie die aktuelle Preisliste: Sie k\u00f6nnen den Geldbetrag in den Briefkasten&hellip;","_links":{"self":[{"href":"https:\/\/www.moschti.ch\/index.php\/wp-json\/wp\/v2\/pages\/50","targetHints":{"allow":["GET"]}}],"collection":[{"href":"https:\/\/www.moschti.ch\/index.php\/wp-json\/wp\/v2\/pages"}],"about":[{"href":"https:\/\/www.moschti.ch\/index.php\/wp-json\/wp\/v2\/types\/page"}],"author":[{"embeddable":true,"href":"https:\/\/www.moschti.ch\/index.php\/wp-json\/wp\/v2\/users\/1"}],"replies":[{"embeddable":true,"href":"https:\/\/www.moschti.ch\/index.php\/wp-json\/wp\/v2\/comments?post=50"}],"version-history":[{"count":5,"href":"https:\/\/www.moschti.ch\/index.php\/wp-json\/wp\/v2\/pages\/50\/revisions"}],"predecessor-version":[{"id":838,"href":"https:\/\/www.moschti.ch\/index.php\/wp-json\/wp\/v2\/pages\/50\/revisions\/838"}],"wp:attachment":[{"href":"https:\/\/www.moschti.ch\/index.php\/wp-json\/wp\/v2\/media?parent=50"}],"curies":[{"name":"wp","href":"https:\/\/api.w.org\/{rel}","templated":true}]}}