{"id":42,"date":"2024-03-11T13:38:49","date_gmt":"2024-03-11T13:38:49","guid":{"rendered":"https:\/\/www.moschti.ch\/?page_id=42"},"modified":"2024-08-13T19:55:03","modified_gmt":"2024-08-13T19:55:03","slug":"gebinde","status":"publish","type":"page","link":"https:\/\/www.moschti.ch\/index.php\/gebinde\/","title":{"rendered":"Gebinde"},"content":{"rendered":"\n<p>F\u00fcr die verschiedenen S\u00fcssmostprodukte gibt es eine Vielzahl geeigneter und weniger geeigneter Gef\u00e4sse. Hier eine kleine Auswahl, welche aus unserer Sicht gut f\u00fcr das Getr\u00e4nk S\u00fcssmost sind. Die gute, alte 25 Liter Ballonflasche. F\u00fcr grosse Familien oder Anl\u00e4sse mit vielen Personen immer noch aktuell. Pasteuriesiert und mit dem Zapfen fest verschlossen \u00fcber 1 Jahr haltbar. Einmal &#8222;angestochen&#8220; sprich ge\u00f6ffnet, muss der S\u00fcssmost innert ca. 3 Wochen getrunken werden. Entweder er f\u00e4ngt an zu g\u00e4ren oder es entwickeln sich Schimmelpilze. Ist der S\u00fcssmost getrunken, muss die Flasche mit das Schl\u00e4uchli sofort gereinigt werden. Sonst bilden sich auch hier sofort Schimmelpilze. Die kleinere Variante ist die Ballonflasche mit <br>10 Litern. Leider ist die Anschaffung etwas teuer. Auch diese brauchen wir oft an Anl\u00e4ssen f\u00fcr Aperos.<\/p>\n\n\n\n<p>Die Moderne PET Flasche. F\u00fcr S\u00fcssmost ab Presse bestens geeignet. In gebrauchten PET Flaschen sollte vorher nur Mineralwasser drin gewesen sein.&nbsp;<\/p>\n\n\n\n<figure class=\"wp-block-gallery has-nested-images columns-default is-cropped wp-block-gallery-1 is-layout-flex wp-block-gallery-is-layout-flex\">\n<figure class=\"wp-block-image size-large\"><img loading=\"lazy\" decoding=\"async\" width=\"697\" height=\"1024\" data-id=\"389\" src=\"https:\/\/www.moschti.ch\/wp-content\/uploads\/2024\/04\/25-er-Flaschen_-_-697x1024.jpg\" alt=\"\" class=\"wp-image-389\" srcset=\"https:\/\/www.moschti.ch\/wp-content\/uploads\/2024\/04\/25-er-Flaschen_-_-697x1024.jpg 697w, https:\/\/www.moschti.ch\/wp-content\/uploads\/2024\/04\/25-er-Flaschen_-_-204x300.jpg 204w, https:\/\/www.moschti.ch\/wp-content\/uploads\/2024\/04\/25-er-Flaschen_-_-768x1128.jpg 768w, https:\/\/www.moschti.ch\/wp-content\/uploads\/2024\/04\/25-er-Flaschen_-_-1046x1536.jpg 1046w, https:\/\/www.moschti.ch\/wp-content\/uploads\/2024\/04\/25-er-Flaschen_-_.jpg 1080w\" sizes=\"auto, (max-width: 697px) 100vw, 697px\" \/><figcaption class=\"wp-element-caption\">25L Flaschen<\/figcaption><\/figure>\n\n\n\n<figure class=\"wp-block-image size-large\"><img loading=\"lazy\" decoding=\"async\" width=\"768\" height=\"1024\" data-id=\"388\" src=\"https:\/\/www.moschti.ch\/wp-content\/uploads\/2024\/04\/10-l-Ballonflasche_-_-768x1024.jpg\" alt=\"\" class=\"wp-image-388\" srcset=\"https:\/\/www.moschti.ch\/wp-content\/uploads\/2024\/04\/10-l-Ballonflasche_-_-768x1024.jpg 768w, https:\/\/www.moschti.ch\/wp-content\/uploads\/2024\/04\/10-l-Ballonflasche_-_-225x300.jpg 225w, https:\/\/www.moschti.ch\/wp-content\/uploads\/2024\/04\/10-l-Ballonflasche_-_.jpg 1080w\" sizes=\"auto, (max-width: 768px) 100vw, 768px\" \/><figcaption class=\"wp-element-caption\">10L Flasche<\/figcaption><\/figure>\n\n\n\n<figure class=\"wp-block-image size-large\"><img loading=\"lazy\" decoding=\"async\" width=\"1024\" height=\"768\" data-id=\"386\" src=\"https:\/\/www.moschti.ch\/wp-content\/uploads\/2024\/04\/PET-Flaschen-_-_-1024x768.jpg\" alt=\"\" class=\"wp-image-386\" srcset=\"https:\/\/www.moschti.ch\/wp-content\/uploads\/2024\/04\/PET-Flaschen-_-_-1024x768.jpg 1024w, https:\/\/www.moschti.ch\/wp-content\/uploads\/2024\/04\/PET-Flaschen-_-_-300x225.jpg 300w, https:\/\/www.moschti.ch\/wp-content\/uploads\/2024\/04\/PET-Flaschen-_-_-768x576.jpg 768w, https:\/\/www.moschti.ch\/wp-content\/uploads\/2024\/04\/PET-Flaschen-_-_.jpg 1440w\" sizes=\"auto, (max-width: 1024px) 100vw, 1024px\" \/><figcaption class=\"wp-element-caption\">PET Flaschen<\/figcaption><\/figure>\n\n\n\n<figure class=\"wp-block-image size-large\"><img loading=\"lazy\" decoding=\"async\" width=\"1024\" height=\"683\" data-id=\"385\" src=\"https:\/\/www.moschti.ch\/wp-content\/uploads\/2024\/04\/Glas-und-Petflaschen_-_-1024x683.jpg\" alt=\"\" class=\"wp-image-385\" srcset=\"https:\/\/www.moschti.ch\/wp-content\/uploads\/2024\/04\/Glas-und-Petflaschen_-_-1024x683.jpg 1024w, https:\/\/www.moschti.ch\/wp-content\/uploads\/2024\/04\/Glas-und-Petflaschen_-_-300x200.jpg 300w, https:\/\/www.moschti.ch\/wp-content\/uploads\/2024\/04\/Glas-und-Petflaschen_-_-768x512.jpg 768w, https:\/\/www.moschti.ch\/wp-content\/uploads\/2024\/04\/Glas-und-Petflaschen_-_-1536x1024.jpg 1536w, https:\/\/www.moschti.ch\/wp-content\/uploads\/2024\/04\/Glas-und-Petflaschen_-_.jpg 1620w\" sizes=\"auto, (max-width: 1024px) 100vw, 1024px\" \/><figcaption class=\"wp-element-caption\">Verschiedene Glasflaschen<\/figcaption><\/figure>\n\n\n\n<figure class=\"wp-block-image size-large\"><img loading=\"lazy\" decoding=\"async\" width=\"768\" height=\"1024\" data-id=\"390\" src=\"https:\/\/www.moschti.ch\/wp-content\/uploads\/2024\/04\/Bag-in-Box_-_-768x1024.jpg\" alt=\"\" class=\"wp-image-390\" srcset=\"https:\/\/www.moschti.ch\/wp-content\/uploads\/2024\/04\/Bag-in-Box_-_-768x1024.jpg 768w, https:\/\/www.moschti.ch\/wp-content\/uploads\/2024\/04\/Bag-in-Box_-_-225x300.jpg 225w, https:\/\/www.moschti.ch\/wp-content\/uploads\/2024\/04\/Bag-in-Box_-_.jpg 1080w\" sizes=\"auto, (max-width: 768px) 100vw, 768px\" \/><figcaption class=\"wp-element-caption\">Bag in Box 5l oder 10l<\/figcaption><\/figure>\n\n\n\n<figure class=\"wp-block-image size-large\"><img loading=\"lazy\" decoding=\"async\" width=\"514\" height=\"1024\" data-id=\"387\" src=\"https:\/\/www.moschti.ch\/wp-content\/uploads\/2024\/04\/Drucktank_-_-514x1024.jpg\" alt=\"\" class=\"wp-image-387\" srcset=\"https:\/\/www.moschti.ch\/wp-content\/uploads\/2024\/04\/Drucktank_-_-514x1024.jpg 514w, https:\/\/www.moschti.ch\/wp-content\/uploads\/2024\/04\/Drucktank_-_-151x300.jpg 151w, https:\/\/www.moschti.ch\/wp-content\/uploads\/2024\/04\/Drucktank_-_-768x1530.jpg 768w, https:\/\/www.moschti.ch\/wp-content\/uploads\/2024\/04\/Drucktank_-_-771x1536.jpg 771w, https:\/\/www.moschti.ch\/wp-content\/uploads\/2024\/04\/Drucktank_-_.jpg 964w\" sizes=\"auto, (max-width: 514px) 100vw, 514px\" \/><figcaption class=\"wp-element-caption\">Druck Tank<\/figcaption><\/figure>\n<\/figure>\n\n\n\n<p>Verschiedene 1l Glasflaschen eignen sich f\u00fcr S\u00fcssmost frisch oder pasteuriesiert. Nachteil: M\u00fcssen sehr sauber gewaschen sein, Glasbruch beim einf\u00fcllen des heissen Mostes, teurer beim pasteurisieren da doch ein erheblicher Mehraufwand entsteht. Ge\u00f6ffnet w\u00e4hrend ca. 1 Woche im K\u00fchlschrank haltbar. <\/p>\n\n\n\n<p>Moderne Bag in Box. Der S\u00fcssmost wird mit der <a href=\"https:\/\/www.moschti.ch\/index.php\/pasteurisieren\/\">Abf\u00fcllanlage<\/a> heiss in die speziellen Plastiks\u00e4cke abgef\u00fcllt und luftdicht mit einem H\u00e4hnchen verschlossen. Der Vorteil liegt in der Bequemlichkeit der Handhabung. 5l Bag in Box haben im K\u00fchlschrank Platz. Die Karton sind verschieden im Aussehen, je nach Geschmack. Bag in Box sind unge\u00f6ffnet bis 2 Jahre Haltbar, ge\u00f6ffnet ca. 8 Wochen. Da der Sack im Karton beim Herauslassen des Mostes in sich zusammenf\u00e4llt, kann keine Luft in den Sack gelangen und somit f\u00e4ngt der Most auch nicht zu g\u00e4ren an.<\/p>\n\n\n\n<p>Einige Kunden bringen uns einen Chromstahl-Drucktank. Diese werden mit frischem S\u00fcssmost gef\u00fcllt. Dann nach Anleitung des Herstellers weiter handhaben. Wir selbst verkaufen keine Drucktanks.<\/p>\n\n\n\n<p><\/p>\n\n\n\n<p><\/p>\n","protected":false},"excerpt":{"rendered":"<p>F\u00fcr die verschiedenen S\u00fcssmostprodukte gibt es eine Vielzahl geeigneter und weniger geeigneter Gef\u00e4sse. Hier eine kleine Auswahl, welche aus unserer Sicht gut f\u00fcr das Getr\u00e4nk S\u00fcssmost sind. Die gute, alte 25 Liter Ballonflasche. F\u00fcr grosse Familien oder Anl\u00e4sse mit vielen Personen immer noch aktuell. Pasteuriesiert und mit dem Zapfen fest verschlossen \u00fcber 1 Jahr haltbar. &#8230; <a title=\"Gebinde\" class=\"read-more\" href=\"https:\/\/www.moschti.ch\/index.php\/gebinde\/\" aria-label=\"Mehr Informationen \u00fcber Gebinde\">Weiterlesen<\/a><\/p>\n","protected":false},"author":1,"featured_media":0,"parent":0,"menu_order":0,"comment_status":"closed","ping_status":"closed","template":"","meta":{"_uag_custom_page_level_css":"","pgc_sgb_lightbox_settings":"","_themeisle_gutenberg_block_has_review":false,"footnotes":""},"class_list":["post-42","page","type-page","status-publish"],"yoast_head":"<!-- This site is optimized with the Yoast SEO plugin v22.2 - https:\/\/yoast.com\/wordpress\/plugins\/seo\/ -->\n<title>Gebinde - Moschti<\/title>\n<meta name=\"description\" content=\"Die gute alte Glasflasche musste den modernen Gebinden wie Bag in Boxen und PET Flaschen in verschiedenen G\u00f6ssen Platz machen.\" \/>\n<meta name=\"robots\" content=\"index, follow, max-snippet:-1, max-image-preview:large, max-video-preview:-1\" \/>\n<link rel=\"canonical\" href=\"https:\/\/www.moschti.ch\/index.php\/gebinde\/\" \/>\n<meta property=\"og:locale\" content=\"de_DE\" \/>\n<meta property=\"og:type\" content=\"article\" \/>\n<meta property=\"og:title\" content=\"Gebinde - Moschti\" \/>\n<meta property=\"og:description\" content=\"Die gute alte Glasflasche musste den modernen Gebinden wie Bag in Boxen und PET Flaschen in verschiedenen G\u00f6ssen Platz machen.\" \/>\n<meta property=\"og:url\" content=\"https:\/\/www.moschti.ch\/index.php\/gebinde\/\" \/>\n<meta property=\"og:site_name\" content=\"Moschti\" \/>\n<meta property=\"article:modified_time\" content=\"2024-08-13T19:55:03+00:00\" \/>\n<meta property=\"og:image\" content=\"https:\/\/www.moschti.ch\/wp-content\/uploads\/2024\/04\/25-er-Flaschen_-_-697x1024.jpg\" \/>\n<meta name=\"twitter:card\" content=\"summary_large_image\" \/>\n<meta name=\"twitter:label1\" content=\"Gesch\u00e4tzte Lesezeit\" \/>\n\t<meta name=\"twitter:data1\" content=\"3\u00a0Minuten\" \/>\n<script type=\"application\/ld+json\" class=\"yoast-schema-graph\">{\"@context\":\"https:\/\/schema.org\",\"@graph\":[{\"@type\":\"WebPage\",\"@id\":\"https:\/\/www.moschti.ch\/index.php\/gebinde\/\",\"url\":\"https:\/\/www.moschti.ch\/index.php\/gebinde\/\",\"name\":\"Gebinde - Moschti\",\"isPartOf\":{\"@id\":\"https:\/\/www.moschti.ch\/#website\"},\"primaryImageOfPage\":{\"@id\":\"https:\/\/www.moschti.ch\/index.php\/gebinde\/#primaryimage\"},\"image\":{\"@id\":\"https:\/\/www.moschti.ch\/index.php\/gebinde\/#primaryimage\"},\"thumbnailUrl\":\"https:\/\/www.moschti.ch\/wp-content\/uploads\/2024\/04\/25-er-Flaschen_-_-697x1024.jpg\",\"datePublished\":\"2024-03-11T13:38:49+00:00\",\"dateModified\":\"2024-08-13T19:55:03+00:00\",\"description\":\"Die gute alte Glasflasche musste den modernen Gebinden wie Bag in Boxen und PET Flaschen in verschiedenen G\u00f6ssen Platz machen.\",\"inLanguage\":\"de\",\"potentialAction\":[{\"@type\":\"ReadAction\",\"target\":[\"https:\/\/www.moschti.ch\/index.php\/gebinde\/\"]}]},{\"@type\":\"ImageObject\",\"inLanguage\":\"de\",\"@id\":\"https:\/\/www.moschti.ch\/index.php\/gebinde\/#primaryimage\",\"url\":\"https:\/\/www.moschti.ch\/wp-content\/uploads\/2024\/04\/25-er-Flaschen_-_.jpg\",\"contentUrl\":\"https:\/\/www.moschti.ch\/wp-content\/uploads\/2024\/04\/25-er-Flaschen_-_.jpg\",\"width\":1080,\"height\":1586,\"caption\":\"25L Flaschen\"},{\"@type\":\"WebSite\",\"@id\":\"https:\/\/www.moschti.ch\/#website\",\"url\":\"https:\/\/www.moschti.ch\/\",\"name\":\"Moschti\",\"description\":\"\",\"publisher\":{\"@id\":\"https:\/\/www.moschti.ch\/#organization\"},\"potentialAction\":[{\"@type\":\"SearchAction\",\"target\":{\"@type\":\"EntryPoint\",\"urlTemplate\":\"https:\/\/www.moschti.ch\/?s={search_term_string}\"},\"query-input\":\"required name=search_term_string\"}],\"inLanguage\":\"de\"},{\"@type\":\"Organization\",\"@id\":\"https:\/\/www.moschti.ch\/#organization\",\"name\":\"Moschti\",\"url\":\"https:\/\/www.moschti.ch\/\",\"logo\":{\"@type\":\"ImageObject\",\"inLanguage\":\"de\",\"@id\":\"https:\/\/www.moschti.ch\/#\/schema\/logo\/image\/\",\"url\":\"https:\/\/www.moschti.ch\/wp-content\/uploads\/2024\/03\/banner.jpg\",\"contentUrl\":\"https:\/\/www.moschti.ch\/wp-content\/uploads\/2024\/03\/banner.jpg\",\"width\":1000,\"height\":140,\"caption\":\"Moschti\"},\"image\":{\"@id\":\"https:\/\/www.moschti.ch\/#\/schema\/logo\/image\/\"}}]}<\/script>\n<!-- \/ Yoast SEO plugin. -->","yoast_head_json":{"title":"Gebinde - Moschti","description":"Die gute alte Glasflasche musste den modernen Gebinden wie Bag in Boxen und PET Flaschen in verschiedenen G\u00f6ssen Platz machen.","robots":{"index":"index","follow":"follow","max-snippet":"max-snippet:-1","max-image-preview":"max-image-preview:large","max-video-preview":"max-video-preview:-1"},"canonical":"https:\/\/www.moschti.ch\/index.php\/gebinde\/","og_locale":"de_DE","og_type":"article","og_title":"Gebinde - Moschti","og_description":"Die gute alte Glasflasche musste den modernen Gebinden wie Bag in Boxen und PET Flaschen in verschiedenen G\u00f6ssen Platz machen.","og_url":"https:\/\/www.moschti.ch\/index.php\/gebinde\/","og_site_name":"Moschti","article_modified_time":"2024-08-13T19:55:03+00:00","og_image":[{"url":"https:\/\/www.moschti.ch\/wp-content\/uploads\/2024\/04\/25-er-Flaschen_-_-697x1024.jpg"}],"twitter_card":"summary_large_image","twitter_misc":{"Gesch\u00e4tzte Lesezeit":"3\u00a0Minuten"},"schema":{"@context":"https:\/\/schema.org","@graph":[{"@type":"WebPage","@id":"https:\/\/www.moschti.ch\/index.php\/gebinde\/","url":"https:\/\/www.moschti.ch\/index.php\/gebinde\/","name":"Gebinde - Moschti","isPartOf":{"@id":"https:\/\/www.moschti.ch\/#website"},"primaryImageOfPage":{"@id":"https:\/\/www.moschti.ch\/index.php\/gebinde\/#primaryimage"},"image":{"@id":"https:\/\/www.moschti.ch\/index.php\/gebinde\/#primaryimage"},"thumbnailUrl":"https:\/\/www.moschti.ch\/wp-content\/uploads\/2024\/04\/25-er-Flaschen_-_-697x1024.jpg","datePublished":"2024-03-11T13:38:49+00:00","dateModified":"2024-08-13T19:55:03+00:00","description":"Die gute alte Glasflasche musste den modernen Gebinden wie Bag in Boxen und PET Flaschen in verschiedenen G\u00f6ssen Platz machen.","inLanguage":"de","potentialAction":[{"@type":"ReadAction","target":["https:\/\/www.moschti.ch\/index.php\/gebinde\/"]}]},{"@type":"ImageObject","inLanguage":"de","@id":"https:\/\/www.moschti.ch\/index.php\/gebinde\/#primaryimage","url":"https:\/\/www.moschti.ch\/wp-content\/uploads\/2024\/04\/25-er-Flaschen_-_.jpg","contentUrl":"https:\/\/www.moschti.ch\/wp-content\/uploads\/2024\/04\/25-er-Flaschen_-_.jpg","width":1080,"height":1586,"caption":"25L Flaschen"},{"@type":"WebSite","@id":"https:\/\/www.moschti.ch\/#website","url":"https:\/\/www.moschti.ch\/","name":"Moschti","description":"","publisher":{"@id":"https:\/\/www.moschti.ch\/#organization"},"potentialAction":[{"@type":"SearchAction","target":{"@type":"EntryPoint","urlTemplate":"https:\/\/www.moschti.ch\/?s={search_term_string}"},"query-input":"required name=search_term_string"}],"inLanguage":"de"},{"@type":"Organization","@id":"https:\/\/www.moschti.ch\/#organization","name":"Moschti","url":"https:\/\/www.moschti.ch\/","logo":{"@type":"ImageObject","inLanguage":"de","@id":"https:\/\/www.moschti.ch\/#\/schema\/logo\/image\/","url":"https:\/\/www.moschti.ch\/wp-content\/uploads\/2024\/03\/banner.jpg","contentUrl":"https:\/\/www.moschti.ch\/wp-content\/uploads\/2024\/03\/banner.jpg","width":1000,"height":140,"caption":"Moschti"},"image":{"@id":"https:\/\/www.moschti.ch\/#\/schema\/logo\/image\/"}}]}},"uagb_featured_image_src":{"full":false,"thumbnail":false,"medium":false,"medium_large":false,"large":false,"1536x1536":false,"2048x2048":false},"uagb_author_info":{"display_name":"admin","author_link":"https:\/\/www.moschti.ch\/index.php\/author\/sysadmin\/"},"uagb_comment_info":0,"uagb_excerpt":"F\u00fcr die verschiedenen S\u00fcssmostprodukte gibt es eine Vielzahl geeigneter und weniger geeigneter Gef\u00e4sse. Hier eine kleine Auswahl, welche aus unserer Sicht gut f\u00fcr das Getr\u00e4nk S\u00fcssmost sind. Die gute, alte 25 Liter Ballonflasche. F\u00fcr grosse Familien oder Anl\u00e4sse mit vielen Personen immer noch aktuell. Pasteuriesiert und mit dem Zapfen fest verschlossen \u00fcber 1 Jahr haltbar.&hellip;","_links":{"self":[{"href":"https:\/\/www.moschti.ch\/index.php\/wp-json\/wp\/v2\/pages\/42","targetHints":{"allow":["GET"]}}],"collection":[{"href":"https:\/\/www.moschti.ch\/index.php\/wp-json\/wp\/v2\/pages"}],"about":[{"href":"https:\/\/www.moschti.ch\/index.php\/wp-json\/wp\/v2\/types\/page"}],"author":[{"embeddable":true,"href":"https:\/\/www.moschti.ch\/index.php\/wp-json\/wp\/v2\/users\/1"}],"replies":[{"embeddable":true,"href":"https:\/\/www.moschti.ch\/index.php\/wp-json\/wp\/v2\/comments?post=42"}],"version-history":[{"count":11,"href":"https:\/\/www.moschti.ch\/index.php\/wp-json\/wp\/v2\/pages\/42\/revisions"}],"predecessor-version":[{"id":875,"href":"https:\/\/www.moschti.ch\/index.php\/wp-json\/wp\/v2\/pages\/42\/revisions\/875"}],"wp:attachment":[{"href":"https:\/\/www.moschti.ch\/index.php\/wp-json\/wp\/v2\/media?parent=42"}],"curies":[{"name":"wp","href":"https:\/\/api.w.org\/{rel}","templated":true}]}}