{"id":40,"date":"2024-03-11T13:38:35","date_gmt":"2024-03-11T13:38:35","guid":{"rendered":"https:\/\/www.moschti.ch\/?page_id=40"},"modified":"2024-08-14T12:22:17","modified_gmt":"2024-08-14T12:22:17","slug":"pressen","status":"publish","type":"page","link":"https:\/\/www.moschti.ch\/index.php\/pressen\/","title":{"rendered":"Pressen"},"content":{"rendered":"\n<p>Nun werden die angelieferten \u00c4pfel von jedem Kunden separat gepresst. Die n\u00f6tigen Angaben finden wir auf dem ausgef\u00fcllten gr\u00fcnen Anlieferungs-<a href=\"https:\/\/www.moschti.ch\/index.php\/anlieferung\/\">Formular.<\/a> Dieses begleitet die Verarbeitung Ihrer \u00c4pfel bis Sie den S\u00fcssmost abholen.<br>Aus dem Einwurfschacht rollen die \u00c4pfel in die Waschanlage. Werden mit einer Schnecke in die M\u00fchle bef\u00f6rdert und dort gemahlen. Die Maische f\u00e4llt nun auf die B\u00e4nder der Maschine.<\/p>\n\n\n\n<figure class=\"wp-block-gallery has-nested-images columns-default is-cropped wp-block-gallery-1 is-layout-flex wp-block-gallery-is-layout-flex\">\n<figure class=\"wp-block-image size-large\"><img loading=\"lazy\" decoding=\"async\" width=\"461\" height=\"1024\" data-id=\"455\" src=\"https:\/\/www.moschti.ch\/wp-content\/uploads\/2024\/04\/Einlauf-in-Waschanlage-1-1-461x1024.jpg\" alt=\"\" class=\"wp-image-455\" srcset=\"https:\/\/www.moschti.ch\/wp-content\/uploads\/2024\/04\/Einlauf-in-Waschanlage-1-1-461x1024.jpg 461w, https:\/\/www.moschti.ch\/wp-content\/uploads\/2024\/04\/Einlauf-in-Waschanlage-1-1-135x300.jpg 135w, https:\/\/www.moschti.ch\/wp-content\/uploads\/2024\/04\/Einlauf-in-Waschanlage-1-1-768x1707.jpg 768w, https:\/\/www.moschti.ch\/wp-content\/uploads\/2024\/04\/Einlauf-in-Waschanlage-1-1-691x1536.jpg 691w, https:\/\/www.moschti.ch\/wp-content\/uploads\/2024\/04\/Einlauf-in-Waschanlage-1-1-922x2048.jpg 922w, https:\/\/www.moschti.ch\/wp-content\/uploads\/2024\/04\/Einlauf-in-Waschanlage-1-1-scaled.jpg 1152w\" sizes=\"auto, (max-width: 461px) 100vw, 461px\" \/><figcaption class=\"wp-element-caption\">\u00c4pfel kullern in die Waschanlage<\/figcaption><\/figure>\n\n\n\n<figure class=\"wp-block-image size-large\"><img loading=\"lazy\" decoding=\"async\" width=\"576\" height=\"1024\" data-id=\"445\" src=\"https:\/\/www.moschti.ch\/wp-content\/uploads\/2024\/04\/Gemahlen--576x1024.jpg\" alt=\"\" class=\"wp-image-445\" srcset=\"https:\/\/www.moschti.ch\/wp-content\/uploads\/2024\/04\/Gemahlen--576x1024.jpg 576w, https:\/\/www.moschti.ch\/wp-content\/uploads\/2024\/04\/Gemahlen--169x300.jpg 169w, https:\/\/www.moschti.ch\/wp-content\/uploads\/2024\/04\/Gemahlen--768x1365.jpg 768w, https:\/\/www.moschti.ch\/wp-content\/uploads\/2024\/04\/Gemahlen--864x1536.jpg 864w, https:\/\/www.moschti.ch\/wp-content\/uploads\/2024\/04\/Gemahlen--1152x2048.jpg 1152w, https:\/\/www.moschti.ch\/wp-content\/uploads\/2024\/04\/Gemahlen--scaled.jpg 1440w\" sizes=\"auto, (max-width: 576px) 100vw, 576px\" \/><figcaption class=\"wp-element-caption\">Die \u00c4pfel werden gemahlen<\/figcaption><\/figure>\n\n\n\n<figure class=\"wp-block-image size-large\"><img loading=\"lazy\" decoding=\"async\" width=\"768\" height=\"1024\" data-id=\"446\" src=\"https:\/\/www.moschti.ch\/wp-content\/uploads\/2024\/04\/Bandpresse-in-Betrieb-768x1024.jpg\" alt=\"\" class=\"wp-image-446\" srcset=\"https:\/\/www.moschti.ch\/wp-content\/uploads\/2024\/04\/Bandpresse-in-Betrieb-768x1024.jpg 768w, https:\/\/www.moschti.ch\/wp-content\/uploads\/2024\/04\/Bandpresse-in-Betrieb-225x300.jpg 225w, https:\/\/www.moschti.ch\/wp-content\/uploads\/2024\/04\/Bandpresse-in-Betrieb-1152x1536.jpg 1152w, https:\/\/www.moschti.ch\/wp-content\/uploads\/2024\/04\/Bandpresse-in-Betrieb-1536x2048.jpg 1536w, https:\/\/www.moschti.ch\/wp-content\/uploads\/2024\/04\/Bandpresse-in-Betrieb-scaled.jpg 1920w\" sizes=\"auto, (max-width: 768px) 100vw, 768px\" \/><figcaption class=\"wp-element-caption\">\u00dcber mehrere Walzen ausgepresst<\/figcaption><\/figure>\n<\/figure>\n\n\n\n<p>Mehrere Walzen pressen die Maische aus. Der Saft fliesst in die darunter liegende Wanne. Der ausgepresste Rest, genannt Trester f\u00e4llt hinten in eine Auffangbox. Der Saft in der Wanne wird mit einer Pumpe in ein Kundenfass abgepumpt. Der Laufzettel des Kunden liegt bei.<\/p>\n\n\n\n<figure class=\"wp-block-gallery has-nested-images columns-default is-cropped wp-block-gallery-2 is-layout-flex wp-block-gallery-is-layout-flex\">\n<figure class=\"wp-block-image size-large\"><img loading=\"lazy\" decoding=\"async\" width=\"768\" height=\"1024\" data-id=\"448\" src=\"https:\/\/www.moschti.ch\/wp-content\/uploads\/2024\/04\/Reichlich-Schaumbildung_-1-768x1024.jpg\" alt=\"\" class=\"wp-image-448\" srcset=\"https:\/\/www.moschti.ch\/wp-content\/uploads\/2024\/04\/Reichlich-Schaumbildung_-1-768x1024.jpg 768w, https:\/\/www.moschti.ch\/wp-content\/uploads\/2024\/04\/Reichlich-Schaumbildung_-1-225x300.jpg 225w, https:\/\/www.moschti.ch\/wp-content\/uploads\/2024\/04\/Reichlich-Schaumbildung_-1.jpg 1080w\" sizes=\"auto, (max-width: 768px) 100vw, 768px\" \/><figcaption class=\"wp-element-caption\">Bandpresse<\/figcaption><\/figure>\n\n\n\n<figure class=\"wp-block-image size-large\"><img loading=\"lazy\" decoding=\"async\" width=\"1024\" height=\"768\" data-id=\"447\" src=\"https:\/\/www.moschti.ch\/wp-content\/uploads\/2024\/04\/Ausgeprwsster-Saft-fliesst-in-die-Wanne-1024x768.jpg\" alt=\"\" class=\"wp-image-447\" srcset=\"https:\/\/www.moschti.ch\/wp-content\/uploads\/2024\/04\/Ausgeprwsster-Saft-fliesst-in-die-Wanne-1024x768.jpg 1024w, https:\/\/www.moschti.ch\/wp-content\/uploads\/2024\/04\/Ausgeprwsster-Saft-fliesst-in-die-Wanne-300x225.jpg 300w, https:\/\/www.moschti.ch\/wp-content\/uploads\/2024\/04\/Ausgeprwsster-Saft-fliesst-in-die-Wanne-768x576.jpg 768w, https:\/\/www.moschti.ch\/wp-content\/uploads\/2024\/04\/Ausgeprwsster-Saft-fliesst-in-die-Wanne-1536x1152.jpg 1536w, https:\/\/www.moschti.ch\/wp-content\/uploads\/2024\/04\/Ausgeprwsster-Saft-fliesst-in-die-Wanne.jpg 2048w\" sizes=\"auto, (max-width: 1024px) 100vw, 1024px\" \/><figcaption class=\"wp-element-caption\">Wanne mit dem Saft<\/figcaption><\/figure>\n\n\n\n<figure class=\"wp-block-image size-large\"><img loading=\"lazy\" decoding=\"async\" width=\"1024\" height=\"768\" data-id=\"449\" src=\"https:\/\/www.moschti.ch\/wp-content\/uploads\/2024\/04\/Ausgepresst-Trester--1024x768.jpg\" alt=\"\" class=\"wp-image-449\" srcset=\"https:\/\/www.moschti.ch\/wp-content\/uploads\/2024\/04\/Ausgepresst-Trester--1024x768.jpg 1024w, https:\/\/www.moschti.ch\/wp-content\/uploads\/2024\/04\/Ausgepresst-Trester--300x225.jpg 300w, https:\/\/www.moschti.ch\/wp-content\/uploads\/2024\/04\/Ausgepresst-Trester--768x576.jpg 768w, https:\/\/www.moschti.ch\/wp-content\/uploads\/2024\/04\/Ausgepresst-Trester--1536x1152.jpg 1536w, https:\/\/www.moschti.ch\/wp-content\/uploads\/2024\/04\/Ausgepresst-Trester--2048x1536.jpg 2048w\" sizes=\"auto, (max-width: 1024px) 100vw, 1024px\" \/><figcaption class=\"wp-element-caption\">Was \u00fcbrig bleibt: Der Trester<\/figcaption><\/figure>\n<\/figure>\n","protected":false},"excerpt":{"rendered":"<p>Nun werden die angelieferten \u00c4pfel von jedem Kunden separat gepresst. Die n\u00f6tigen Angaben finden wir auf dem ausgef\u00fcllten gr\u00fcnen Anlieferungs-Formular. Dieses begleitet die Verarbeitung Ihrer \u00c4pfel bis Sie den S\u00fcssmost abholen.Aus dem Einwurfschacht rollen die \u00c4pfel in die Waschanlage. Werden mit einer Schnecke in die M\u00fchle bef\u00f6rdert und dort gemahlen. Die Maische f\u00e4llt nun auf &#8230; <a title=\"Pressen\" class=\"read-more\" href=\"https:\/\/www.moschti.ch\/index.php\/pressen\/\" aria-label=\"Mehr Informationen \u00fcber Pressen\">Weiterlesen<\/a><\/p>\n","protected":false},"author":1,"featured_media":0,"parent":0,"menu_order":0,"comment_status":"closed","ping_status":"closed","template":"","meta":{"_uag_custom_page_level_css":"","pgc_sgb_lightbox_settings":"","_themeisle_gutenberg_block_has_review":false,"footnotes":""},"class_list":["post-40","page","type-page","status-publish"],"yoast_head":"<!-- This site is optimized with the Yoast SEO plugin v22.2 - https:\/\/yoast.com\/wordpress\/plugins\/seo\/ -->\n<title>Pressen - Moschti<\/title>\n<meta name=\"description\" content=\"Wir pressen Ihre eigenen \u00c4pfel separat und Sie nehmen den eigenen S\u00fcssmost nach Hause.\" \/>\n<meta name=\"robots\" content=\"index, follow, max-snippet:-1, max-image-preview:large, max-video-preview:-1\" \/>\n<link rel=\"canonical\" href=\"https:\/\/www.moschti.ch\/index.php\/pressen\/\" \/>\n<meta property=\"og:locale\" content=\"de_DE\" \/>\n<meta property=\"og:type\" content=\"article\" \/>\n<meta property=\"og:title\" content=\"Pressen - Moschti\" \/>\n<meta property=\"og:description\" content=\"Wir pressen Ihre eigenen \u00c4pfel separat und Sie nehmen den eigenen S\u00fcssmost nach Hause.\" \/>\n<meta property=\"og:url\" content=\"https:\/\/www.moschti.ch\/index.php\/pressen\/\" \/>\n<meta property=\"og:site_name\" content=\"Moschti\" \/>\n<meta property=\"article:modified_time\" content=\"2024-08-14T12:22:17+00:00\" \/>\n<meta property=\"og:image\" content=\"https:\/\/www.moschti.ch\/wp-content\/uploads\/2024\/04\/Einlauf-in-Waschanlage-1-1-461x1024.jpg\" \/>\n<meta name=\"twitter:card\" content=\"summary_large_image\" \/>\n<meta name=\"twitter:label1\" content=\"Gesch\u00e4tzte Lesezeit\" \/>\n\t<meta name=\"twitter:data1\" content=\"2\u00a0Minuten\" \/>\n<script type=\"application\/ld+json\" class=\"yoast-schema-graph\">{\"@context\":\"https:\/\/schema.org\",\"@graph\":[{\"@type\":\"WebPage\",\"@id\":\"https:\/\/www.moschti.ch\/index.php\/pressen\/\",\"url\":\"https:\/\/www.moschti.ch\/index.php\/pressen\/\",\"name\":\"Pressen - Moschti\",\"isPartOf\":{\"@id\":\"https:\/\/www.moschti.ch\/#website\"},\"primaryImageOfPage\":{\"@id\":\"https:\/\/www.moschti.ch\/index.php\/pressen\/#primaryimage\"},\"image\":{\"@id\":\"https:\/\/www.moschti.ch\/index.php\/pressen\/#primaryimage\"},\"thumbnailUrl\":\"https:\/\/www.moschti.ch\/wp-content\/uploads\/2024\/04\/Einlauf-in-Waschanlage-1-1-461x1024.jpg\",\"datePublished\":\"2024-03-11T13:38:35+00:00\",\"dateModified\":\"2024-08-14T12:22:17+00:00\",\"description\":\"Wir pressen Ihre eigenen \u00c4pfel separat und Sie nehmen den eigenen S\u00fcssmost nach Hause.\",\"inLanguage\":\"de\",\"potentialAction\":[{\"@type\":\"ReadAction\",\"target\":[\"https:\/\/www.moschti.ch\/index.php\/pressen\/\"]}]},{\"@type\":\"ImageObject\",\"inLanguage\":\"de\",\"@id\":\"https:\/\/www.moschti.ch\/index.php\/pressen\/#primaryimage\",\"url\":\"https:\/\/www.moschti.ch\/wp-content\/uploads\/2024\/04\/Einlauf-in-Waschanlage-1-1-scaled.jpg\",\"contentUrl\":\"https:\/\/www.moschti.ch\/wp-content\/uploads\/2024\/04\/Einlauf-in-Waschanlage-1-1-scaled.jpg\",\"width\":1152,\"height\":2560,\"caption\":\"\u00c4pfel kullern in die Waschanlage\"},{\"@type\":\"WebSite\",\"@id\":\"https:\/\/www.moschti.ch\/#website\",\"url\":\"https:\/\/www.moschti.ch\/\",\"name\":\"Moschti\",\"description\":\"\",\"publisher\":{\"@id\":\"https:\/\/www.moschti.ch\/#organization\"},\"potentialAction\":[{\"@type\":\"SearchAction\",\"target\":{\"@type\":\"EntryPoint\",\"urlTemplate\":\"https:\/\/www.moschti.ch\/?s={search_term_string}\"},\"query-input\":\"required name=search_term_string\"}],\"inLanguage\":\"de\"},{\"@type\":\"Organization\",\"@id\":\"https:\/\/www.moschti.ch\/#organization\",\"name\":\"Moschti\",\"url\":\"https:\/\/www.moschti.ch\/\",\"logo\":{\"@type\":\"ImageObject\",\"inLanguage\":\"de\",\"@id\":\"https:\/\/www.moschti.ch\/#\/schema\/logo\/image\/\",\"url\":\"https:\/\/www.moschti.ch\/wp-content\/uploads\/2024\/03\/banner.jpg\",\"contentUrl\":\"https:\/\/www.moschti.ch\/wp-content\/uploads\/2024\/03\/banner.jpg\",\"width\":1000,\"height\":140,\"caption\":\"Moschti\"},\"image\":{\"@id\":\"https:\/\/www.moschti.ch\/#\/schema\/logo\/image\/\"}}]}<\/script>\n<!-- \/ Yoast SEO plugin. -->","yoast_head_json":{"title":"Pressen - Moschti","description":"Wir pressen Ihre eigenen \u00c4pfel separat und Sie nehmen den eigenen S\u00fcssmost nach Hause.","robots":{"index":"index","follow":"follow","max-snippet":"max-snippet:-1","max-image-preview":"max-image-preview:large","max-video-preview":"max-video-preview:-1"},"canonical":"https:\/\/www.moschti.ch\/index.php\/pressen\/","og_locale":"de_DE","og_type":"article","og_title":"Pressen - Moschti","og_description":"Wir pressen Ihre eigenen \u00c4pfel separat und Sie nehmen den eigenen S\u00fcssmost nach Hause.","og_url":"https:\/\/www.moschti.ch\/index.php\/pressen\/","og_site_name":"Moschti","article_modified_time":"2024-08-14T12:22:17+00:00","og_image":[{"url":"https:\/\/www.moschti.ch\/wp-content\/uploads\/2024\/04\/Einlauf-in-Waschanlage-1-1-461x1024.jpg"}],"twitter_card":"summary_large_image","twitter_misc":{"Gesch\u00e4tzte Lesezeit":"2\u00a0Minuten"},"schema":{"@context":"https:\/\/schema.org","@graph":[{"@type":"WebPage","@id":"https:\/\/www.moschti.ch\/index.php\/pressen\/","url":"https:\/\/www.moschti.ch\/index.php\/pressen\/","name":"Pressen - Moschti","isPartOf":{"@id":"https:\/\/www.moschti.ch\/#website"},"primaryImageOfPage":{"@id":"https:\/\/www.moschti.ch\/index.php\/pressen\/#primaryimage"},"image":{"@id":"https:\/\/www.moschti.ch\/index.php\/pressen\/#primaryimage"},"thumbnailUrl":"https:\/\/www.moschti.ch\/wp-content\/uploads\/2024\/04\/Einlauf-in-Waschanlage-1-1-461x1024.jpg","datePublished":"2024-03-11T13:38:35+00:00","dateModified":"2024-08-14T12:22:17+00:00","description":"Wir pressen Ihre eigenen \u00c4pfel separat und Sie nehmen den eigenen S\u00fcssmost nach Hause.","inLanguage":"de","potentialAction":[{"@type":"ReadAction","target":["https:\/\/www.moschti.ch\/index.php\/pressen\/"]}]},{"@type":"ImageObject","inLanguage":"de","@id":"https:\/\/www.moschti.ch\/index.php\/pressen\/#primaryimage","url":"https:\/\/www.moschti.ch\/wp-content\/uploads\/2024\/04\/Einlauf-in-Waschanlage-1-1-scaled.jpg","contentUrl":"https:\/\/www.moschti.ch\/wp-content\/uploads\/2024\/04\/Einlauf-in-Waschanlage-1-1-scaled.jpg","width":1152,"height":2560,"caption":"\u00c4pfel kullern in die Waschanlage"},{"@type":"WebSite","@id":"https:\/\/www.moschti.ch\/#website","url":"https:\/\/www.moschti.ch\/","name":"Moschti","description":"","publisher":{"@id":"https:\/\/www.moschti.ch\/#organization"},"potentialAction":[{"@type":"SearchAction","target":{"@type":"EntryPoint","urlTemplate":"https:\/\/www.moschti.ch\/?s={search_term_string}"},"query-input":"required name=search_term_string"}],"inLanguage":"de"},{"@type":"Organization","@id":"https:\/\/www.moschti.ch\/#organization","name":"Moschti","url":"https:\/\/www.moschti.ch\/","logo":{"@type":"ImageObject","inLanguage":"de","@id":"https:\/\/www.moschti.ch\/#\/schema\/logo\/image\/","url":"https:\/\/www.moschti.ch\/wp-content\/uploads\/2024\/03\/banner.jpg","contentUrl":"https:\/\/www.moschti.ch\/wp-content\/uploads\/2024\/03\/banner.jpg","width":1000,"height":140,"caption":"Moschti"},"image":{"@id":"https:\/\/www.moschti.ch\/#\/schema\/logo\/image\/"}}]}},"uagb_featured_image_src":{"full":false,"thumbnail":false,"medium":false,"medium_large":false,"large":false,"1536x1536":false,"2048x2048":false},"uagb_author_info":{"display_name":"admin","author_link":"https:\/\/www.moschti.ch\/index.php\/author\/sysadmin\/"},"uagb_comment_info":0,"uagb_excerpt":"Nun werden die angelieferten \u00c4pfel von jedem Kunden separat gepresst. Die n\u00f6tigen Angaben finden wir auf dem ausgef\u00fcllten gr\u00fcnen Anlieferungs-Formular. Dieses begleitet die Verarbeitung Ihrer \u00c4pfel bis Sie den S\u00fcssmost abholen.Aus dem Einwurfschacht rollen die \u00c4pfel in die Waschanlage. Werden mit einer Schnecke in die M\u00fchle bef\u00f6rdert und dort gemahlen. Die Maische f\u00e4llt nun auf&hellip;","_links":{"self":[{"href":"https:\/\/www.moschti.ch\/index.php\/wp-json\/wp\/v2\/pages\/40","targetHints":{"allow":["GET"]}}],"collection":[{"href":"https:\/\/www.moschti.ch\/index.php\/wp-json\/wp\/v2\/pages"}],"about":[{"href":"https:\/\/www.moschti.ch\/index.php\/wp-json\/wp\/v2\/types\/page"}],"author":[{"embeddable":true,"href":"https:\/\/www.moschti.ch\/index.php\/wp-json\/wp\/v2\/users\/1"}],"replies":[{"embeddable":true,"href":"https:\/\/www.moschti.ch\/index.php\/wp-json\/wp\/v2\/comments?post=40"}],"version-history":[{"count":9,"href":"https:\/\/www.moschti.ch\/index.php\/wp-json\/wp\/v2\/pages\/40\/revisions"}],"predecessor-version":[{"id":887,"href":"https:\/\/www.moschti.ch\/index.php\/wp-json\/wp\/v2\/pages\/40\/revisions\/887"}],"wp:attachment":[{"href":"https:\/\/www.moschti.ch\/index.php\/wp-json\/wp\/v2\/media?parent=40"}],"curies":[{"name":"wp","href":"https:\/\/api.w.org\/{rel}","templated":true}]}}