{"id":34,"date":"2024-03-11T13:37:51","date_gmt":"2024-03-11T13:37:51","guid":{"rendered":"https:\/\/www.moschti.ch\/?page_id=34"},"modified":"2024-08-14T09:24:44","modified_gmt":"2024-08-14T09:24:44","slug":"mostobst","status":"publish","type":"page","link":"https:\/\/www.moschti.ch\/index.php\/mostobst\/","title":{"rendered":"Mostobst"},"content":{"rendered":"\n<p>Auch an das Mostobst stellt man gewisse Anforderungen. Kurz gesagt: Sch\u00f6ne, reife \u00c4pfel geben einen geschmacklich vollmundigen S\u00fcssmost. <br>Dies ist meist abgelesenes Obst und nur die reifen \u00c4pfel werden geerntet. Dann wird gewartet bis die n\u00e4chsten Fr\u00fcchte reif sind.<br>Die zweite Qualit\u00e4t ist den Baum sch\u00fctteln und die Fr\u00fcchte sofort auflesen. Dies hat den Nachteil, dass auch weniger reife Fr\u00fcchte in die <a href=\"https:\/\/www.moschti.ch\/index.php\/pressen\/\">Mosterei<\/a> kommen. Die Bilder sollen zeigen, was gemeint ist.<\/p>\n\n\n\n<p>Bild 1:Sch\u00f6nes, normales Mostobst von frisch abgelesenen oder aufgelesenen reifen \u00c4pfeln.<br>Bild 2: Aufgelesene \u00c4pfel, welche schon l\u00e4nger unter dem Baum lagen.<br>Bild 3: Abgelesene, reife \u00c4pfel vom Hochstammbaum oder aus Anlagen. Von hier kommen zu grosse oder kleine \u00c4pfel, welche der Handel nicht zum Verkauf nimmt.<br>Bild 4: Verschlagene, bereits angefaulte \u00c4pfel. Die F\u00e4ulnisbakterien sind auch durch die Haltbarmachung nicht immer abzut\u00f6ten. Zur <a href=\"https:\/\/www.moschti.ch\/index.php\/pasteurisieren\/\">Verarbeitung <\/a>nicht geeignet.<\/p>\n\n\n\n<figure class=\"wp-block-gallery has-nested-images columns-default is-cropped wp-block-gallery-1 is-layout-flex wp-block-gallery-is-layout-flex\">\n<figure class=\"wp-block-image size-large\"><img loading=\"lazy\" decoding=\"async\" width=\"1024\" height=\"768\" data-id=\"461\" src=\"https:\/\/www.moschti.ch\/wp-content\/uploads\/2024\/04\/Bild-1-schoenes-Mostobst-1024x768.jpg\" alt=\"\" class=\"wp-image-461\" srcset=\"https:\/\/www.moschti.ch\/wp-content\/uploads\/2024\/04\/Bild-1-schoenes-Mostobst-1024x768.jpg 1024w, https:\/\/www.moschti.ch\/wp-content\/uploads\/2024\/04\/Bild-1-schoenes-Mostobst-300x225.jpg 300w, https:\/\/www.moschti.ch\/wp-content\/uploads\/2024\/04\/Bild-1-schoenes-Mostobst-768x576.jpg 768w, https:\/\/www.moschti.ch\/wp-content\/uploads\/2024\/04\/Bild-1-schoenes-Mostobst-1536x1152.jpg 1536w, https:\/\/www.moschti.ch\/wp-content\/uploads\/2024\/04\/Bild-1-schoenes-Mostobst.jpg 2048w\" sizes=\"auto, (max-width: 1024px) 100vw, 1024px\" \/><figcaption class=\"wp-element-caption\">Bild 1 Sch\u00f6nes Mostobst<\/figcaption><\/figure>\n\n\n\n<figure class=\"wp-block-image size-large\"><img loading=\"lazy\" decoding=\"async\" width=\"1024\" height=\"768\" data-id=\"462\" src=\"https:\/\/www.moschti.ch\/wp-content\/uploads\/2024\/04\/Bild-2-aufgelesene-Aepfel-1024x768.jpg\" alt=\"\" class=\"wp-image-462\" srcset=\"https:\/\/www.moschti.ch\/wp-content\/uploads\/2024\/04\/Bild-2-aufgelesene-Aepfel-1024x768.jpg 1024w, https:\/\/www.moschti.ch\/wp-content\/uploads\/2024\/04\/Bild-2-aufgelesene-Aepfel-300x225.jpg 300w, https:\/\/www.moschti.ch\/wp-content\/uploads\/2024\/04\/Bild-2-aufgelesene-Aepfel-768x576.jpg 768w, https:\/\/www.moschti.ch\/wp-content\/uploads\/2024\/04\/Bild-2-aufgelesene-Aepfel-1536x1152.jpg 1536w, https:\/\/www.moschti.ch\/wp-content\/uploads\/2024\/04\/Bild-2-aufgelesene-Aepfel.jpg 2048w\" sizes=\"auto, (max-width: 1024px) 100vw, 1024px\" \/><figcaption class=\"wp-element-caption\">Bild 2 Aufgelesens Mostobst<\/figcaption><\/figure>\n\n\n\n<figure class=\"wp-block-image size-large\"><img loading=\"lazy\" decoding=\"async\" width=\"1024\" height=\"576\" data-id=\"464\" src=\"https:\/\/www.moschti.ch\/wp-content\/uploads\/2024\/04\/Bild-4-Mostobst-aus-einer-Anlage-1024x576.jpg\" alt=\"\" class=\"wp-image-464\" srcset=\"https:\/\/www.moschti.ch\/wp-content\/uploads\/2024\/04\/Bild-4-Mostobst-aus-einer-Anlage-1024x576.jpg 1024w, https:\/\/www.moschti.ch\/wp-content\/uploads\/2024\/04\/Bild-4-Mostobst-aus-einer-Anlage-300x169.jpg 300w, https:\/\/www.moschti.ch\/wp-content\/uploads\/2024\/04\/Bild-4-Mostobst-aus-einer-Anlage-768x432.jpg 768w, https:\/\/www.moschti.ch\/wp-content\/uploads\/2024\/04\/Bild-4-Mostobst-aus-einer-Anlage-1536x864.jpg 1536w, https:\/\/www.moschti.ch\/wp-content\/uploads\/2024\/04\/Bild-4-Mostobst-aus-einer-Anlage-2048x1152.jpg 2048w\" sizes=\"auto, (max-width: 1024px) 100vw, 1024px\" \/><figcaption class=\"wp-element-caption\">Bild 3 Mostobst aus Anlage<\/figcaption><\/figure>\n\n\n\n<figure class=\"wp-block-image size-large\"><img loading=\"lazy\" decoding=\"async\" width=\"1024\" height=\"768\" data-id=\"463\" src=\"https:\/\/www.moschti.ch\/wp-content\/uploads\/2024\/04\/Bild-3-Angeschlagen-angefault--1024x768.jpg\" alt=\"\" class=\"wp-image-463\" srcset=\"https:\/\/www.moschti.ch\/wp-content\/uploads\/2024\/04\/Bild-3-Angeschlagen-angefault--1024x768.jpg 1024w, https:\/\/www.moschti.ch\/wp-content\/uploads\/2024\/04\/Bild-3-Angeschlagen-angefault--300x225.jpg 300w, https:\/\/www.moschti.ch\/wp-content\/uploads\/2024\/04\/Bild-3-Angeschlagen-angefault--768x576.jpg 768w, https:\/\/www.moschti.ch\/wp-content\/uploads\/2024\/04\/Bild-3-Angeschlagen-angefault--1536x1152.jpg 1536w, https:\/\/www.moschti.ch\/wp-content\/uploads\/2024\/04\/Bild-3-Angeschlagen-angefault-.jpg 2048w\" sizes=\"auto, (max-width: 1024px) 100vw, 1024px\" \/><figcaption class=\"wp-element-caption\">Bild 4 Verschlagenes Mostobst<\/figcaption><\/figure>\n<\/figure>\n","protected":false},"excerpt":{"rendered":"<p>Auch an das Mostobst stellt man gewisse Anforderungen. Kurz gesagt: Sch\u00f6ne, reife \u00c4pfel geben einen geschmacklich vollmundigen S\u00fcssmost. Dies ist meist abgelesenes Obst und nur die reifen \u00c4pfel werden geerntet. Dann wird gewartet bis die n\u00e4chsten Fr\u00fcchte reif sind.Die zweite Qualit\u00e4t ist den Baum sch\u00fctteln und die Fr\u00fcchte sofort auflesen. Dies hat den Nachteil, dass &#8230; <a title=\"Mostobst\" class=\"read-more\" href=\"https:\/\/www.moschti.ch\/index.php\/mostobst\/\" aria-label=\"Mehr Informationen \u00fcber Mostobst\">Weiterlesen<\/a><\/p>\n","protected":false},"author":1,"featured_media":0,"parent":0,"menu_order":0,"comment_status":"closed","ping_status":"closed","template":"","meta":{"_uag_custom_page_level_css":"","pgc_sgb_lightbox_settings":"","_themeisle_gutenberg_block_has_review":false,"footnotes":""},"class_list":["post-34","page","type-page","status-publish"],"yoast_head":"<!-- This site is optimized with the Yoast SEO plugin v22.2 - https:\/\/yoast.com\/wordpress\/plugins\/seo\/ -->\n<title>Mostobst - Moschti<\/title>\n<meta name=\"description\" content=\"Die Mostobst Qualit\u00e4t hat einen grossen Einfluss auf die Qualit\u00e4t des S\u00fcssmostes. Nur reife \u00c4pfel ohne faule Stellen in die Mosterei bringen. Am Besten die reifen Fr\u00fcchte ablesen und heruntergefallene jeden Tag auflesen. Die Gr\u00f6sse der \u00c4pfel spielt keine Rolle.\" \/>\n<meta name=\"robots\" content=\"index, follow, max-snippet:-1, max-image-preview:large, max-video-preview:-1\" \/>\n<link rel=\"canonical\" href=\"https:\/\/www.moschti.ch\/index.php\/mostobst\/\" \/>\n<meta property=\"og:locale\" content=\"de_DE\" \/>\n<meta property=\"og:type\" content=\"article\" \/>\n<meta property=\"og:title\" content=\"Mostobst - Moschti\" \/>\n<meta property=\"og:description\" content=\"Die Mostobst Qualit\u00e4t hat einen grossen Einfluss auf die Qualit\u00e4t des S\u00fcssmostes. Nur reife \u00c4pfel ohne faule Stellen in die Mosterei bringen. Am Besten die reifen Fr\u00fcchte ablesen und heruntergefallene jeden Tag auflesen. Die Gr\u00f6sse der \u00c4pfel spielt keine Rolle.\" \/>\n<meta property=\"og:url\" content=\"https:\/\/www.moschti.ch\/index.php\/mostobst\/\" \/>\n<meta property=\"og:site_name\" content=\"Moschti\" \/>\n<meta property=\"article:modified_time\" content=\"2024-08-14T09:24:44+00:00\" \/>\n<meta property=\"og:image\" content=\"https:\/\/www.moschti.ch\/wp-content\/uploads\/2024\/04\/Bild-1-schoenes-Mostobst-1024x768.jpg\" \/>\n<meta name=\"twitter:card\" content=\"summary_large_image\" \/>\n<meta name=\"twitter:label1\" content=\"Gesch\u00e4tzte Lesezeit\" \/>\n\t<meta name=\"twitter:data1\" content=\"2\u00a0Minuten\" \/>\n<script type=\"application\/ld+json\" class=\"yoast-schema-graph\">{\"@context\":\"https:\/\/schema.org\",\"@graph\":[{\"@type\":\"WebPage\",\"@id\":\"https:\/\/www.moschti.ch\/index.php\/mostobst\/\",\"url\":\"https:\/\/www.moschti.ch\/index.php\/mostobst\/\",\"name\":\"Mostobst - Moschti\",\"isPartOf\":{\"@id\":\"https:\/\/www.moschti.ch\/#website\"},\"primaryImageOfPage\":{\"@id\":\"https:\/\/www.moschti.ch\/index.php\/mostobst\/#primaryimage\"},\"image\":{\"@id\":\"https:\/\/www.moschti.ch\/index.php\/mostobst\/#primaryimage\"},\"thumbnailUrl\":\"https:\/\/www.moschti.ch\/wp-content\/uploads\/2024\/04\/Bild-1-schoenes-Mostobst-1024x768.jpg\",\"datePublished\":\"2024-03-11T13:37:51+00:00\",\"dateModified\":\"2024-08-14T09:24:44+00:00\",\"description\":\"Die Mostobst Qualit\u00e4t hat einen grossen Einfluss auf die Qualit\u00e4t des S\u00fcssmostes. Nur reife \u00c4pfel ohne faule Stellen in die Mosterei bringen. Am Besten die reifen Fr\u00fcchte ablesen und heruntergefallene jeden Tag auflesen. Die Gr\u00f6sse der \u00c4pfel spielt keine Rolle.\",\"inLanguage\":\"de\",\"potentialAction\":[{\"@type\":\"ReadAction\",\"target\":[\"https:\/\/www.moschti.ch\/index.php\/mostobst\/\"]}]},{\"@type\":\"ImageObject\",\"inLanguage\":\"de\",\"@id\":\"https:\/\/www.moschti.ch\/index.php\/mostobst\/#primaryimage\",\"url\":\"https:\/\/www.moschti.ch\/wp-content\/uploads\/2024\/04\/Bild-1-schoenes-Mostobst.jpg\",\"contentUrl\":\"https:\/\/www.moschti.ch\/wp-content\/uploads\/2024\/04\/Bild-1-schoenes-Mostobst.jpg\",\"width\":2048,\"height\":1536,\"caption\":\"Bils 1 Sch\u00f6nes Mostobst\"},{\"@type\":\"WebSite\",\"@id\":\"https:\/\/www.moschti.ch\/#website\",\"url\":\"https:\/\/www.moschti.ch\/\",\"name\":\"Moschti\",\"description\":\"\",\"publisher\":{\"@id\":\"https:\/\/www.moschti.ch\/#organization\"},\"potentialAction\":[{\"@type\":\"SearchAction\",\"target\":{\"@type\":\"EntryPoint\",\"urlTemplate\":\"https:\/\/www.moschti.ch\/?s={search_term_string}\"},\"query-input\":\"required name=search_term_string\"}],\"inLanguage\":\"de\"},{\"@type\":\"Organization\",\"@id\":\"https:\/\/www.moschti.ch\/#organization\",\"name\":\"Moschti\",\"url\":\"https:\/\/www.moschti.ch\/\",\"logo\":{\"@type\":\"ImageObject\",\"inLanguage\":\"de\",\"@id\":\"https:\/\/www.moschti.ch\/#\/schema\/logo\/image\/\",\"url\":\"https:\/\/www.moschti.ch\/wp-content\/uploads\/2024\/03\/banner.jpg\",\"contentUrl\":\"https:\/\/www.moschti.ch\/wp-content\/uploads\/2024\/03\/banner.jpg\",\"width\":1000,\"height\":140,\"caption\":\"Moschti\"},\"image\":{\"@id\":\"https:\/\/www.moschti.ch\/#\/schema\/logo\/image\/\"}}]}<\/script>\n<!-- \/ Yoast SEO plugin. -->","yoast_head_json":{"title":"Mostobst - Moschti","description":"Die Mostobst Qualit\u00e4t hat einen grossen Einfluss auf die Qualit\u00e4t des S\u00fcssmostes. Nur reife \u00c4pfel ohne faule Stellen in die Mosterei bringen. Am Besten die reifen Fr\u00fcchte ablesen und heruntergefallene jeden Tag auflesen. Die Gr\u00f6sse der \u00c4pfel spielt keine Rolle.","robots":{"index":"index","follow":"follow","max-snippet":"max-snippet:-1","max-image-preview":"max-image-preview:large","max-video-preview":"max-video-preview:-1"},"canonical":"https:\/\/www.moschti.ch\/index.php\/mostobst\/","og_locale":"de_DE","og_type":"article","og_title":"Mostobst - Moschti","og_description":"Die Mostobst Qualit\u00e4t hat einen grossen Einfluss auf die Qualit\u00e4t des S\u00fcssmostes. Nur reife \u00c4pfel ohne faule Stellen in die Mosterei bringen. Am Besten die reifen Fr\u00fcchte ablesen und heruntergefallene jeden Tag auflesen. Die Gr\u00f6sse der \u00c4pfel spielt keine Rolle.","og_url":"https:\/\/www.moschti.ch\/index.php\/mostobst\/","og_site_name":"Moschti","article_modified_time":"2024-08-14T09:24:44+00:00","og_image":[{"url":"https:\/\/www.moschti.ch\/wp-content\/uploads\/2024\/04\/Bild-1-schoenes-Mostobst-1024x768.jpg"}],"twitter_card":"summary_large_image","twitter_misc":{"Gesch\u00e4tzte Lesezeit":"2\u00a0Minuten"},"schema":{"@context":"https:\/\/schema.org","@graph":[{"@type":"WebPage","@id":"https:\/\/www.moschti.ch\/index.php\/mostobst\/","url":"https:\/\/www.moschti.ch\/index.php\/mostobst\/","name":"Mostobst - Moschti","isPartOf":{"@id":"https:\/\/www.moschti.ch\/#website"},"primaryImageOfPage":{"@id":"https:\/\/www.moschti.ch\/index.php\/mostobst\/#primaryimage"},"image":{"@id":"https:\/\/www.moschti.ch\/index.php\/mostobst\/#primaryimage"},"thumbnailUrl":"https:\/\/www.moschti.ch\/wp-content\/uploads\/2024\/04\/Bild-1-schoenes-Mostobst-1024x768.jpg","datePublished":"2024-03-11T13:37:51+00:00","dateModified":"2024-08-14T09:24:44+00:00","description":"Die Mostobst Qualit\u00e4t hat einen grossen Einfluss auf die Qualit\u00e4t des S\u00fcssmostes. Nur reife \u00c4pfel ohne faule Stellen in die Mosterei bringen. Am Besten die reifen Fr\u00fcchte ablesen und heruntergefallene jeden Tag auflesen. Die Gr\u00f6sse der \u00c4pfel spielt keine Rolle.","inLanguage":"de","potentialAction":[{"@type":"ReadAction","target":["https:\/\/www.moschti.ch\/index.php\/mostobst\/"]}]},{"@type":"ImageObject","inLanguage":"de","@id":"https:\/\/www.moschti.ch\/index.php\/mostobst\/#primaryimage","url":"https:\/\/www.moschti.ch\/wp-content\/uploads\/2024\/04\/Bild-1-schoenes-Mostobst.jpg","contentUrl":"https:\/\/www.moschti.ch\/wp-content\/uploads\/2024\/04\/Bild-1-schoenes-Mostobst.jpg","width":2048,"height":1536,"caption":"Bils 1 Sch\u00f6nes Mostobst"},{"@type":"WebSite","@id":"https:\/\/www.moschti.ch\/#website","url":"https:\/\/www.moschti.ch\/","name":"Moschti","description":"","publisher":{"@id":"https:\/\/www.moschti.ch\/#organization"},"potentialAction":[{"@type":"SearchAction","target":{"@type":"EntryPoint","urlTemplate":"https:\/\/www.moschti.ch\/?s={search_term_string}"},"query-input":"required name=search_term_string"}],"inLanguage":"de"},{"@type":"Organization","@id":"https:\/\/www.moschti.ch\/#organization","name":"Moschti","url":"https:\/\/www.moschti.ch\/","logo":{"@type":"ImageObject","inLanguage":"de","@id":"https:\/\/www.moschti.ch\/#\/schema\/logo\/image\/","url":"https:\/\/www.moschti.ch\/wp-content\/uploads\/2024\/03\/banner.jpg","contentUrl":"https:\/\/www.moschti.ch\/wp-content\/uploads\/2024\/03\/banner.jpg","width":1000,"height":140,"caption":"Moschti"},"image":{"@id":"https:\/\/www.moschti.ch\/#\/schema\/logo\/image\/"}}]}},"uagb_featured_image_src":{"full":false,"thumbnail":false,"medium":false,"medium_large":false,"large":false,"1536x1536":false,"2048x2048":false},"uagb_author_info":{"display_name":"admin","author_link":"https:\/\/www.moschti.ch\/index.php\/author\/sysadmin\/"},"uagb_comment_info":0,"uagb_excerpt":"Auch an das Mostobst stellt man gewisse Anforderungen. Kurz gesagt: Sch\u00f6ne, reife \u00c4pfel geben einen geschmacklich vollmundigen S\u00fcssmost. Dies ist meist abgelesenes Obst und nur die reifen \u00c4pfel werden geerntet. Dann wird gewartet bis die n\u00e4chsten Fr\u00fcchte reif sind.Die zweite Qualit\u00e4t ist den Baum sch\u00fctteln und die Fr\u00fcchte sofort auflesen. Dies hat den Nachteil, dass&hellip;","_links":{"self":[{"href":"https:\/\/www.moschti.ch\/index.php\/wp-json\/wp\/v2\/pages\/34","targetHints":{"allow":["GET"]}}],"collection":[{"href":"https:\/\/www.moschti.ch\/index.php\/wp-json\/wp\/v2\/pages"}],"about":[{"href":"https:\/\/www.moschti.ch\/index.php\/wp-json\/wp\/v2\/types\/page"}],"author":[{"embeddable":true,"href":"https:\/\/www.moschti.ch\/index.php\/wp-json\/wp\/v2\/users\/1"}],"replies":[{"embeddable":true,"href":"https:\/\/www.moschti.ch\/index.php\/wp-json\/wp\/v2\/comments?post=34"}],"version-history":[{"count":9,"href":"https:\/\/www.moschti.ch\/index.php\/wp-json\/wp\/v2\/pages\/34\/revisions"}],"predecessor-version":[{"id":879,"href":"https:\/\/www.moschti.ch\/index.php\/wp-json\/wp\/v2\/pages\/34\/revisions\/879"}],"wp:attachment":[{"href":"https:\/\/www.moschti.ch\/index.php\/wp-json\/wp\/v2\/media?parent=34"}],"curies":[{"name":"wp","href":"https:\/\/api.w.org\/{rel}","templated":true}]}}