{"id":337,"date":"2024-04-10T20:38:10","date_gmt":"2024-04-10T20:38:10","guid":{"rendered":"https:\/\/www.moschti.ch\/?page_id=337"},"modified":"2024-08-19T09:49:33","modified_gmt":"2024-08-19T09:49:33","slug":"blaue-pfauen","status":"publish","type":"page","link":"https:\/\/www.moschti.ch\/index.php\/blaue-pfauen\/","title":{"rendered":"Blaue Pfauen"},"content":{"rendered":"\n<p>Leben der Pfauen<\/p>\n\n\n\n<p>Der blaue Pfau gilt als \u00e4ltester, in menschlicher Obhut gez\u00fcchteter Ziervogel. Es ist belegt, dass Pfauen bereits 2000 v.Chr. in Indien gehalten wurden. Der Pfau verbreitete sich schnell, vor allem wegen seiner Sch\u00f6nheit. Im alten Rom gab es schon Pfauenzuchtvereine. Urspr\u00fcnglich galt er in Rom als heiliger Vogel und wurde der G\u00f6ttin Juno (G\u00f6ttin der Ehe und Familie) zugeschrieben. Der Pfau wurde wegen seiner pr\u00e4chtigen Schleppe auch als Statue, in Mosaiken und in der Malerei verewigt. Die jungen Pfauen wurden gerne als Delikatesse verspeist genauso wie die Eier, welche als sehr schmackhaft galten.<\/p>\n\n\n\n<p>In seiner Heimat Indien und Sri Lanka lebt der Pfau in W\u00e4ldern im Tiefland aber auch bis 1700 m H\u00f6he am \u00e4usseren Himalaja. Bevorzugt werden trockene Laubw\u00e4lder in der n\u00e4he von Wasserl\u00e4ufen. Fr\u00fchmorgens und Abends verlassen sie die W\u00e4lder um auf Nahrungssuche zu gehen. Sie fressen dann Insekten, Wirbellose Kleintiere sowie gr\u00fcne Pflanzentriebe, Fr\u00fcchte und Samen der Gr\u00e4ser.<\/p>\n\n\n\n<figure class=\"wp-block-gallery has-nested-images columns-default is-cropped wp-block-gallery-1 is-layout-flex wp-block-gallery-is-layout-flex\">\n<figure class=\"wp-block-image size-large\"><img loading=\"lazy\" decoding=\"async\" width=\"973\" height=\"1024\" data-id=\"685\" src=\"https:\/\/www.moschti.ch\/wp-content\/uploads\/2024\/07\/Pfau-mit-Rad-973x1024.jpg\" alt=\"\" class=\"wp-image-685\" srcset=\"https:\/\/www.moschti.ch\/wp-content\/uploads\/2024\/07\/Pfau-mit-Rad-973x1024.jpg 973w, https:\/\/www.moschti.ch\/wp-content\/uploads\/2024\/07\/Pfau-mit-Rad-285x300.jpg 285w, https:\/\/www.moschti.ch\/wp-content\/uploads\/2024\/07\/Pfau-mit-Rad-768x809.jpg 768w, https:\/\/www.moschti.ch\/wp-content\/uploads\/2024\/07\/Pfau-mit-Rad-1459x1536.jpg 1459w, https:\/\/www.moschti.ch\/wp-content\/uploads\/2024\/07\/Pfau-mit-Rad-1945x2048.jpg 1945w\" sizes=\"auto, (max-width: 973px) 100vw, 973px\" \/><figcaption class=\"wp-element-caption\"><strong>Pfau mit Rad<\/strong><\/figcaption><\/figure>\n\n\n\n<figure class=\"wp-block-image size-large\"><img loading=\"lazy\" decoding=\"async\" width=\"417\" height=\"575\" data-id=\"686\" src=\"https:\/\/www.moschti.ch\/wp-content\/uploads\/2024\/07\/Pfauenhenne-im-Auslauf-zugeschnitten.jpg\" alt=\"\" class=\"wp-image-686\" srcset=\"https:\/\/www.moschti.ch\/wp-content\/uploads\/2024\/07\/Pfauenhenne-im-Auslauf-zugeschnitten.jpg 417w, https:\/\/www.moschti.ch\/wp-content\/uploads\/2024\/07\/Pfauenhenne-im-Auslauf-zugeschnitten-218x300.jpg 218w\" sizes=\"auto, (max-width: 417px) 100vw, 417px\" \/><figcaption class=\"wp-element-caption\"><strong>Pfauenhenne im Auslauf<\/strong><\/figcaption><\/figure>\n<\/figure>\n\n\n\n<p>In freier Wildbahn leben Pfauen in losen Verb\u00e4nden zusammen, die meistens aus erwachsenen H\u00e4hnen und Hennen sowie Jungtieren besteht. Nur in der Paarungszeit l\u00f6sen sich diese Gemeinschaften vor\u00fcbergehend auf. Dann umwerben die erwachsenen H\u00e4hne mit ihrem balzenden Rad schlagenden Gehabe die zuchtbereiten Hennen. Mit seinem schrillen Ruf markiert der Hahn akustisch sein Revier und vertreibt die Rivalen.<\/p>\n\n\n\n<figure class=\"wp-block-gallery has-nested-images columns-default is-cropped wp-block-gallery-2 is-layout-flex wp-block-gallery-is-layout-flex\">\n<figure class=\"wp-block-image size-large\"><img loading=\"lazy\" decoding=\"async\" width=\"785\" height=\"1024\" data-id=\"682\" src=\"https:\/\/www.moschti.ch\/wp-content\/uploads\/2024\/07\/Junger-Pfau-am-Balzen-785x1024.jpg\" alt=\"\" class=\"wp-image-682\" srcset=\"https:\/\/www.moschti.ch\/wp-content\/uploads\/2024\/07\/Junger-Pfau-am-Balzen-785x1024.jpg 785w, https:\/\/www.moschti.ch\/wp-content\/uploads\/2024\/07\/Junger-Pfau-am-Balzen-230x300.jpg 230w, https:\/\/www.moschti.ch\/wp-content\/uploads\/2024\/07\/Junger-Pfau-am-Balzen-768x1001.jpg 768w, https:\/\/www.moschti.ch\/wp-content\/uploads\/2024\/07\/Junger-Pfau-am-Balzen-1178x1536.jpg 1178w, https:\/\/www.moschti.ch\/wp-content\/uploads\/2024\/07\/Junger-Pfau-am-Balzen-1571x2048.jpg 1571w, https:\/\/www.moschti.ch\/wp-content\/uploads\/2024\/07\/Junger-Pfau-am-Balzen-scaled.jpg 1964w\" sizes=\"auto, (max-width: 785px) 100vw, 785px\" \/><figcaption class=\"wp-element-caption\"><strong>Junger Pfau am Balzen<\/strong><\/figcaption><\/figure>\n\n\n\n<figure class=\"wp-block-image size-large\"><img loading=\"lazy\" decoding=\"async\" width=\"862\" height=\"1024\" data-id=\"683\" src=\"https:\/\/www.moschti.ch\/wp-content\/uploads\/2024\/07\/Junger-Pfau-862x1024.jpg\" alt=\"\" class=\"wp-image-683\" srcset=\"https:\/\/www.moschti.ch\/wp-content\/uploads\/2024\/07\/Junger-Pfau-862x1024.jpg 862w, https:\/\/www.moschti.ch\/wp-content\/uploads\/2024\/07\/Junger-Pfau-253x300.jpg 253w, https:\/\/www.moschti.ch\/wp-content\/uploads\/2024\/07\/Junger-Pfau-768x912.jpg 768w, https:\/\/www.moschti.ch\/wp-content\/uploads\/2024\/07\/Junger-Pfau-1293x1536.jpg 1293w, https:\/\/www.moschti.ch\/wp-content\/uploads\/2024\/07\/Junger-Pfau-1724x2048.jpg 1724w\" sizes=\"auto, (max-width: 862px) 100vw, 862px\" \/><figcaption class=\"wp-element-caption\"><strong>Junger Pfau<\/strong><\/figcaption><\/figure>\n\n\n\n<figure class=\"wp-block-image size-large\"><img loading=\"lazy\" decoding=\"async\" width=\"1008\" height=\"1024\" data-id=\"684\" src=\"https:\/\/www.moschti.ch\/wp-content\/uploads\/2024\/07\/Nachtruhe-auf-dem-Baum-1008x1024.jpg\" alt=\"\" class=\"wp-image-684\" srcset=\"https:\/\/www.moschti.ch\/wp-content\/uploads\/2024\/07\/Nachtruhe-auf-dem-Baum-1008x1024.jpg 1008w, https:\/\/www.moschti.ch\/wp-content\/uploads\/2024\/07\/Nachtruhe-auf-dem-Baum-295x300.jpg 295w, https:\/\/www.moschti.ch\/wp-content\/uploads\/2024\/07\/Nachtruhe-auf-dem-Baum-768x780.jpg 768w, https:\/\/www.moschti.ch\/wp-content\/uploads\/2024\/07\/Nachtruhe-auf-dem-Baum-1512x1536.jpg 1512w, https:\/\/www.moschti.ch\/wp-content\/uploads\/2024\/07\/Nachtruhe-auf-dem-Baum-2016x2048.jpg 2016w\" sizes=\"auto, (max-width: 1008px) 100vw, 1008px\" \/><figcaption class=\"wp-element-caption\"><strong>Nachtruhe auf dem Baum<\/strong><\/figcaption><\/figure>\n<\/figure>\n\n\n\n<p>Heute wird der Pfau vor allem in Tierparks gehalten, da der Platzbedarf nicht zu untersch\u00e4tzen ist. Ebenso sein schriller Ruf w\u00e4hrend der Balzzeit. Aufgrund der langen Schleppe der H\u00e4hne, bis 2m, ben\u00f6tigen sie einen grossen Stall. 4x6m w\u00e4ren Ideal. Die Sitzstange auf 2m H\u00f6he angebracht. Auch die Schlupflochgr\u00f6sse muss gr\u00f6sser als bei den H\u00fchnern sein. Als Einstreu bieten sich Hobelsp\u00e4ne, feine Holzschnitzel, Stroh aber auch getrocknetes Laub an.<\/p>\n\n\n\n<figure class=\"wp-block-gallery has-nested-images columns-default is-cropped wp-block-gallery-3 is-layout-flex wp-block-gallery-is-layout-flex\">\n<figure class=\"wp-block-image size-large\"><img loading=\"lazy\" decoding=\"async\" width=\"1024\" height=\"1020\" data-id=\"688\" src=\"https:\/\/www.moschti.ch\/wp-content\/uploads\/2024\/07\/Pfauenhenne-mit-Jungen-1024x1020.jpg\" alt=\"\" class=\"wp-image-688\" srcset=\"https:\/\/www.moschti.ch\/wp-content\/uploads\/2024\/07\/Pfauenhenne-mit-Jungen-1024x1020.jpg 1024w, https:\/\/www.moschti.ch\/wp-content\/uploads\/2024\/07\/Pfauenhenne-mit-Jungen-300x300.jpg 300w, https:\/\/www.moschti.ch\/wp-content\/uploads\/2024\/07\/Pfauenhenne-mit-Jungen-150x150.jpg 150w, https:\/\/www.moschti.ch\/wp-content\/uploads\/2024\/07\/Pfauenhenne-mit-Jungen-768x765.jpg 768w, https:\/\/www.moschti.ch\/wp-content\/uploads\/2024\/07\/Pfauenhenne-mit-Jungen-1536x1531.jpg 1536w, https:\/\/www.moschti.ch\/wp-content\/uploads\/2024\/07\/Pfauenhenne-mit-Jungen-2048x2041.jpg 2048w\" sizes=\"auto, (max-width: 1024px) 100vw, 1024px\" \/><figcaption class=\"wp-element-caption\"><strong>Pfauenhenne mit Jungen<\/strong><\/figcaption><\/figure>\n\n\n\n<figure class=\"wp-block-image size-large\"><img loading=\"lazy\" decoding=\"async\" width=\"839\" height=\"1024\" data-id=\"689\" src=\"https:\/\/www.moschti.ch\/wp-content\/uploads\/2024\/07\/Pfauenhenne-mit-Jungtieren-839x1024.jpg\" alt=\"\" class=\"wp-image-689\" srcset=\"https:\/\/www.moschti.ch\/wp-content\/uploads\/2024\/07\/Pfauenhenne-mit-Jungtieren-839x1024.jpg 839w, https:\/\/www.moschti.ch\/wp-content\/uploads\/2024\/07\/Pfauenhenne-mit-Jungtieren-246x300.jpg 246w, https:\/\/www.moschti.ch\/wp-content\/uploads\/2024\/07\/Pfauenhenne-mit-Jungtieren-768x937.jpg 768w, https:\/\/www.moschti.ch\/wp-content\/uploads\/2024\/07\/Pfauenhenne-mit-Jungtieren-1259x1536.jpg 1259w, https:\/\/www.moschti.ch\/wp-content\/uploads\/2024\/07\/Pfauenhenne-mit-Jungtieren-1679x2048.jpg 1679w\" sizes=\"auto, (max-width: 839px) 100vw, 839px\" \/><figcaption class=\"wp-element-caption\"><strong>Pfauenhenne mit Jungtieren<\/strong><\/figcaption><\/figure>\n<\/figure>\n\n\n\n<p>In einer Stallecke bietet man der Henne ein Legenest an. Eine Kiste mit einem Schlupfloch, gegen oben kann sie offen sein. Gr\u00f6sse: ca. 35 cm breit und 80 cm lang. Als Einstreu hat sich ein Gemisch aus Erde, Hobelsp\u00e4ne und Stroh bew\u00e4hrt. Im Mai beginnt die Henne mit Legen. Alle 2 Tage, am Nachmittag oder Abend. Nach 4-8 Eiern f\u00e4ngt sie an zu br\u00fcten. Die Brut dauert 28 Tage.<br>Die kleinen K\u00fcken werden von der Mutter sorgf\u00e4ltig betreut. Wichtig ist, dass sie die ersten 10 Wochen nicht nass werden. Sorgsame M\u00fctter merken, wenn es Regen geben wird und suchen den Stall auf oder setzen sich hin und nehmen die K\u00fcken unter sich. &nbsp;Als Futter eignen sich hartgekochte geraffelt Eier, fein geschnittener Schnittlauch, Haferflocken, Mehlw\u00fcrmer und K\u00fckenfutter.<br>W\u00e4hrend die Hennen ab dem 2 Lebensjahr geschlechtsreif sind, brauchen die H\u00e4hne 1 Jahr l\u00e4nger. Dann sind alle Federn in ihrer Pracht vorhanden. Im August-September verliert der Hahn innerhalb 10-14 Tage alle Federn. Im Januar wachsen die Federn wieder und im M\u00e4rz-Mai zeigt er wieder seine volle Pracht. <a href=\"https:\/\/www.moschti.ch\/index.php\/231-2\/\">Gefl\u00fcgel<\/a><\/p>\n\n\n\n<div class=\"wp-block-columns is-layout-flex wp-container-core-columns-is-layout-9d6595d7 wp-block-columns-is-layout-flex\">\n<div class=\"wp-block-column is-layout-flow wp-block-column-is-layout-flow\">\n<figure class=\"wp-block-video\"><video height=\"1080\" style=\"aspect-ratio: 1920 \/ 1080;\" width=\"1920\" controls src=\"https:\/\/www.moschti.ch\/wp-content\/uploads\/2024\/07\/Pfauenhenne-mit-Jungen-auf-dem-Spaziergang-Video-1.mp4\"><\/video><figcaption class=\"wp-element-caption\"><strong>Pfauenhenne auf Futtersuche mit ihren Jungen<\/strong><\/figcaption><\/figure>\n<\/div>\n\n\n\n<div class=\"wp-block-column is-layout-flow wp-block-column-is-layout-flow\">\n<figure class=\"wp-block-video\"><video height=\"1080\" style=\"aspect-ratio: 1920 \/ 1080;\" width=\"1920\" controls src=\"https:\/\/www.moschti.ch\/wp-content\/uploads\/2024\/07\/Balz-des-Hahnes-Video.mp4\"><\/video><figcaption class=\"wp-element-caption\"><strong>Balz des Hahnes Video<\/strong><\/figcaption><\/figure>\n<\/div>\n<\/div>\n\n\n\n<p><\/p>\n\n\n\n<p><\/p>\n\n\n\n<p><\/p>\n\n\n\n<p><\/p>\n","protected":false},"excerpt":{"rendered":"<p>Leben der Pfauen Der blaue Pfau gilt als \u00e4ltester, in menschlicher Obhut gez\u00fcchteter Ziervogel. Es ist belegt, dass Pfauen bereits 2000 v.Chr. in Indien gehalten wurden. Der Pfau verbreitete sich schnell, vor allem wegen seiner Sch\u00f6nheit. Im alten Rom gab es schon Pfauenzuchtvereine. Urspr\u00fcnglich galt er in Rom als heiliger Vogel und wurde der G\u00f6ttin &#8230; <a title=\"Blaue Pfauen\" class=\"read-more\" href=\"https:\/\/www.moschti.ch\/index.php\/blaue-pfauen\/\" aria-label=\"Mehr Informationen \u00fcber Blaue Pfauen\">Weiterlesen<\/a><\/p>\n","protected":false},"author":2,"featured_media":0,"parent":0,"menu_order":0,"comment_status":"closed","ping_status":"closed","template":"","meta":{"_uag_custom_page_level_css":"","pgc_sgb_lightbox_settings":"","_themeisle_gutenberg_block_has_review":false,"footnotes":""},"class_list":["post-337","page","type-page","status-publish"],"yoast_head":"<!-- This site is optimized with the Yoast SEO plugin v22.2 - https:\/\/yoast.com\/wordpress\/plugins\/seo\/ -->\n<title>Blaue Pfauen - Moschti<\/title>\n<meta name=\"description\" content=\"Seit vier Jahren lebt auch ein Pfauenpaar bei uns. Sie brauchen viel Platz im Stall und Auslauf. Wir erfreuen uns an der Balz des Hahnes mit seinem Radschlag. Jedes Jahr Ende August wirft es sein sch\u00f6nes Federkleid ab und wir sammeln sein die Federn fleissig zusammen.\" \/>\n<meta name=\"robots\" content=\"index, follow, max-snippet:-1, max-image-preview:large, max-video-preview:-1\" \/>\n<link rel=\"canonical\" href=\"https:\/\/www.moschti.ch\/index.php\/blaue-pfauen\/\" \/>\n<meta property=\"og:locale\" content=\"de_DE\" \/>\n<meta property=\"og:type\" content=\"article\" \/>\n<meta property=\"og:title\" content=\"Blaue Pfauen - Moschti\" \/>\n<meta property=\"og:description\" content=\"Seit vier Jahren lebt auch ein Pfauenpaar bei uns. Sie brauchen viel Platz im Stall und Auslauf. Wir erfreuen uns an der Balz des Hahnes mit seinem Radschlag. Jedes Jahr Ende August wirft es sein sch\u00f6nes Federkleid ab und wir sammeln sein die Federn fleissig zusammen.\" \/>\n<meta property=\"og:url\" content=\"https:\/\/www.moschti.ch\/index.php\/blaue-pfauen\/\" \/>\n<meta property=\"og:site_name\" content=\"Moschti\" \/>\n<meta property=\"article:modified_time\" content=\"2024-08-19T09:49:33+00:00\" \/>\n<meta property=\"og:image\" content=\"https:\/\/www.moschti.ch\/wp-content\/uploads\/2024\/07\/Pfau-mit-Rad-973x1024.jpg\" \/>\n<meta name=\"twitter:card\" content=\"summary_large_image\" \/>\n<meta name=\"twitter:label1\" content=\"Gesch\u00e4tzte Lesezeit\" \/>\n\t<meta name=\"twitter:data1\" content=\"5\u00a0Minuten\" \/>\n<script type=\"application\/ld+json\" class=\"yoast-schema-graph\">{\"@context\":\"https:\/\/schema.org\",\"@graph\":[{\"@type\":\"WebPage\",\"@id\":\"https:\/\/www.moschti.ch\/index.php\/blaue-pfauen\/\",\"url\":\"https:\/\/www.moschti.ch\/index.php\/blaue-pfauen\/\",\"name\":\"Blaue Pfauen - Moschti\",\"isPartOf\":{\"@id\":\"https:\/\/www.moschti.ch\/#website\"},\"primaryImageOfPage\":{\"@id\":\"https:\/\/www.moschti.ch\/index.php\/blaue-pfauen\/#primaryimage\"},\"image\":{\"@id\":\"https:\/\/www.moschti.ch\/index.php\/blaue-pfauen\/#primaryimage\"},\"thumbnailUrl\":\"https:\/\/www.moschti.ch\/wp-content\/uploads\/2024\/07\/Pfau-mit-Rad-973x1024.jpg\",\"datePublished\":\"2024-04-10T20:38:10+00:00\",\"dateModified\":\"2024-08-19T09:49:33+00:00\",\"description\":\"Seit vier Jahren lebt auch ein Pfauenpaar bei uns. Sie brauchen viel Platz im Stall und Auslauf. Wir erfreuen uns an der Balz des Hahnes mit seinem Radschlag. Jedes Jahr Ende August wirft es sein sch\u00f6nes Federkleid ab und wir sammeln sein die Federn fleissig zusammen.\",\"inLanguage\":\"de\",\"potentialAction\":[{\"@type\":\"ReadAction\",\"target\":[\"https:\/\/www.moschti.ch\/index.php\/blaue-pfauen\/\"]}]},{\"@type\":\"ImageObject\",\"inLanguage\":\"de\",\"@id\":\"https:\/\/www.moschti.ch\/index.php\/blaue-pfauen\/#primaryimage\",\"url\":\"https:\/\/www.moschti.ch\/wp-content\/uploads\/2024\/07\/Pfau-mit-Rad.jpg\",\"contentUrl\":\"https:\/\/www.moschti.ch\/wp-content\/uploads\/2024\/07\/Pfau-mit-Rad.jpg\",\"width\":2140,\"height\":2253,\"caption\":\"Pfau mit Rad\"},{\"@type\":\"WebSite\",\"@id\":\"https:\/\/www.moschti.ch\/#website\",\"url\":\"https:\/\/www.moschti.ch\/\",\"name\":\"Moschti\",\"description\":\"\",\"publisher\":{\"@id\":\"https:\/\/www.moschti.ch\/#organization\"},\"potentialAction\":[{\"@type\":\"SearchAction\",\"target\":{\"@type\":\"EntryPoint\",\"urlTemplate\":\"https:\/\/www.moschti.ch\/?s={search_term_string}\"},\"query-input\":\"required name=search_term_string\"}],\"inLanguage\":\"de\"},{\"@type\":\"Organization\",\"@id\":\"https:\/\/www.moschti.ch\/#organization\",\"name\":\"Moschti\",\"url\":\"https:\/\/www.moschti.ch\/\",\"logo\":{\"@type\":\"ImageObject\",\"inLanguage\":\"de\",\"@id\":\"https:\/\/www.moschti.ch\/#\/schema\/logo\/image\/\",\"url\":\"https:\/\/www.moschti.ch\/wp-content\/uploads\/2024\/03\/banner.jpg\",\"contentUrl\":\"https:\/\/www.moschti.ch\/wp-content\/uploads\/2024\/03\/banner.jpg\",\"width\":1000,\"height\":140,\"caption\":\"Moschti\"},\"image\":{\"@id\":\"https:\/\/www.moschti.ch\/#\/schema\/logo\/image\/\"}}]}<\/script>\n<!-- \/ Yoast SEO plugin. -->","yoast_head_json":{"title":"Blaue Pfauen - Moschti","description":"Seit vier Jahren lebt auch ein Pfauenpaar bei uns. Sie brauchen viel Platz im Stall und Auslauf. Wir erfreuen uns an der Balz des Hahnes mit seinem Radschlag. Jedes Jahr Ende August wirft es sein sch\u00f6nes Federkleid ab und wir sammeln sein die Federn fleissig zusammen.","robots":{"index":"index","follow":"follow","max-snippet":"max-snippet:-1","max-image-preview":"max-image-preview:large","max-video-preview":"max-video-preview:-1"},"canonical":"https:\/\/www.moschti.ch\/index.php\/blaue-pfauen\/","og_locale":"de_DE","og_type":"article","og_title":"Blaue Pfauen - Moschti","og_description":"Seit vier Jahren lebt auch ein Pfauenpaar bei uns. Sie brauchen viel Platz im Stall und Auslauf. Wir erfreuen uns an der Balz des Hahnes mit seinem Radschlag. Jedes Jahr Ende August wirft es sein sch\u00f6nes Federkleid ab und wir sammeln sein die Federn fleissig zusammen.","og_url":"https:\/\/www.moschti.ch\/index.php\/blaue-pfauen\/","og_site_name":"Moschti","article_modified_time":"2024-08-19T09:49:33+00:00","og_image":[{"url":"https:\/\/www.moschti.ch\/wp-content\/uploads\/2024\/07\/Pfau-mit-Rad-973x1024.jpg"}],"twitter_card":"summary_large_image","twitter_misc":{"Gesch\u00e4tzte Lesezeit":"5\u00a0Minuten"},"schema":{"@context":"https:\/\/schema.org","@graph":[{"@type":"WebPage","@id":"https:\/\/www.moschti.ch\/index.php\/blaue-pfauen\/","url":"https:\/\/www.moschti.ch\/index.php\/blaue-pfauen\/","name":"Blaue Pfauen - Moschti","isPartOf":{"@id":"https:\/\/www.moschti.ch\/#website"},"primaryImageOfPage":{"@id":"https:\/\/www.moschti.ch\/index.php\/blaue-pfauen\/#primaryimage"},"image":{"@id":"https:\/\/www.moschti.ch\/index.php\/blaue-pfauen\/#primaryimage"},"thumbnailUrl":"https:\/\/www.moschti.ch\/wp-content\/uploads\/2024\/07\/Pfau-mit-Rad-973x1024.jpg","datePublished":"2024-04-10T20:38:10+00:00","dateModified":"2024-08-19T09:49:33+00:00","description":"Seit vier Jahren lebt auch ein Pfauenpaar bei uns. Sie brauchen viel Platz im Stall und Auslauf. Wir erfreuen uns an der Balz des Hahnes mit seinem Radschlag. Jedes Jahr Ende August wirft es sein sch\u00f6nes Federkleid ab und wir sammeln sein die Federn fleissig zusammen.","inLanguage":"de","potentialAction":[{"@type":"ReadAction","target":["https:\/\/www.moschti.ch\/index.php\/blaue-pfauen\/"]}]},{"@type":"ImageObject","inLanguage":"de","@id":"https:\/\/www.moschti.ch\/index.php\/blaue-pfauen\/#primaryimage","url":"https:\/\/www.moschti.ch\/wp-content\/uploads\/2024\/07\/Pfau-mit-Rad.jpg","contentUrl":"https:\/\/www.moschti.ch\/wp-content\/uploads\/2024\/07\/Pfau-mit-Rad.jpg","width":2140,"height":2253,"caption":"Pfau mit Rad"},{"@type":"WebSite","@id":"https:\/\/www.moschti.ch\/#website","url":"https:\/\/www.moschti.ch\/","name":"Moschti","description":"","publisher":{"@id":"https:\/\/www.moschti.ch\/#organization"},"potentialAction":[{"@type":"SearchAction","target":{"@type":"EntryPoint","urlTemplate":"https:\/\/www.moschti.ch\/?s={search_term_string}"},"query-input":"required name=search_term_string"}],"inLanguage":"de"},{"@type":"Organization","@id":"https:\/\/www.moschti.ch\/#organization","name":"Moschti","url":"https:\/\/www.moschti.ch\/","logo":{"@type":"ImageObject","inLanguage":"de","@id":"https:\/\/www.moschti.ch\/#\/schema\/logo\/image\/","url":"https:\/\/www.moschti.ch\/wp-content\/uploads\/2024\/03\/banner.jpg","contentUrl":"https:\/\/www.moschti.ch\/wp-content\/uploads\/2024\/03\/banner.jpg","width":1000,"height":140,"caption":"Moschti"},"image":{"@id":"https:\/\/www.moschti.ch\/#\/schema\/logo\/image\/"}}]}},"uagb_featured_image_src":{"full":false,"thumbnail":false,"medium":false,"medium_large":false,"large":false,"1536x1536":false,"2048x2048":false},"uagb_author_info":{"display_name":"Moschti","author_link":"https:\/\/www.moschti.ch\/index.php\/author\/moschti\/"},"uagb_comment_info":0,"uagb_excerpt":"Leben der Pfauen Der blaue Pfau gilt als \u00e4ltester, in menschlicher Obhut gez\u00fcchteter Ziervogel. Es ist belegt, dass Pfauen bereits 2000 v.Chr. in Indien gehalten wurden. Der Pfau verbreitete sich schnell, vor allem wegen seiner Sch\u00f6nheit. Im alten Rom gab es schon Pfauenzuchtvereine. Urspr\u00fcnglich galt er in Rom als heiliger Vogel und wurde der G\u00f6ttin&hellip;","_links":{"self":[{"href":"https:\/\/www.moschti.ch\/index.php\/wp-json\/wp\/v2\/pages\/337","targetHints":{"allow":["GET"]}}],"collection":[{"href":"https:\/\/www.moschti.ch\/index.php\/wp-json\/wp\/v2\/pages"}],"about":[{"href":"https:\/\/www.moschti.ch\/index.php\/wp-json\/wp\/v2\/types\/page"}],"author":[{"embeddable":true,"href":"https:\/\/www.moschti.ch\/index.php\/wp-json\/wp\/v2\/users\/2"}],"replies":[{"embeddable":true,"href":"https:\/\/www.moschti.ch\/index.php\/wp-json\/wp\/v2\/comments?post=337"}],"version-history":[{"count":18,"href":"https:\/\/www.moschti.ch\/index.php\/wp-json\/wp\/v2\/pages\/337\/revisions"}],"predecessor-version":[{"id":947,"href":"https:\/\/www.moschti.ch\/index.php\/wp-json\/wp\/v2\/pages\/337\/revisions\/947"}],"wp:attachment":[{"href":"https:\/\/www.moschti.ch\/index.php\/wp-json\/wp\/v2\/media?parent=337"}],"curies":[{"name":"wp","href":"https:\/\/api.w.org\/{rel}","templated":true}]}}