{"id":32,"date":"2024-03-11T13:37:31","date_gmt":"2024-03-11T13:37:31","guid":{"rendered":"https:\/\/www.moschti.ch\/?page_id=32"},"modified":"2024-08-13T17:35:49","modified_gmt":"2024-08-13T17:35:49","slug":"baeume","status":"publish","type":"page","link":"https:\/\/www.moschti.ch\/index.php\/baeume\/","title":{"rendered":"B\u00e4ume"},"content":{"rendered":"\n<p><\/p>\n\n\n\n<p>Im Winter ist Ruhezeit f\u00fcr die B\u00e4ume. Im Januar, Februar werden sie vom Fachmann geschnitten. Das ist der Grundstein f\u00fcr eine gute Apfelernte im Herbst. Im Fr\u00fchjahr braucht es sch\u00f6nes sonniges Wetter, damit die B\u00e4ume bl\u00fchen und die Bienen die Bl\u00fcten best\u00e4uben. Jetzt sind die B\u00e4ume eine Augenweide. Frost darf es jetzt nicht geben. <br>Wir haben auch alte Sorten wie der Baschiapfel und der Edelchr\u00fcsler in unserer Hostet. Dazu bew\u00e4hrte <a href=\"https:\/\/www.moschti.ch\/index.php\/apfel-sorten\/\">Sorten<\/a> wie der Jonathan Baum.<\/p>\n\n\n\n<figure class=\"wp-block-gallery has-nested-images columns-3 is-cropped wp-block-gallery-1 is-layout-flex wp-block-gallery-is-layout-flex\">\n<figure class=\"wp-block-image size-large\"><img loading=\"lazy\" decoding=\"async\" width=\"1024\" height=\"683\" data-id=\"398\" src=\"https:\/\/www.moschti.ch\/wp-content\/uploads\/2024\/04\/Apfelbaum-im-Winter--1024x683.jpg\" alt=\"\" class=\"wp-image-398\" srcset=\"https:\/\/www.moschti.ch\/wp-content\/uploads\/2024\/04\/Apfelbaum-im-Winter--1024x683.jpg 1024w, https:\/\/www.moschti.ch\/wp-content\/uploads\/2024\/04\/Apfelbaum-im-Winter--300x200.jpg 300w, https:\/\/www.moschti.ch\/wp-content\/uploads\/2024\/04\/Apfelbaum-im-Winter--768x512.jpg 768w, https:\/\/www.moschti.ch\/wp-content\/uploads\/2024\/04\/Apfelbaum-im-Winter--1536x1024.jpg 1536w, https:\/\/www.moschti.ch\/wp-content\/uploads\/2024\/04\/Apfelbaum-im-Winter--2048x1365.jpg 2048w\" sizes=\"auto, (max-width: 1024px) 100vw, 1024px\" \/><figcaption class=\"wp-element-caption\">Baum im Winter<\/figcaption><\/figure>\n\n\n\n<figure class=\"wp-block-image size-large\"><img loading=\"lazy\" decoding=\"async\" width=\"1024\" height=\"680\" data-id=\"399\" src=\"https:\/\/www.moschti.ch\/wp-content\/uploads\/2024\/04\/Apfelblueten-1024x680.jpg\" alt=\"\" class=\"wp-image-399\" srcset=\"https:\/\/www.moschti.ch\/wp-content\/uploads\/2024\/04\/Apfelblueten-1024x680.jpg 1024w, https:\/\/www.moschti.ch\/wp-content\/uploads\/2024\/04\/Apfelblueten-300x199.jpg 300w, https:\/\/www.moschti.ch\/wp-content\/uploads\/2024\/04\/Apfelblueten-768x510.jpg 768w, https:\/\/www.moschti.ch\/wp-content\/uploads\/2024\/04\/Apfelblueten-1536x1020.jpg 1536w, https:\/\/www.moschti.ch\/wp-content\/uploads\/2024\/04\/Apfelblueten-2048x1360.jpg 2048w\" sizes=\"auto, (max-width: 1024px) 100vw, 1024px\" \/><figcaption class=\"wp-element-caption\">Bl\u00fchender Apfelbaum<\/figcaption><\/figure>\n\n\n\n<figure class=\"wp-block-image size-large\"><img loading=\"lazy\" decoding=\"async\" width=\"768\" height=\"1024\" data-id=\"400\" src=\"https:\/\/www.moschti.ch\/wp-content\/uploads\/2024\/04\/Baschiapfel-768x1024.jpg\" alt=\"\" class=\"wp-image-400\" srcset=\"https:\/\/www.moschti.ch\/wp-content\/uploads\/2024\/04\/Baschiapfel-768x1024.jpg 768w, https:\/\/www.moschti.ch\/wp-content\/uploads\/2024\/04\/Baschiapfel-225x300.jpg 225w, https:\/\/www.moschti.ch\/wp-content\/uploads\/2024\/04\/Baschiapfel-1152x1536.jpg 1152w, https:\/\/www.moschti.ch\/wp-content\/uploads\/2024\/04\/Baschiapfel-1536x2048.jpg 1536w, https:\/\/www.moschti.ch\/wp-content\/uploads\/2024\/04\/Baschiapfel-scaled.jpg 1920w\" sizes=\"auto, (max-width: 768px) 100vw, 768px\" \/><figcaption class=\"wp-element-caption\">Alte Apfelsorte<\/figcaption><\/figure>\n\n\n\n<figure class=\"wp-block-image size-large\"><img loading=\"lazy\" decoding=\"async\" width=\"768\" height=\"1024\" data-id=\"401\" src=\"https:\/\/www.moschti.ch\/wp-content\/uploads\/2024\/04\/Edelchruesler-768x1024.jpg\" alt=\"\" class=\"wp-image-401\" srcset=\"https:\/\/www.moschti.ch\/wp-content\/uploads\/2024\/04\/Edelchruesler-768x1024.jpg 768w, https:\/\/www.moschti.ch\/wp-content\/uploads\/2024\/04\/Edelchruesler-225x300.jpg 225w, https:\/\/www.moschti.ch\/wp-content\/uploads\/2024\/04\/Edelchruesler-1152x1536.jpg 1152w, https:\/\/www.moschti.ch\/wp-content\/uploads\/2024\/04\/Edelchruesler-1536x2048.jpg 1536w, https:\/\/www.moschti.ch\/wp-content\/uploads\/2024\/04\/Edelchruesler-scaled.jpg 1920w\" sizes=\"auto, (max-width: 768px) 100vw, 768px\" \/><figcaption class=\"wp-element-caption\">Alte Apfelsorte<\/figcaption><\/figure>\n\n\n\n<figure class=\"wp-block-image size-large\"><img loading=\"lazy\" decoding=\"async\" width=\"768\" height=\"1024\" data-id=\"402\" src=\"https:\/\/www.moschti.ch\/wp-content\/uploads\/2024\/04\/Jonathanbaum-768x1024.jpg\" alt=\"\" class=\"wp-image-402\" srcset=\"https:\/\/www.moschti.ch\/wp-content\/uploads\/2024\/04\/Jonathanbaum-768x1024.jpg 768w, https:\/\/www.moschti.ch\/wp-content\/uploads\/2024\/04\/Jonathanbaum-225x300.jpg 225w, https:\/\/www.moschti.ch\/wp-content\/uploads\/2024\/04\/Jonathanbaum-1152x1536.jpg 1152w, https:\/\/www.moschti.ch\/wp-content\/uploads\/2024\/04\/Jonathanbaum-1536x2048.jpg 1536w, https:\/\/www.moschti.ch\/wp-content\/uploads\/2024\/04\/Jonathanbaum-scaled.jpg 1920w\" sizes=\"auto, (max-width: 768px) 100vw, 768px\" \/><figcaption class=\"wp-element-caption\">Unser Jonathanbaum voll roter \u00c4pfel<\/figcaption><\/figure>\n\n\n\n<figure class=\"wp-block-image size-large\"><img loading=\"lazy\" decoding=\"async\" width=\"576\" height=\"1024\" data-id=\"403\" src=\"https:\/\/www.moschti.ch\/wp-content\/uploads\/2024\/04\/Neue-Apfelsorte-576x1024.jpg\" alt=\"\" class=\"wp-image-403\" srcset=\"https:\/\/www.moschti.ch\/wp-content\/uploads\/2024\/04\/Neue-Apfelsorte-576x1024.jpg 576w, https:\/\/www.moschti.ch\/wp-content\/uploads\/2024\/04\/Neue-Apfelsorte-169x300.jpg 169w, https:\/\/www.moschti.ch\/wp-content\/uploads\/2024\/04\/Neue-Apfelsorte-768x1365.jpg 768w, https:\/\/www.moschti.ch\/wp-content\/uploads\/2024\/04\/Neue-Apfelsorte-864x1536.jpg 864w, https:\/\/www.moschti.ch\/wp-content\/uploads\/2024\/04\/Neue-Apfelsorte-1152x2048.jpg 1152w, https:\/\/www.moschti.ch\/wp-content\/uploads\/2024\/04\/Neue-Apfelsorte-scaled.jpg 1440w\" sizes=\"auto, (max-width: 576px) 100vw, 576px\" \/><figcaption class=\"wp-element-caption\">Neue moderne Sorte<\/figcaption><\/figure>\n\n\n\n<figure class=\"wp-block-image size-large\"><img loading=\"lazy\" decoding=\"async\" width=\"1024\" height=\"1024\" data-id=\"404\" src=\"https:\/\/www.moschti.ch\/wp-content\/uploads\/2024\/04\/Sie-blueht-rot-und-hat-rote-Aepfel-1024x1024.jpg\" alt=\"\" class=\"wp-image-404\" srcset=\"https:\/\/www.moschti.ch\/wp-content\/uploads\/2024\/04\/Sie-blueht-rot-und-hat-rote-Aepfel-1024x1024.jpg 1024w, https:\/\/www.moschti.ch\/wp-content\/uploads\/2024\/04\/Sie-blueht-rot-und-hat-rote-Aepfel-300x300.jpg 300w, https:\/\/www.moschti.ch\/wp-content\/uploads\/2024\/04\/Sie-blueht-rot-und-hat-rote-Aepfel-150x150.jpg 150w, https:\/\/www.moschti.ch\/wp-content\/uploads\/2024\/04\/Sie-blueht-rot-und-hat-rote-Aepfel-768x768.jpg 768w, https:\/\/www.moschti.ch\/wp-content\/uploads\/2024\/04\/Sie-blueht-rot-und-hat-rote-Aepfel-1536x1536.jpg 1536w, https:\/\/www.moschti.ch\/wp-content\/uploads\/2024\/04\/Sie-blueht-rot-und-hat-rote-Aepfel-2048x2048.jpg 2048w\" sizes=\"auto, (max-width: 1024px) 100vw, 1024px\" \/><figcaption class=\"wp-element-caption\">Bl\u00fcht rot und tr\u00e4gt rote \u00c4pfel<\/figcaption><\/figure>\n<\/figure>\n\n\n\n<p>Wir setzen aber auch neue moderne Sorten wie Redlove. Sie bl\u00fcht rot, die \u00c4pfel und das Fruchtfleisch sind rot. Beim Pressen ist auch der Saft r\u00f6tlich.<\/p>\n","protected":false},"excerpt":{"rendered":"<p>Im Winter ist Ruhezeit f\u00fcr die B\u00e4ume. Im Januar, Februar werden sie vom Fachmann geschnitten. Das ist der Grundstein f\u00fcr eine gute Apfelernte im Herbst. Im Fr\u00fchjahr braucht es sch\u00f6nes sonniges Wetter, damit die B\u00e4ume bl\u00fchen und die Bienen die Bl\u00fcten best\u00e4uben. Jetzt sind die B\u00e4ume eine Augenweide. Frost darf es jetzt nicht geben. Wir &#8230; <a title=\"B\u00e4ume\" class=\"read-more\" href=\"https:\/\/www.moschti.ch\/index.php\/baeume\/\" aria-label=\"Mehr Informationen \u00fcber B\u00e4ume\">Weiterlesen<\/a><\/p>\n","protected":false},"author":1,"featured_media":0,"parent":0,"menu_order":0,"comment_status":"closed","ping_status":"closed","template":"","meta":{"_uag_custom_page_level_css":"","pgc_sgb_lightbox_settings":"","_themeisle_gutenberg_block_has_review":false,"footnotes":""},"class_list":["post-32","page","type-page","status-publish"],"yoast_head":"<!-- This site is optimized with the Yoast SEO plugin v22.2 - https:\/\/yoast.com\/wordpress\/plugins\/seo\/ -->\n<title>B\u00e4ume - Moschti<\/title>\n<meta name=\"description\" content=\"In unserer Hostet begegnen sich alte, bew\u00e4hrte und neue Sorten Apfelb\u00e4ume. Sie erg\u00e4nzen sich gut. Wichtig auch, dass nicht alle \u00c4pfel gleichzeitig reif werden.\" \/>\n<meta name=\"robots\" content=\"index, follow, max-snippet:-1, max-image-preview:large, max-video-preview:-1\" \/>\n<link rel=\"canonical\" href=\"https:\/\/www.moschti.ch\/index.php\/baeume\/\" \/>\n<meta property=\"og:locale\" content=\"de_DE\" \/>\n<meta property=\"og:type\" content=\"article\" \/>\n<meta property=\"og:title\" content=\"B\u00e4ume - Moschti\" \/>\n<meta property=\"og:description\" content=\"In unserer Hostet begegnen sich alte, bew\u00e4hrte und neue Sorten Apfelb\u00e4ume. Sie erg\u00e4nzen sich gut. Wichtig auch, dass nicht alle \u00c4pfel gleichzeitig reif werden.\" \/>\n<meta property=\"og:url\" content=\"https:\/\/www.moschti.ch\/index.php\/baeume\/\" \/>\n<meta property=\"og:site_name\" content=\"Moschti\" \/>\n<meta property=\"article:modified_time\" content=\"2024-08-13T17:35:49+00:00\" \/>\n<meta property=\"og:image\" content=\"https:\/\/www.moschti.ch\/wp-content\/uploads\/2024\/04\/Apfelbaum-im-Winter--1024x683.jpg\" \/>\n<meta name=\"twitter:card\" content=\"summary_large_image\" \/>\n<meta name=\"twitter:label1\" content=\"Gesch\u00e4tzte Lesezeit\" \/>\n\t<meta name=\"twitter:data1\" content=\"3\u00a0Minuten\" \/>\n<script type=\"application\/ld+json\" class=\"yoast-schema-graph\">{\"@context\":\"https:\/\/schema.org\",\"@graph\":[{\"@type\":\"WebPage\",\"@id\":\"https:\/\/www.moschti.ch\/index.php\/baeume\/\",\"url\":\"https:\/\/www.moschti.ch\/index.php\/baeume\/\",\"name\":\"B\u00e4ume - Moschti\",\"isPartOf\":{\"@id\":\"https:\/\/www.moschti.ch\/#website\"},\"primaryImageOfPage\":{\"@id\":\"https:\/\/www.moschti.ch\/index.php\/baeume\/#primaryimage\"},\"image\":{\"@id\":\"https:\/\/www.moschti.ch\/index.php\/baeume\/#primaryimage\"},\"thumbnailUrl\":\"https:\/\/www.moschti.ch\/wp-content\/uploads\/2024\/04\/Apfelbaum-im-Winter--1024x683.jpg\",\"datePublished\":\"2024-03-11T13:37:31+00:00\",\"dateModified\":\"2024-08-13T17:35:49+00:00\",\"description\":\"In unserer Hostet begegnen sich alte, bew\u00e4hrte und neue Sorten Apfelb\u00e4ume. Sie erg\u00e4nzen sich gut. Wichtig auch, dass nicht alle \u00c4pfel gleichzeitig reif werden.\",\"inLanguage\":\"de\",\"potentialAction\":[{\"@type\":\"ReadAction\",\"target\":[\"https:\/\/www.moschti.ch\/index.php\/baeume\/\"]}]},{\"@type\":\"ImageObject\",\"inLanguage\":\"de\",\"@id\":\"https:\/\/www.moschti.ch\/index.php\/baeume\/#primaryimage\",\"url\":\"https:\/\/www.moschti.ch\/wp-content\/uploads\/2024\/04\/Apfelbaum-im-Winter--scaled.jpg\",\"contentUrl\":\"https:\/\/www.moschti.ch\/wp-content\/uploads\/2024\/04\/Apfelbaum-im-Winter--scaled.jpg\",\"width\":2560,\"height\":1707,\"caption\":\"Baum im Winter\"},{\"@type\":\"WebSite\",\"@id\":\"https:\/\/www.moschti.ch\/#website\",\"url\":\"https:\/\/www.moschti.ch\/\",\"name\":\"Moschti\",\"description\":\"\",\"publisher\":{\"@id\":\"https:\/\/www.moschti.ch\/#organization\"},\"potentialAction\":[{\"@type\":\"SearchAction\",\"target\":{\"@type\":\"EntryPoint\",\"urlTemplate\":\"https:\/\/www.moschti.ch\/?s={search_term_string}\"},\"query-input\":\"required name=search_term_string\"}],\"inLanguage\":\"de\"},{\"@type\":\"Organization\",\"@id\":\"https:\/\/www.moschti.ch\/#organization\",\"name\":\"Moschti\",\"url\":\"https:\/\/www.moschti.ch\/\",\"logo\":{\"@type\":\"ImageObject\",\"inLanguage\":\"de\",\"@id\":\"https:\/\/www.moschti.ch\/#\/schema\/logo\/image\/\",\"url\":\"https:\/\/www.moschti.ch\/wp-content\/uploads\/2024\/03\/banner.jpg\",\"contentUrl\":\"https:\/\/www.moschti.ch\/wp-content\/uploads\/2024\/03\/banner.jpg\",\"width\":1000,\"height\":140,\"caption\":\"Moschti\"},\"image\":{\"@id\":\"https:\/\/www.moschti.ch\/#\/schema\/logo\/image\/\"}}]}<\/script>\n<!-- \/ Yoast SEO plugin. -->","yoast_head_json":{"title":"B\u00e4ume - Moschti","description":"In unserer Hostet begegnen sich alte, bew\u00e4hrte und neue Sorten Apfelb\u00e4ume. Sie erg\u00e4nzen sich gut. Wichtig auch, dass nicht alle \u00c4pfel gleichzeitig reif werden.","robots":{"index":"index","follow":"follow","max-snippet":"max-snippet:-1","max-image-preview":"max-image-preview:large","max-video-preview":"max-video-preview:-1"},"canonical":"https:\/\/www.moschti.ch\/index.php\/baeume\/","og_locale":"de_DE","og_type":"article","og_title":"B\u00e4ume - Moschti","og_description":"In unserer Hostet begegnen sich alte, bew\u00e4hrte und neue Sorten Apfelb\u00e4ume. Sie erg\u00e4nzen sich gut. Wichtig auch, dass nicht alle \u00c4pfel gleichzeitig reif werden.","og_url":"https:\/\/www.moschti.ch\/index.php\/baeume\/","og_site_name":"Moschti","article_modified_time":"2024-08-13T17:35:49+00:00","og_image":[{"url":"https:\/\/www.moschti.ch\/wp-content\/uploads\/2024\/04\/Apfelbaum-im-Winter--1024x683.jpg"}],"twitter_card":"summary_large_image","twitter_misc":{"Gesch\u00e4tzte Lesezeit":"3\u00a0Minuten"},"schema":{"@context":"https:\/\/schema.org","@graph":[{"@type":"WebPage","@id":"https:\/\/www.moschti.ch\/index.php\/baeume\/","url":"https:\/\/www.moschti.ch\/index.php\/baeume\/","name":"B\u00e4ume - Moschti","isPartOf":{"@id":"https:\/\/www.moschti.ch\/#website"},"primaryImageOfPage":{"@id":"https:\/\/www.moschti.ch\/index.php\/baeume\/#primaryimage"},"image":{"@id":"https:\/\/www.moschti.ch\/index.php\/baeume\/#primaryimage"},"thumbnailUrl":"https:\/\/www.moschti.ch\/wp-content\/uploads\/2024\/04\/Apfelbaum-im-Winter--1024x683.jpg","datePublished":"2024-03-11T13:37:31+00:00","dateModified":"2024-08-13T17:35:49+00:00","description":"In unserer Hostet begegnen sich alte, bew\u00e4hrte und neue Sorten Apfelb\u00e4ume. Sie erg\u00e4nzen sich gut. Wichtig auch, dass nicht alle \u00c4pfel gleichzeitig reif werden.","inLanguage":"de","potentialAction":[{"@type":"ReadAction","target":["https:\/\/www.moschti.ch\/index.php\/baeume\/"]}]},{"@type":"ImageObject","inLanguage":"de","@id":"https:\/\/www.moschti.ch\/index.php\/baeume\/#primaryimage","url":"https:\/\/www.moschti.ch\/wp-content\/uploads\/2024\/04\/Apfelbaum-im-Winter--scaled.jpg","contentUrl":"https:\/\/www.moschti.ch\/wp-content\/uploads\/2024\/04\/Apfelbaum-im-Winter--scaled.jpg","width":2560,"height":1707,"caption":"Baum im Winter"},{"@type":"WebSite","@id":"https:\/\/www.moschti.ch\/#website","url":"https:\/\/www.moschti.ch\/","name":"Moschti","description":"","publisher":{"@id":"https:\/\/www.moschti.ch\/#organization"},"potentialAction":[{"@type":"SearchAction","target":{"@type":"EntryPoint","urlTemplate":"https:\/\/www.moschti.ch\/?s={search_term_string}"},"query-input":"required name=search_term_string"}],"inLanguage":"de"},{"@type":"Organization","@id":"https:\/\/www.moschti.ch\/#organization","name":"Moschti","url":"https:\/\/www.moschti.ch\/","logo":{"@type":"ImageObject","inLanguage":"de","@id":"https:\/\/www.moschti.ch\/#\/schema\/logo\/image\/","url":"https:\/\/www.moschti.ch\/wp-content\/uploads\/2024\/03\/banner.jpg","contentUrl":"https:\/\/www.moschti.ch\/wp-content\/uploads\/2024\/03\/banner.jpg","width":1000,"height":140,"caption":"Moschti"},"image":{"@id":"https:\/\/www.moschti.ch\/#\/schema\/logo\/image\/"}}]}},"uagb_featured_image_src":{"full":false,"thumbnail":false,"medium":false,"medium_large":false,"large":false,"1536x1536":false,"2048x2048":false},"uagb_author_info":{"display_name":"admin","author_link":"https:\/\/www.moschti.ch\/index.php\/author\/sysadmin\/"},"uagb_comment_info":0,"uagb_excerpt":"Im Winter ist Ruhezeit f\u00fcr die B\u00e4ume. Im Januar, Februar werden sie vom Fachmann geschnitten. Das ist der Grundstein f\u00fcr eine gute Apfelernte im Herbst. Im Fr\u00fchjahr braucht es sch\u00f6nes sonniges Wetter, damit die B\u00e4ume bl\u00fchen und die Bienen die Bl\u00fcten best\u00e4uben. Jetzt sind die B\u00e4ume eine Augenweide. Frost darf es jetzt nicht geben. Wir&hellip;","_links":{"self":[{"href":"https:\/\/www.moschti.ch\/index.php\/wp-json\/wp\/v2\/pages\/32","targetHints":{"allow":["GET"]}}],"collection":[{"href":"https:\/\/www.moschti.ch\/index.php\/wp-json\/wp\/v2\/pages"}],"about":[{"href":"https:\/\/www.moschti.ch\/index.php\/wp-json\/wp\/v2\/types\/page"}],"author":[{"embeddable":true,"href":"https:\/\/www.moschti.ch\/index.php\/wp-json\/wp\/v2\/users\/1"}],"replies":[{"embeddable":true,"href":"https:\/\/www.moschti.ch\/index.php\/wp-json\/wp\/v2\/comments?post=32"}],"version-history":[{"count":8,"href":"https:\/\/www.moschti.ch\/index.php\/wp-json\/wp\/v2\/pages\/32\/revisions"}],"predecessor-version":[{"id":871,"href":"https:\/\/www.moschti.ch\/index.php\/wp-json\/wp\/v2\/pages\/32\/revisions\/871"}],"wp:attachment":[{"href":"https:\/\/www.moschti.ch\/index.php\/wp-json\/wp\/v2\/media?parent=32"}],"curies":[{"name":"wp","href":"https:\/\/api.w.org\/{rel}","templated":true}]}}