{"id":231,"date":"2024-04-10T12:39:35","date_gmt":"2024-04-10T12:39:35","guid":{"rendered":"https:\/\/www.moschti.ch\/?page_id=231"},"modified":"2024-08-15T08:50:37","modified_gmt":"2024-08-15T08:50:37","slug":"231-2","status":"publish","type":"page","link":"https:\/\/www.moschti.ch\/index.php\/231-2\/","title":{"rendered":"Gefl\u00fcgel"},"content":{"rendered":"\n<p><strong>Unsere Tiere<\/strong><\/p>\n\n\n\n<p>Rassenh\u00fchner &#8211; Gefl\u00fcgelzucht<br>In unserer Freizeit betreuen wir gemeinsam verschiedenes Gefl\u00fcgel. Da wir viel Platz mit einer grossen Hostet oder Baumgarten besitzen, \u00fcbrigens alle B\u00e4ume selbst gepflanzt, haben wir verschiedene Arten und Rassen: H\u00fchner, Enten, Truten, Pfauen und Kaninchen.\u00a0Das Ziel ist die Erhaltung alter Rassen und Farben. Im Winter zeigen wir an Kleintierausstellungen unsere Tiere und lassen sie von Gefl\u00fcgelrichtern auch bewerten. Zu beobachten, wie sich unsere Tiere um Haus und Hof verhalten, bereitet uns am meisten Freude.\u00a0<\/p>\n","protected":false},"excerpt":{"rendered":"<p>Unsere Tiere Rassenh\u00fchner &#8211; Gefl\u00fcgelzuchtIn unserer Freizeit betreuen wir gemeinsam verschiedenes Gefl\u00fcgel. Da wir viel Platz mit einer grossen Hostet oder Baumgarten besitzen, \u00fcbrigens alle B\u00e4ume selbst gepflanzt, haben wir verschiedene Arten und Rassen: H\u00fchner, Enten, Truten, Pfauen und Kaninchen.\u00a0Das Ziel ist die Erhaltung alter Rassen und Farben. Im Winter zeigen wir an Kleintierausstellungen unsere &#8230; <a title=\"Gefl\u00fcgel\" class=\"read-more\" href=\"https:\/\/www.moschti.ch\/index.php\/231-2\/\" aria-label=\"Mehr Informationen \u00fcber Gefl\u00fcgel\">Weiterlesen<\/a><\/p>\n","protected":false},"author":2,"featured_media":0,"parent":0,"menu_order":0,"comment_status":"closed","ping_status":"closed","template":"","meta":{"_uag_custom_page_level_css":"","pgc_sgb_lightbox_settings":"","_themeisle_gutenberg_block_has_review":false,"footnotes":""},"class_list":["post-231","page","type-page","status-publish"],"yoast_head":"<!-- This site is optimized with the Yoast SEO plugin v22.2 - https:\/\/yoast.com\/wordpress\/plugins\/seo\/ -->\n<title>Gefl\u00fcgel - Moschti<\/title>\n<meta name=\"description\" content=\"Alte Rassen zu erhalten ist unser Ziel. Das kann nur durch Z\u00fcchten erreicht werden. D.h. Es braucht immer beide Geschlechter, Hahn und Henne.\" \/>\n<meta name=\"robots\" content=\"index, follow, max-snippet:-1, max-image-preview:large, max-video-preview:-1\" \/>\n<link rel=\"canonical\" href=\"https:\/\/www.moschti.ch\/index.php\/231-2\/\" \/>\n<meta property=\"og:locale\" content=\"de_DE\" \/>\n<meta property=\"og:type\" content=\"article\" \/>\n<meta property=\"og:title\" content=\"Gefl\u00fcgel - Moschti\" \/>\n<meta property=\"og:description\" content=\"Alte Rassen zu erhalten ist unser Ziel. Das kann nur durch Z\u00fcchten erreicht werden. D.h. Es braucht immer beide Geschlechter, Hahn und Henne.\" \/>\n<meta property=\"og:url\" content=\"https:\/\/www.moschti.ch\/index.php\/231-2\/\" \/>\n<meta property=\"og:site_name\" content=\"Moschti\" \/>\n<meta property=\"article:modified_time\" content=\"2024-08-15T08:50:37+00:00\" \/>\n<meta name=\"twitter:card\" content=\"summary_large_image\" \/>\n<meta name=\"twitter:label1\" content=\"Gesch\u00e4tzte Lesezeit\" \/>\n\t<meta name=\"twitter:data1\" content=\"1\u00a0Minute\" \/>\n<script type=\"application\/ld+json\" class=\"yoast-schema-graph\">{\"@context\":\"https:\/\/schema.org\",\"@graph\":[{\"@type\":\"WebPage\",\"@id\":\"https:\/\/www.moschti.ch\/index.php\/231-2\/\",\"url\":\"https:\/\/www.moschti.ch\/index.php\/231-2\/\",\"name\":\"Gefl\u00fcgel - Moschti\",\"isPartOf\":{\"@id\":\"https:\/\/www.moschti.ch\/#website\"},\"datePublished\":\"2024-04-10T12:39:35+00:00\",\"dateModified\":\"2024-08-15T08:50:37+00:00\",\"description\":\"Alte Rassen zu erhalten ist unser Ziel. Das kann nur durch Z\u00fcchten erreicht werden. D.h. Es braucht immer beide Geschlechter, Hahn und Henne.\",\"inLanguage\":\"de\",\"potentialAction\":[{\"@type\":\"ReadAction\",\"target\":[\"https:\/\/www.moschti.ch\/index.php\/231-2\/\"]}]},{\"@type\":\"WebSite\",\"@id\":\"https:\/\/www.moschti.ch\/#website\",\"url\":\"https:\/\/www.moschti.ch\/\",\"name\":\"Moschti\",\"description\":\"\",\"publisher\":{\"@id\":\"https:\/\/www.moschti.ch\/#organization\"},\"potentialAction\":[{\"@type\":\"SearchAction\",\"target\":{\"@type\":\"EntryPoint\",\"urlTemplate\":\"https:\/\/www.moschti.ch\/?s={search_term_string}\"},\"query-input\":\"required name=search_term_string\"}],\"inLanguage\":\"de\"},{\"@type\":\"Organization\",\"@id\":\"https:\/\/www.moschti.ch\/#organization\",\"name\":\"Moschti\",\"url\":\"https:\/\/www.moschti.ch\/\",\"logo\":{\"@type\":\"ImageObject\",\"inLanguage\":\"de\",\"@id\":\"https:\/\/www.moschti.ch\/#\/schema\/logo\/image\/\",\"url\":\"https:\/\/www.moschti.ch\/wp-content\/uploads\/2024\/03\/banner.jpg\",\"contentUrl\":\"https:\/\/www.moschti.ch\/wp-content\/uploads\/2024\/03\/banner.jpg\",\"width\":1000,\"height\":140,\"caption\":\"Moschti\"},\"image\":{\"@id\":\"https:\/\/www.moschti.ch\/#\/schema\/logo\/image\/\"}}]}<\/script>\n<!-- \/ Yoast SEO plugin. -->","yoast_head_json":{"title":"Gefl\u00fcgel - Moschti","description":"Alte Rassen zu erhalten ist unser Ziel. Das kann nur durch Z\u00fcchten erreicht werden. D.h. Es braucht immer beide Geschlechter, Hahn und Henne.","robots":{"index":"index","follow":"follow","max-snippet":"max-snippet:-1","max-image-preview":"max-image-preview:large","max-video-preview":"max-video-preview:-1"},"canonical":"https:\/\/www.moschti.ch\/index.php\/231-2\/","og_locale":"de_DE","og_type":"article","og_title":"Gefl\u00fcgel - Moschti","og_description":"Alte Rassen zu erhalten ist unser Ziel. Das kann nur durch Z\u00fcchten erreicht werden. D.h. Es braucht immer beide Geschlechter, Hahn und Henne.","og_url":"https:\/\/www.moschti.ch\/index.php\/231-2\/","og_site_name":"Moschti","article_modified_time":"2024-08-15T08:50:37+00:00","twitter_card":"summary_large_image","twitter_misc":{"Gesch\u00e4tzte Lesezeit":"1\u00a0Minute"},"schema":{"@context":"https:\/\/schema.org","@graph":[{"@type":"WebPage","@id":"https:\/\/www.moschti.ch\/index.php\/231-2\/","url":"https:\/\/www.moschti.ch\/index.php\/231-2\/","name":"Gefl\u00fcgel - Moschti","isPartOf":{"@id":"https:\/\/www.moschti.ch\/#website"},"datePublished":"2024-04-10T12:39:35+00:00","dateModified":"2024-08-15T08:50:37+00:00","description":"Alte Rassen zu erhalten ist unser Ziel. Das kann nur durch Z\u00fcchten erreicht werden. D.h. Es braucht immer beide Geschlechter, Hahn und Henne.","inLanguage":"de","potentialAction":[{"@type":"ReadAction","target":["https:\/\/www.moschti.ch\/index.php\/231-2\/"]}]},{"@type":"WebSite","@id":"https:\/\/www.moschti.ch\/#website","url":"https:\/\/www.moschti.ch\/","name":"Moschti","description":"","publisher":{"@id":"https:\/\/www.moschti.ch\/#organization"},"potentialAction":[{"@type":"SearchAction","target":{"@type":"EntryPoint","urlTemplate":"https:\/\/www.moschti.ch\/?s={search_term_string}"},"query-input":"required name=search_term_string"}],"inLanguage":"de"},{"@type":"Organization","@id":"https:\/\/www.moschti.ch\/#organization","name":"Moschti","url":"https:\/\/www.moschti.ch\/","logo":{"@type":"ImageObject","inLanguage":"de","@id":"https:\/\/www.moschti.ch\/#\/schema\/logo\/image\/","url":"https:\/\/www.moschti.ch\/wp-content\/uploads\/2024\/03\/banner.jpg","contentUrl":"https:\/\/www.moschti.ch\/wp-content\/uploads\/2024\/03\/banner.jpg","width":1000,"height":140,"caption":"Moschti"},"image":{"@id":"https:\/\/www.moschti.ch\/#\/schema\/logo\/image\/"}}]}},"uagb_featured_image_src":{"full":false,"thumbnail":false,"medium":false,"medium_large":false,"large":false,"1536x1536":false,"2048x2048":false},"uagb_author_info":{"display_name":"Moschti","author_link":"https:\/\/www.moschti.ch\/index.php\/author\/moschti\/"},"uagb_comment_info":0,"uagb_excerpt":"Unsere Tiere Rassenh\u00fchner &#8211; Gefl\u00fcgelzuchtIn unserer Freizeit betreuen wir gemeinsam verschiedenes Gefl\u00fcgel. Da wir viel Platz mit einer grossen Hostet oder Baumgarten besitzen, \u00fcbrigens alle B\u00e4ume selbst gepflanzt, haben wir verschiedene Arten und Rassen: H\u00fchner, Enten, Truten, Pfauen und Kaninchen.\u00a0Das Ziel ist die Erhaltung alter Rassen und Farben. Im Winter zeigen wir an Kleintierausstellungen unsere&hellip;","_links":{"self":[{"href":"https:\/\/www.moschti.ch\/index.php\/wp-json\/wp\/v2\/pages\/231","targetHints":{"allow":["GET"]}}],"collection":[{"href":"https:\/\/www.moschti.ch\/index.php\/wp-json\/wp\/v2\/pages"}],"about":[{"href":"https:\/\/www.moschti.ch\/index.php\/wp-json\/wp\/v2\/types\/page"}],"author":[{"embeddable":true,"href":"https:\/\/www.moschti.ch\/index.php\/wp-json\/wp\/v2\/users\/2"}],"replies":[{"embeddable":true,"href":"https:\/\/www.moschti.ch\/index.php\/wp-json\/wp\/v2\/comments?post=231"}],"version-history":[{"count":3,"href":"https:\/\/www.moschti.ch\/index.php\/wp-json\/wp\/v2\/pages\/231\/revisions"}],"predecessor-version":[{"id":483,"href":"https:\/\/www.moschti.ch\/index.php\/wp-json\/wp\/v2\/pages\/231\/revisions\/483"}],"wp:attachment":[{"href":"https:\/\/www.moschti.ch\/index.php\/wp-json\/wp\/v2\/media?parent=231"}],"curies":[{"name":"wp","href":"https:\/\/api.w.org\/{rel}","templated":true}]}}