{"id":172,"date":"2024-03-18T08:39:10","date_gmt":"2024-03-18T08:39:10","guid":{"rendered":"https:\/\/www.moschti.ch\/?page_id=172"},"modified":"2024-03-18T08:59:13","modified_gmt":"2024-03-18T08:59:13","slug":"datenschutzrichtlinien","status":"publish","type":"page","link":"https:\/\/www.moschti.ch\/index.php\/datenschutzrichtlinien\/","title":{"rendered":"Datenschutzrichtlinien"},"content":{"rendered":"\n<ol class=\"wp-block-list\"><\/ol>\n\n\n\n<p><strong>1. Kontakt und verantwortlich f\u00fcr die Datenbearbeitung<\/strong><br><br>Moschti<br>Beatrice und Walter Gloor<br>Hauptstrasse 7<br>4554 H\u00fcniken<br>032 614 26 88<\/p>\n\n\n\n<p>Email: &#105;&#x6e;f&#111;&#x40;&#109;&#x6f;s&#99;&#x68;t&#x69;&#x2e;&#99;&#x68;<\/p>\n\n\n\n<ol class=\"wp-block-list\" start=\"2\"><\/ol>\n\n\n\n<p><strong>2. Grunds\u00e4tzliches<\/strong><br><br>Diese Website kann grunds\u00e4tzlich ohne die Eingabe von personenbezogenen Daten genutzt werden. Falls Personendaten eingegeben werden, bearbeiten wir diese im Einklang mit dem aktuell geltenden Bundesgesetz \u00fcber den Datenschutz DVSGO<\/p>\n\n\n\n<p>Der Zugriff auf diese Website erfolgt mittels einer SSL-\/TLS-Verschl\u00fcsselung. Dies dient der Sicherheit und sch\u00fctzt die \u00dcbertragung pers\u00f6nlicher Daten, beispielsweise via Formular. Eine verschl\u00fcsselte Verbindung erkennen Sie daran, dass in der Adresszeile des Browsers sowohl \u201ehttps:\/\/\u201c als auch ein Schloss-Symbol davor sichtbar ist.<\/p>\n\n\n\n<p><strong>3. Server-Log-Files<\/strong><br><br>Der Provider dieser Website erhebt und speichert automatisch Informationen in so genannten Server-Log Files, die Ihr Browser automatisch an uns \u00fcbermittelt. Diese sind:<\/p>\n\n\n\n<pre class=\"wp-block-code\"><code>Browsertyp und Browserversion\nverwendetes Betriebssystem\nReferrer URL\nHostname des zugreifenden Rechners\nUhrzeit der Serveranfrage<\/code><\/pre>\n\n\n\n<p>Diese Daten sind nicht bestimmten Personen zuordenbar. Eine Zusammenf\u00fchrung dieser Daten mit anderen Datenquellen wird nicht vorgenommen. Wir behalten uns vor, diese Daten nachtr\u00e4glich zu pr\u00fcfen, wenn uns konkrete Anhaltspunkte f\u00fcr eine rechtswidrige Nutzung bekannt werden.<\/p>\n\n\n\n<ol class=\"wp-block-list\" start=\"4\"><\/ol>\n\n\n\n<p><strong>4. Zweck der Datenerhebung<\/strong><br><br>Alle Personendaten werden von uns ausschliesslich zum Zweck der Verwaltung der Kundenbeziehung, zu Kommunikationszwecken sowie f\u00fcr die Rechnungsstellung verwendet.<\/p>\n\n\n\n<p>4.1 Kontaktformulare<\/p>\n\n\n\n<p>Wenn Sie uns per Kontaktformular eine Anfrage zukommen l\u00e4sst, werden Ihre Angaben aus dem Formular \u00fcber eine per SSL verschl\u00fcsselte Verbindung (HTTPS) direkt an uns verschickt.<\/p>\n\n\n\n<p>Ohne Ihr ausdr\u00fcckliches Einverst\u00e4ndnis werden diese Daten nicht an Dritte weitergegeben und auch nicht verkauft.<\/p>\n\n\n\n<p>4.2 Kommentare<\/p>\n\n\n\n<p>Die Kommentarfunktion auf unserer Website ist ausgeschaltet.<\/p>\n\n\n\n<p><strong>5. Umgang mit den erhaltenen Daten und deren Schutz (Datensicherheit)<\/strong><br><br>Es werden geeignete technische und organisatorische Massnahmen eingesetzt, um die erhobenen Personendaten vor Verlust, Diebstahl und unberechtigtem Zugriff zu sch\u00fctzen. Wir \u00fcberpr\u00fcfen diese Sicherheits-Einstellungen, -Richtlinien und -Verfahren regelm\u00e4ssig, um sicherzustellen, dass die Systeme sicher sind.<\/p>\n\n\n\n<ol class=\"wp-block-list\" start=\"6\"><\/ol>\n\n\n\n<p><strong>6. Dauer der Speicherung, Widerruf und Beseitigung<\/strong><br><br>Die Daten werden so lange gespeichert, bis Sie die Verarbeitung widerrufen. Sie haben jederzeit die M\u00f6glichkeit, die Einwilligung zur Verarbeitung der Daten zu widerrufen.<\/p>\n\n\n\n<p>Daten, welche via Formular zur Offert Erstellung an uns \u00fcbermittelt werden, werden nicht direkt auf dem Server gespeichert, sondern nur als Mail versandt und nach Verwendung gel\u00f6scht.<\/p>\n\n\n\n<ol class=\"wp-block-list\" start=\"7\"><\/ol>\n\n\n\n<p><strong>7. Digitale Video-Inhalte<\/strong><br><br>Wir nutzen Dienste von spezialisierten Dritten, um das direkte Abspielen von digitalen Video-Inhalten zu erm\u00f6glichen.<\/p>\n\n\n\n<p>YouTube: Video-Plattform; Anbieterin: Google;<\/p>\n\n\n\n<ol class=\"wp-block-list\" start=\"8\"><\/ol>\n\n\n\n<p><strong>8. \u00c4nderungen<\/strong><br><br>Diese Datenschutzerkl\u00e4rung k\u00f6nnen wir jederzeit und ohne Vorank\u00fcndigung anpassen. Es gilt die jeweils aktuelle, auf dieser Website publizierte Fassung. Soweit die Datenschutzerkl\u00e4rung Teil einer Vereinbarung mit Ihnen ist, werden wir Sie im Falle einer Aktualisierung \u00fcber die \u00c4nderung in geeigneter Form kontaktieren.<\/p>\n\n\n\n<p>Diese Datenschutzerkl\u00e4rung wurde zuletzt am 18.3.2024 aktualisiert.<\/p>\n","protected":false},"excerpt":{"rendered":"<p>1. Kontakt und verantwortlich f\u00fcr die Datenbearbeitung MoschtiBeatrice und Walter GloorHauptstrasse 74554 H\u00fcniken032 614 26 88 Email: &#x69;&#x6e;&#x66;&#x6f;&#x40;&#x6d;&#x6f;&#x73;&#x63;&#x68;&#x74;&#x69;&#x2e;&#x63;&#x68; 2. Grunds\u00e4tzliches Diese Website kann grunds\u00e4tzlich ohne die Eingabe von personenbezogenen Daten genutzt werden. Falls Personendaten eingegeben werden, bearbeiten wir diese im Einklang mit dem aktuell geltenden Bundesgesetz \u00fcber den Datenschutz DVSGO Der Zugriff auf diese Website &#8230; <a title=\"Datenschutzrichtlinien\" class=\"read-more\" href=\"https:\/\/www.moschti.ch\/index.php\/datenschutzrichtlinien\/\" aria-label=\"Mehr Informationen \u00fcber Datenschutzrichtlinien\">Weiterlesen<\/a><\/p>\n","protected":false},"author":1,"featured_media":0,"parent":0,"menu_order":0,"comment_status":"closed","ping_status":"closed","template":"","meta":{"_uag_custom_page_level_css":"","pgc_sgb_lightbox_settings":"","_themeisle_gutenberg_block_has_review":false,"footnotes":""},"class_list":["post-172","page","type-page","status-publish"],"yoast_head":"<!-- This site is optimized with the Yoast SEO plugin v22.2 - https:\/\/yoast.com\/wordpress\/plugins\/seo\/ -->\n<title>Datenschutzrichtlinien - Moschti<\/title>\n<meta name=\"robots\" content=\"index, follow, max-snippet:-1, max-image-preview:large, max-video-preview:-1\" \/>\n<link rel=\"canonical\" href=\"https:\/\/www.moschti.ch\/index.php\/datenschutzrichtlinien\/\" \/>\n<meta property=\"og:locale\" content=\"de_DE\" \/>\n<meta property=\"og:type\" content=\"article\" \/>\n<meta property=\"og:title\" content=\"Datenschutzrichtlinien - Moschti\" \/>\n<meta property=\"og:description\" content=\"1. Kontakt und verantwortlich f\u00fcr die Datenbearbeitung MoschtiBeatrice und Walter GloorHauptstrasse 74554 H\u00fcniken032 614 26 88 Email: i&#110;&#x66;&#x6f;&#x40;m&#111;&#115;&#x63;&#x68;t&#105;&#046;&#x63;&#x68; 2. Grunds\u00e4tzliches Diese Website kann grunds\u00e4tzlich ohne die Eingabe von personenbezogenen Daten genutzt werden. Falls Personendaten eingegeben werden, bearbeiten wir diese im Einklang mit dem aktuell geltenden Bundesgesetz \u00fcber den Datenschutz DVSGO Der Zugriff auf diese Website ... Weiterlesen\" \/>\n<meta property=\"og:url\" content=\"https:\/\/www.moschti.ch\/index.php\/datenschutzrichtlinien\/\" \/>\n<meta property=\"og:site_name\" content=\"Moschti\" \/>\n<meta property=\"article:modified_time\" content=\"2024-03-18T08:59:13+00:00\" \/>\n<meta name=\"twitter:card\" content=\"summary_large_image\" \/>\n<meta name=\"twitter:label1\" content=\"Gesch\u00e4tzte Lesezeit\" \/>\n\t<meta name=\"twitter:data1\" content=\"3\u00a0Minuten\" \/>\n<script type=\"application\/ld+json\" class=\"yoast-schema-graph\">{\"@context\":\"https:\/\/schema.org\",\"@graph\":[{\"@type\":\"WebPage\",\"@id\":\"https:\/\/www.moschti.ch\/index.php\/datenschutzrichtlinien\/\",\"url\":\"https:\/\/www.moschti.ch\/index.php\/datenschutzrichtlinien\/\",\"name\":\"Datenschutzrichtlinien - Moschti\",\"isPartOf\":{\"@id\":\"https:\/\/www.moschti.ch\/#website\"},\"datePublished\":\"2024-03-18T08:39:10+00:00\",\"dateModified\":\"2024-03-18T08:59:13+00:00\",\"inLanguage\":\"de\",\"potentialAction\":[{\"@type\":\"ReadAction\",\"target\":[\"https:\/\/www.moschti.ch\/index.php\/datenschutzrichtlinien\/\"]}]},{\"@type\":\"WebSite\",\"@id\":\"https:\/\/www.moschti.ch\/#website\",\"url\":\"https:\/\/www.moschti.ch\/\",\"name\":\"Moschti\",\"description\":\"\",\"publisher\":{\"@id\":\"https:\/\/www.moschti.ch\/#organization\"},\"potentialAction\":[{\"@type\":\"SearchAction\",\"target\":{\"@type\":\"EntryPoint\",\"urlTemplate\":\"https:\/\/www.moschti.ch\/?s={search_term_string}\"},\"query-input\":\"required name=search_term_string\"}],\"inLanguage\":\"de\"},{\"@type\":\"Organization\",\"@id\":\"https:\/\/www.moschti.ch\/#organization\",\"name\":\"Moschti\",\"url\":\"https:\/\/www.moschti.ch\/\",\"logo\":{\"@type\":\"ImageObject\",\"inLanguage\":\"de\",\"@id\":\"https:\/\/www.moschti.ch\/#\/schema\/logo\/image\/\",\"url\":\"https:\/\/www.moschti.ch\/wp-content\/uploads\/2024\/03\/banner.jpg\",\"contentUrl\":\"https:\/\/www.moschti.ch\/wp-content\/uploads\/2024\/03\/banner.jpg\",\"width\":1000,\"height\":140,\"caption\":\"Moschti\"},\"image\":{\"@id\":\"https:\/\/www.moschti.ch\/#\/schema\/logo\/image\/\"}}]}<\/script>\n<!-- \/ Yoast SEO plugin. -->","yoast_head_json":{"title":"Datenschutzrichtlinien - Moschti","robots":{"index":"index","follow":"follow","max-snippet":"max-snippet:-1","max-image-preview":"max-image-preview:large","max-video-preview":"max-video-preview:-1"},"canonical":"https:\/\/www.moschti.ch\/index.php\/datenschutzrichtlinien\/","og_locale":"de_DE","og_type":"article","og_title":"Datenschutzrichtlinien - Moschti","og_description":"1. Kontakt und verantwortlich f\u00fcr die Datenbearbeitung MoschtiBeatrice und Walter GloorHauptstrasse 74554 H\u00fcniken032 614 26 88 Email: i&#110;&#x66;&#x6f;&#x40;m&#111;&#115;&#x63;&#x68;t&#105;&#46;&#x63;&#x68; 2. Grunds\u00e4tzliches Diese Website kann grunds\u00e4tzlich ohne die Eingabe von personenbezogenen Daten genutzt werden. Falls Personendaten eingegeben werden, bearbeiten wir diese im Einklang mit dem aktuell geltenden Bundesgesetz \u00fcber den Datenschutz DVSGO Der Zugriff auf diese Website ... Weiterlesen","og_url":"https:\/\/www.moschti.ch\/index.php\/datenschutzrichtlinien\/","og_site_name":"Moschti","article_modified_time":"2024-03-18T08:59:13+00:00","twitter_card":"summary_large_image","twitter_misc":{"Gesch\u00e4tzte Lesezeit":"3\u00a0Minuten"},"schema":{"@context":"https:\/\/schema.org","@graph":[{"@type":"WebPage","@id":"https:\/\/www.moschti.ch\/index.php\/datenschutzrichtlinien\/","url":"https:\/\/www.moschti.ch\/index.php\/datenschutzrichtlinien\/","name":"Datenschutzrichtlinien - Moschti","isPartOf":{"@id":"https:\/\/www.moschti.ch\/#website"},"datePublished":"2024-03-18T08:39:10+00:00","dateModified":"2024-03-18T08:59:13+00:00","inLanguage":"de","potentialAction":[{"@type":"ReadAction","target":["https:\/\/www.moschti.ch\/index.php\/datenschutzrichtlinien\/"]}]},{"@type":"WebSite","@id":"https:\/\/www.moschti.ch\/#website","url":"https:\/\/www.moschti.ch\/","name":"Moschti","description":"","publisher":{"@id":"https:\/\/www.moschti.ch\/#organization"},"potentialAction":[{"@type":"SearchAction","target":{"@type":"EntryPoint","urlTemplate":"https:\/\/www.moschti.ch\/?s={search_term_string}"},"query-input":"required name=search_term_string"}],"inLanguage":"de"},{"@type":"Organization","@id":"https:\/\/www.moschti.ch\/#organization","name":"Moschti","url":"https:\/\/www.moschti.ch\/","logo":{"@type":"ImageObject","inLanguage":"de","@id":"https:\/\/www.moschti.ch\/#\/schema\/logo\/image\/","url":"https:\/\/www.moschti.ch\/wp-content\/uploads\/2024\/03\/banner.jpg","contentUrl":"https:\/\/www.moschti.ch\/wp-content\/uploads\/2024\/03\/banner.jpg","width":1000,"height":140,"caption":"Moschti"},"image":{"@id":"https:\/\/www.moschti.ch\/#\/schema\/logo\/image\/"}}]}},"uagb_featured_image_src":{"full":false,"thumbnail":false,"medium":false,"medium_large":false,"large":false,"1536x1536":false,"2048x2048":false},"uagb_author_info":{"display_name":"admin","author_link":"https:\/\/www.moschti.ch\/index.php\/author\/sysadmin\/"},"uagb_comment_info":0,"uagb_excerpt":"1. Kontakt und verantwortlich f\u00fcr die Datenbearbeitung MoschtiBeatrice und Walter GloorHauptstrasse 74554 H\u00fcniken032 614 26 88 Email: inf&#111;&#64;&#109;&#111;&#x73;&#x63;&#x68;&#x74;&#x69;&#x2e;&#x63;h 2. Grunds\u00e4tzliches Diese Website kann grunds\u00e4tzlich ohne die Eingabe von personenbezogenen Daten genutzt werden. Falls Personendaten eingegeben werden, bearbeiten wir diese im Einklang mit dem aktuell geltenden Bundesgesetz \u00fcber den Datenschutz DVSGO Der Zugriff auf diese Website&hellip;","_links":{"self":[{"href":"https:\/\/www.moschti.ch\/index.php\/wp-json\/wp\/v2\/pages\/172","targetHints":{"allow":["GET"]}}],"collection":[{"href":"https:\/\/www.moschti.ch\/index.php\/wp-json\/wp\/v2\/pages"}],"about":[{"href":"https:\/\/www.moschti.ch\/index.php\/wp-json\/wp\/v2\/types\/page"}],"author":[{"embeddable":true,"href":"https:\/\/www.moschti.ch\/index.php\/wp-json\/wp\/v2\/users\/1"}],"replies":[{"embeddable":true,"href":"https:\/\/www.moschti.ch\/index.php\/wp-json\/wp\/v2\/comments?post=172"}],"version-history":[{"count":2,"href":"https:\/\/www.moschti.ch\/index.php\/wp-json\/wp\/v2\/pages\/172\/revisions"}],"predecessor-version":[{"id":181,"href":"https:\/\/www.moschti.ch\/index.php\/wp-json\/wp\/v2\/pages\/172\/revisions\/181"}],"wp:attachment":[{"href":"https:\/\/www.moschti.ch\/index.php\/wp-json\/wp\/v2\/media?parent=172"}],"curies":[{"name":"wp","href":"https:\/\/api.w.org\/{rel}","templated":true}]}}