{"id":101,"date":"2024-03-11T14:07:38","date_gmt":"2024-03-11T14:07:38","guid":{"rendered":"https:\/\/www.moschti.ch\/?page_id=101"},"modified":"2026-02-26T19:20:16","modified_gmt":"2026-02-26T19:20:16","slug":"home","status":"publish","type":"page","link":"https:\/\/www.moschti.ch\/","title":{"rendered":"Herzlich willkommen in der Moschti H\u00fcniken"},"content":{"rendered":"\n<p><\/p>\n\n\n\n<p>Wir sind eine Kundenmosterei und &nbsp;pressen und verarbeiten Ihre Fr\u00fcchte zu einem bek\u00f6mmlichen Getr\u00e4nk. Alle Apfelsorten ausser Klara\u00e4pfel eignen sich zum pressen und pasteurisieren. Wir verarbeiten aber auch Birnen, Quitten und Trauben. Je nach Herbst gibt es auch sortenreine S\u00fcssmoste und Mischgetr\u00e4nke welche wir in 5l Bag in Boxen verkaufen wie auch sortengemischter <a href=\"https:\/\/www.moschti.ch\/index.php\/suessmost\/\">S\u00fcssmost <\/a>in 10l und 5l Bag in Boxen.&nbsp;<br>Da wir keinen speziellen Hofladen f\u00fchren, nehmen Sie bitte per Telefon oder Mail Kontakt auf zum Kauf. F\u00fcr S\u00fcssmost ab presse und einzelne Bag in Boxen steht ein K\u00fchlschrank mit <a href=\"https:\/\/www.moschti.ch\/index.php\/selbstbedienung\/\">Selbstbedienung<\/a> zur Verf\u00fcgung.<br>Die \u00fcbrigen Infos finden Sie unter <a href=\"https:\/\/www.moschti.ch\/index.php\/kontakt\/\">Kontakt <\/a>oder den jeweiligen Rubriken. Schauen Sie unsere Website an, hier finden Sie alle n\u00fctzlichen Informationen.&nbsp;<\/p>\n\n\n\n<h2 class=\"wp-block-heading\">AKTUELL<\/h2>\n\n\n\n<p>Hier finden Sie die Neuigkeiten \u00fcber unsere Aktivit\u00e4ten. In der Mosterei, den Kleintieren oder im Garten. Neues unter Ausstellungen.<\/p>\n\n\n\n<div class=\"wp-block-media-text is-stacked-on-mobile\" style=\"grid-template-columns:27% auto\"><figure class=\"wp-block-media-text__media\"><img loading=\"lazy\" decoding=\"async\" width=\"748\" height=\"1024\" src=\"https:\/\/www.moschti.ch\/wp-content\/uploads\/2025\/02\/11.-10.-2020-245-748x1024.jpg\" alt=\"\" class=\"wp-image-1150 size-full\" srcset=\"https:\/\/www.moschti.ch\/wp-content\/uploads\/2025\/02\/11.-10.-2020-245-748x1024.jpg 748w, https:\/\/www.moschti.ch\/wp-content\/uploads\/2025\/02\/11.-10.-2020-245-219x300.jpg 219w, https:\/\/www.moschti.ch\/wp-content\/uploads\/2025\/02\/11.-10.-2020-245-768x1051.jpg 768w, https:\/\/www.moschti.ch\/wp-content\/uploads\/2025\/02\/11.-10.-2020-245-1122x1536.jpg 1122w, https:\/\/www.moschti.ch\/wp-content\/uploads\/2025\/02\/11.-10.-2020-245-1497x2048.jpg 1497w, https:\/\/www.moschti.ch\/wp-content\/uploads\/2025\/02\/11.-10.-2020-245-scaled.jpg 1871w\" sizes=\"auto, (max-width: 748px) 100vw, 748px\" \/><\/figure><div class=\"wp-block-media-text__content\">\n<p>Liebe Osterhasen Liebhaberinnen und Liebhaber.<br>Wir haben uns entschieden, unsere Osterhasen Manufaktur zu beenden. <br>Es war eine sch\u00f6ne Zeit mit vielen interessanten Begegnungen. Die Kontakte werden wir sicher vermissen. Wir w\u00fcnschen Euch eine frohe Osterzeit auch ohne Gloor Osterhasen.<\/p>\n<\/div><\/div>\n\n\n\n<p><\/p>\n\n\n\n<p>Die Mostsaison 25 ist zu Ende. <br>Wir haben viele Trauben gepresst und pasteurisiert. Wenige \u00c4pfel wurden angeliefert. Viele Apfelb\u00e4ume trugen keine \u00c4pfel. Das bescherte uns ein Jahr ohne Stress. Erst Ende Herbst kamen viele Quitten zum pressen. Quittensaft zum Verarbeiten von Gelee oder mit \u00c4pfel gemischt als angenehmes Getr\u00e4nk. Wir hoffen, dass alle Kunden zufrieden waren und ihren S\u00fcssmost \u00fcbers Jahr geniessen k\u00f6nnen.<\/p>\n\n\n\n<p>Nachfolgel\u00f6sung gesucht 2026 und weitere. Auf link klicken.<\/p>\n\n\n\n<p><a href=\"https:\/\/www.moschti.ch\/wp-content\/uploads\/2025\/10\/Nachfolgeloesung-2026.pdf\">https:\/\/www.moschti.ch\/wp-content\/uploads\/2025\/10\/Nachfolgeloesung-2026.pdf<\/a><\/p>\n\n\n\n<figure class=\"wp-block-gallery has-nested-images columns-default is-cropped wp-block-gallery-1 is-layout-flex wp-block-gallery-is-layout-flex\">\n<figure class=\"wp-block-image size-large\"><img loading=\"lazy\" decoding=\"async\" width=\"600\" height=\"800\" data-id=\"1011\" src=\"https:\/\/www.moschti.ch\/wp-content\/uploads\/2024\/11\/Bereits-im-Einwurfschacht.jpg\" alt=\"\" class=\"wp-image-1011\" srcset=\"https:\/\/www.moschti.ch\/wp-content\/uploads\/2024\/11\/Bereits-im-Einwurfschacht.jpg 600w, https:\/\/www.moschti.ch\/wp-content\/uploads\/2024\/11\/Bereits-im-Einwurfschacht-225x300.jpg 225w\" sizes=\"auto, (max-width: 600px) 100vw, 600px\" \/><figcaption class=\"wp-element-caption\">Der volle Einwurfschacht<\/figcaption><\/figure>\n\n\n\n<figure class=\"wp-block-image size-large\"><img loading=\"lazy\" decoding=\"async\" width=\"673\" height=\"800\" data-id=\"1013\" src=\"https:\/\/www.moschti.ch\/wp-content\/uploads\/2024\/11\/Die-Presse.jpg\" alt=\"\" class=\"wp-image-1013\" srcset=\"https:\/\/www.moschti.ch\/wp-content\/uploads\/2024\/11\/Die-Presse.jpg 673w, https:\/\/www.moschti.ch\/wp-content\/uploads\/2024\/11\/Die-Presse-252x300.jpg 252w\" sizes=\"auto, (max-width: 673px) 100vw, 673px\" \/><figcaption class=\"wp-element-caption\">und ab in die Presse<\/figcaption><\/figure>\n\n\n\n<figure class=\"wp-block-image size-large\"><img loading=\"lazy\" decoding=\"async\" width=\"800\" height=\"547\" data-id=\"1016\" src=\"https:\/\/www.moschti.ch\/wp-content\/uploads\/2024\/11\/Bereit-fuer-die-Kunden.jpg\" alt=\"\" class=\"wp-image-1016\" srcset=\"https:\/\/www.moschti.ch\/wp-content\/uploads\/2024\/11\/Bereit-fuer-die-Kunden.jpg 800w, https:\/\/www.moschti.ch\/wp-content\/uploads\/2024\/11\/Bereit-fuer-die-Kunden-300x205.jpg 300w, https:\/\/www.moschti.ch\/wp-content\/uploads\/2024\/11\/Bereit-fuer-die-Kunden-768x525.jpg 768w\" sizes=\"auto, (max-width: 800px) 100vw, 800px\" \/><figcaption class=\"wp-element-caption\">Bereit f\u00fcr die Kunden<\/figcaption><\/figure>\n<\/figure>\n\n\n\n<p><\/p>\n\n\n\n<p><\/p>\n\n\n\n<p><strong>Die Mostsaison 2024<\/strong><\/p>\n\n\n\n<p>Das letzte Jahr war ein gutes Apfeljahr. Die meisten hatten reichlich \u00c4pfel und Birnen. Wir entsprechend viel zu tun, manchmal mehr als wir wollten.<br>Alles ist aus unserer Sicht gut abgelaufen und dank unserem Mitarbeiter Chrigu konnten wir die viele Arbeit bew\u00e4ltigen. <br>Nun hoffen wir, Ihr seid zufrieden mit unserer Arbeit. Mit Reklamationen bitte direkt zu uns kommen, wir finden eine L\u00f6sung.<br>Nun w\u00fcnschen wir ein gutes Jahresende und viel Erfreuliches im neuen Jahr.<br><strong>Hier noch ein paar Impressionen aus der Mostsaison 24.<\/strong><\/p>\n\n\n\n<figure class=\"wp-block-gallery has-nested-images columns-default is-cropped wp-block-gallery-2 is-layout-flex wp-block-gallery-is-layout-flex\">\n<figure class=\"wp-block-image size-full\"><img loading=\"lazy\" decoding=\"async\" width=\"514\" height=\"341\" data-id=\"1021\" src=\"https:\/\/www.moschti.ch\/wp-content\/uploads\/2024\/11\/Anlieferung-Obstpaloxen.jpg\" alt=\"\" class=\"wp-image-1021\" srcset=\"https:\/\/www.moschti.ch\/wp-content\/uploads\/2024\/11\/Anlieferung-Obstpaloxen.jpg 514w, https:\/\/www.moschti.ch\/wp-content\/uploads\/2024\/11\/Anlieferung-Obstpaloxen-300x199.jpg 300w\" sizes=\"auto, (max-width: 514px) 100vw, 514px\" \/><figcaption class=\"wp-element-caption\">Anlieferung Obstpaloxen<\/figcaption><\/figure>\n\n\n\n<figure class=\"wp-block-image size-large\"><img loading=\"lazy\" decoding=\"async\" width=\"800\" height=\"632\" data-id=\"1007\" src=\"https:\/\/www.moschti.ch\/wp-content\/uploads\/2024\/11\/Grosse-Mengen.jpg\" alt=\"\" class=\"wp-image-1007\" srcset=\"https:\/\/www.moschti.ch\/wp-content\/uploads\/2024\/11\/Grosse-Mengen.jpg 800w, https:\/\/www.moschti.ch\/wp-content\/uploads\/2024\/11\/Grosse-Mengen-300x237.jpg 300w, https:\/\/www.moschti.ch\/wp-content\/uploads\/2024\/11\/Grosse-Mengen-768x607.jpg 768w\" sizes=\"auto, (max-width: 800px) 100vw, 800px\" \/><figcaption class=\"wp-element-caption\">Mit Traktor und Kartoffelpaloxen<\/figcaption><\/figure>\n\n\n\n<figure class=\"wp-block-image size-large\"><img loading=\"lazy\" decoding=\"async\" width=\"600\" height=\"800\" data-id=\"1010\" src=\"https:\/\/www.moschti.ch\/wp-content\/uploads\/2024\/11\/Abladen.jpg\" alt=\"\" class=\"wp-image-1010\" srcset=\"https:\/\/www.moschti.ch\/wp-content\/uploads\/2024\/11\/Abladen.jpg 600w, https:\/\/www.moschti.ch\/wp-content\/uploads\/2024\/11\/Abladen-225x300.jpg 225w\" sizes=\"auto, (max-width: 600px) 100vw, 600px\" \/><figcaption class=\"wp-element-caption\">Walter beim Abladen<\/figcaption><\/figure>\n<\/figure>\n\n\n\n<p>Dieses Jahr wurden grosse Mengen \u00c4pfel angeliefert. Dementsprechend hatten wir viel Arbeit.<\/p>\n\n\n\n<figure class=\"wp-block-gallery has-nested-images columns-default is-cropped wp-block-gallery-3 is-layout-flex wp-block-gallery-is-layout-flex\">\n<figure class=\"wp-block-image size-large\"><img loading=\"lazy\" decoding=\"async\" width=\"691\" height=\"800\" data-id=\"1012\" src=\"https:\/\/www.moschti.ch\/wp-content\/uploads\/2024\/11\/Abgelesene-Aepfel-zu-Mosten.jpg\" alt=\"\" class=\"wp-image-1012\" srcset=\"https:\/\/www.moschti.ch\/wp-content\/uploads\/2024\/11\/Abgelesene-Aepfel-zu-Mosten.jpg 691w, https:\/\/www.moschti.ch\/wp-content\/uploads\/2024\/11\/Abgelesene-Aepfel-zu-Mosten-259x300.jpg 259w\" sizes=\"auto, (max-width: 691px) 100vw, 691px\" \/><figcaption class=\"wp-element-caption\">Sch\u00f6ne Gala und Jonagold-\u00c4pfel<\/figcaption><\/figure>\n\n\n\n<figure class=\"wp-block-image size-large\"><img loading=\"lazy\" decoding=\"async\" width=\"800\" height=\"592\" data-id=\"1008\" src=\"https:\/\/www.moschti.ch\/wp-content\/uploads\/2024\/11\/Obstpaloxen.jpg\" alt=\"\" class=\"wp-image-1008\" srcset=\"https:\/\/www.moschti.ch\/wp-content\/uploads\/2024\/11\/Obstpaloxen.jpg 800w, https:\/\/www.moschti.ch\/wp-content\/uploads\/2024\/11\/Obstpaloxen-300x222.jpg 300w, https:\/\/www.moschti.ch\/wp-content\/uploads\/2024\/11\/Obstpaloxen-768x568.jpg 768w\" sizes=\"auto, (max-width: 800px) 100vw, 800px\" \/><figcaption class=\"wp-element-caption\">Gravensteiner<\/figcaption><\/figure>\n\n\n\n<figure class=\"wp-block-image size-large\"><img loading=\"lazy\" decoding=\"async\" width=\"600\" height=\"800\" data-id=\"1011\" src=\"https:\/\/www.moschti.ch\/wp-content\/uploads\/2024\/11\/Bereits-im-Einwurfschacht.jpg\" alt=\"\" class=\"wp-image-1011\" srcset=\"https:\/\/www.moschti.ch\/wp-content\/uploads\/2024\/11\/Bereits-im-Einwurfschacht.jpg 600w, https:\/\/www.moschti.ch\/wp-content\/uploads\/2024\/11\/Bereits-im-Einwurfschacht-225x300.jpg 225w\" sizes=\"auto, (max-width: 600px) 100vw, 600px\" \/><figcaption class=\"wp-element-caption\">Der volle Einwurfschacht<\/figcaption><\/figure>\n\n\n\n<figure class=\"wp-block-image size-large\"><img loading=\"lazy\" decoding=\"async\" width=\"673\" height=\"800\" data-id=\"1013\" src=\"https:\/\/www.moschti.ch\/wp-content\/uploads\/2024\/11\/Die-Presse.jpg\" alt=\"\" class=\"wp-image-1013\" srcset=\"https:\/\/www.moschti.ch\/wp-content\/uploads\/2024\/11\/Die-Presse.jpg 673w, https:\/\/www.moschti.ch\/wp-content\/uploads\/2024\/11\/Die-Presse-252x300.jpg 252w\" sizes=\"auto, (max-width: 673px) 100vw, 673px\" \/><figcaption class=\"wp-element-caption\">und ab in die Presse<\/figcaption><\/figure>\n\n\n\n<figure class=\"wp-block-image size-large\"><img loading=\"lazy\" decoding=\"async\" width=\"687\" height=\"800\" data-id=\"1014\" src=\"https:\/\/www.moschti.ch\/wp-content\/uploads\/2024\/11\/Chrigu-beim-Abfuellen.jpg\" alt=\"\" class=\"wp-image-1014\" srcset=\"https:\/\/www.moschti.ch\/wp-content\/uploads\/2024\/11\/Chrigu-beim-Abfuellen.jpg 687w, https:\/\/www.moschti.ch\/wp-content\/uploads\/2024\/11\/Chrigu-beim-Abfuellen-258x300.jpg 258w\" sizes=\"auto, (max-width: 687px) 100vw, 687px\" \/><figcaption class=\"wp-element-caption\">Unser Helfer Chrigu beim Pasteurisieren<\/figcaption><\/figure>\n\n\n\n<figure class=\"wp-block-image size-large\"><img loading=\"lazy\" decoding=\"async\" width=\"600\" height=\"800\" data-id=\"1015\" src=\"https:\/\/www.moschti.ch\/wp-content\/uploads\/2024\/11\/Beutel-mit-Most-in-die-Box.jpg\" alt=\"\" class=\"wp-image-1015\" srcset=\"https:\/\/www.moschti.ch\/wp-content\/uploads\/2024\/11\/Beutel-mit-Most-in-die-Box.jpg 600w, https:\/\/www.moschti.ch\/wp-content\/uploads\/2024\/11\/Beutel-mit-Most-in-die-Box-225x300.jpg 225w\" sizes=\"auto, (max-width: 600px) 100vw, 600px\" \/><figcaption class=\"wp-element-caption\">und der Beutel kommt in die Bag in Box<\/figcaption><\/figure>\n<\/figure>\n\n\n\n<p>Je nach Wunsch des Kunden f\u00fcllen wir in 5l oder 10 l in Bag in Boxen ab. Nun ist der S\u00fcssmost bereit zum Abholen.<br>Im Moment haben wir noch Sortenreiner S\u00fcssmost. Gala, Sauergrauech, Boskoop, Birnen, Apfel-Birnen, Apfel-Quitten und Apfel-Himbeeren.<br>\u00c4s het solangs het!<br>Dieses Jahr konnten wir wieder Tanks mit Most f\u00fcllen und verg\u00e4ren lassen. Dann werden sie von der Frei\u00e4mter Mosterei in Wohlen abgeholt und fertig zu Essig verarbeitet und abgef\u00fcllt. Das ergibt f\u00fcr so-nat\u00fcrlich den Solothurner Apfelessig. Zu kaufen in Hofl\u00e4den, der Landi oder bei uns.<\/p>\n\n\n\n<figure class=\"wp-block-gallery has-nested-images columns-default is-cropped wp-block-gallery-4 is-layout-flex wp-block-gallery-is-layout-flex\">\n<figure class=\"wp-block-image size-large\"><img loading=\"lazy\" decoding=\"async\" width=\"800\" height=\"547\" data-id=\"1016\" src=\"https:\/\/www.moschti.ch\/wp-content\/uploads\/2024\/11\/Bereit-fuer-die-Kunden.jpg\" alt=\"\" class=\"wp-image-1016\" srcset=\"https:\/\/www.moschti.ch\/wp-content\/uploads\/2024\/11\/Bereit-fuer-die-Kunden.jpg 800w, https:\/\/www.moschti.ch\/wp-content\/uploads\/2024\/11\/Bereit-fuer-die-Kunden-300x205.jpg 300w, https:\/\/www.moschti.ch\/wp-content\/uploads\/2024\/11\/Bereit-fuer-die-Kunden-768x525.jpg 768w\" sizes=\"auto, (max-width: 800px) 100vw, 800px\" \/><figcaption class=\"wp-element-caption\">Bereit f\u00fcr die Kunden<\/figcaption><\/figure>\n\n\n\n<figure class=\"wp-block-image size-large\"><img loading=\"lazy\" decoding=\"async\" width=\"600\" height=\"800\" data-id=\"1017\" src=\"https:\/\/www.moschti.ch\/wp-content\/uploads\/2024\/11\/Dieser-Kunde-kann-seinen-Suessmost-abholen.jpg\" alt=\"\" class=\"wp-image-1017\" srcset=\"https:\/\/www.moschti.ch\/wp-content\/uploads\/2024\/11\/Dieser-Kunde-kann-seinen-Suessmost-abholen.jpg 600w, https:\/\/www.moschti.ch\/wp-content\/uploads\/2024\/11\/Dieser-Kunde-kann-seinen-Suessmost-abholen-225x300.jpg 225w\" sizes=\"auto, (max-width: 600px) 100vw, 600px\" \/><figcaption class=\"wp-element-caption\">Dieser Kunde kann seinen Most abholen.<\/figcaption><\/figure>\n\n\n\n<figure class=\"wp-block-image size-large\"><img loading=\"lazy\" decoding=\"async\" width=\"800\" height=\"600\" data-id=\"1018\" src=\"https:\/\/www.moschti.ch\/wp-content\/uploads\/2024\/11\/Essigtanks.jpg\" alt=\"\" class=\"wp-image-1018\" srcset=\"https:\/\/www.moschti.ch\/wp-content\/uploads\/2024\/11\/Essigtanks.jpg 800w, https:\/\/www.moschti.ch\/wp-content\/uploads\/2024\/11\/Essigtanks-300x225.jpg 300w, https:\/\/www.moschti.ch\/wp-content\/uploads\/2024\/11\/Essigtanks-768x576.jpg 768w\" sizes=\"auto, (max-width: 800px) 100vw, 800px\" \/><figcaption class=\"wp-element-caption\">Essigtanks<\/figcaption><\/figure>\n<\/figure>\n","protected":false},"excerpt":{"rendered":"<p>Wir sind eine Kundenmosterei und &nbsp;pressen und verarbeiten Ihre Fr\u00fcchte zu einem bek\u00f6mmlichen Getr\u00e4nk. Alle Apfelsorten ausser Klara\u00e4pfel eignen sich zum pressen und pasteurisieren. Wir verarbeiten aber auch Birnen, Quitten und Trauben. Je nach Herbst gibt es auch sortenreine S\u00fcssmoste und Mischgetr\u00e4nke welche wir in 5l Bag in Boxen verkaufen wie auch sortengemischter S\u00fcssmost in &#8230; <a title=\"Herzlich willkommen in der Moschti H\u00fcniken\" class=\"read-more\" href=\"https:\/\/www.moschti.ch\/\" aria-label=\"Mehr Informationen \u00fcber Herzlich willkommen in der Moschti H\u00fcniken\">Weiterlesen<\/a><\/p>\n","protected":false},"author":1,"featured_media":0,"parent":0,"menu_order":0,"comment_status":"closed","ping_status":"closed","template":"","meta":{"_uag_custom_page_level_css":"","pgc_sgb_lightbox_settings":"","_themeisle_gutenberg_block_has_review":false,"footnotes":""},"class_list":["post-101","page","type-page","status-publish"],"yoast_head":"<!-- This site is optimized with the Yoast SEO plugin v22.2 - https:\/\/yoast.com\/wordpress\/plugins\/seo\/ -->\n<title>Herzlich willkommen in der Moschti H\u00fcniken - Moschti<\/title>\n<meta name=\"description\" content=\"Wir pressen Ihre \u00c4pfel zu Apfelsaft und machen ihn haltbar durch Pasteurisieren. Abgef\u00fcllt in 5l oder 10l Bag in Boxen erfreuen Sie sich das ganze Jahr an Ihrem eigenen S\u00fcssmost.\" \/>\n<meta name=\"robots\" content=\"index, follow, max-snippet:-1, max-image-preview:large, max-video-preview:-1\" \/>\n<link rel=\"canonical\" href=\"https:\/\/www.moschti.ch\/\" \/>\n<meta property=\"og:locale\" content=\"de_DE\" \/>\n<meta property=\"og:type\" content=\"article\" \/>\n<meta property=\"og:title\" content=\"Herzlich willkommen in der Moschti H\u00fcniken - Moschti\" \/>\n<meta property=\"og:description\" content=\"Wir pressen Ihre \u00c4pfel zu Apfelsaft und machen ihn haltbar durch Pasteurisieren. Abgef\u00fcllt in 5l oder 10l Bag in Boxen erfreuen Sie sich das ganze Jahr an Ihrem eigenen S\u00fcssmost.\" \/>\n<meta property=\"og:url\" content=\"https:\/\/www.moschti.ch\/\" \/>\n<meta property=\"og:site_name\" content=\"Moschti\" \/>\n<meta property=\"article:modified_time\" content=\"2026-02-26T19:20:16+00:00\" \/>\n<meta property=\"og:image\" content=\"https:\/\/www.moschti.ch\/wp-content\/uploads\/2025\/02\/11.-10.-2020-245-748x1024.jpg\" \/>\n<meta name=\"twitter:card\" content=\"summary_large_image\" \/>\n<meta name=\"twitter:label1\" content=\"Gesch\u00e4tzte Lesezeit\" \/>\n\t<meta name=\"twitter:data1\" content=\"6\u00a0Minuten\" \/>\n<script type=\"application\/ld+json\" class=\"yoast-schema-graph\">{\"@context\":\"https:\/\/schema.org\",\"@graph\":[{\"@type\":\"WebPage\",\"@id\":\"https:\/\/www.moschti.ch\/\",\"url\":\"https:\/\/www.moschti.ch\/\",\"name\":\"Herzlich willkommen in der Moschti H\u00fcniken - Moschti\",\"isPartOf\":{\"@id\":\"https:\/\/www.moschti.ch\/#website\"},\"primaryImageOfPage\":{\"@id\":\"https:\/\/www.moschti.ch\/#primaryimage\"},\"image\":{\"@id\":\"https:\/\/www.moschti.ch\/#primaryimage\"},\"thumbnailUrl\":\"https:\/\/www.moschti.ch\/wp-content\/uploads\/2025\/02\/11.-10.-2020-245-748x1024.jpg\",\"datePublished\":\"2024-03-11T14:07:38+00:00\",\"dateModified\":\"2026-02-26T19:20:16+00:00\",\"description\":\"Wir pressen Ihre \u00c4pfel zu Apfelsaft und machen ihn haltbar durch Pasteurisieren. Abgef\u00fcllt in 5l oder 10l Bag in Boxen erfreuen Sie sich das ganze Jahr an Ihrem eigenen S\u00fcssmost.\",\"inLanguage\":\"de\",\"potentialAction\":[{\"@type\":\"ReadAction\",\"target\":[\"https:\/\/www.moschti.ch\/\"]}]},{\"@type\":\"ImageObject\",\"inLanguage\":\"de\",\"@id\":\"https:\/\/www.moschti.ch\/#primaryimage\",\"url\":\"https:\/\/www.moschti.ch\/wp-content\/uploads\/2025\/02\/11.-10.-2020-245-scaled.jpg\",\"contentUrl\":\"https:\/\/www.moschti.ch\/wp-content\/uploads\/2025\/02\/11.-10.-2020-245-scaled.jpg\",\"width\":1871,\"height\":2560,\"caption\":\"Hasen mit Huttli\"},{\"@type\":\"WebSite\",\"@id\":\"https:\/\/www.moschti.ch\/#website\",\"url\":\"https:\/\/www.moschti.ch\/\",\"name\":\"Moschti\",\"description\":\"\",\"publisher\":{\"@id\":\"https:\/\/www.moschti.ch\/#organization\"},\"potentialAction\":[{\"@type\":\"SearchAction\",\"target\":{\"@type\":\"EntryPoint\",\"urlTemplate\":\"https:\/\/www.moschti.ch\/?s={search_term_string}\"},\"query-input\":\"required name=search_term_string\"}],\"inLanguage\":\"de\"},{\"@type\":\"Organization\",\"@id\":\"https:\/\/www.moschti.ch\/#organization\",\"name\":\"Moschti\",\"url\":\"https:\/\/www.moschti.ch\/\",\"logo\":{\"@type\":\"ImageObject\",\"inLanguage\":\"de\",\"@id\":\"https:\/\/www.moschti.ch\/#\/schema\/logo\/image\/\",\"url\":\"https:\/\/www.moschti.ch\/wp-content\/uploads\/2024\/03\/banner.jpg\",\"contentUrl\":\"https:\/\/www.moschti.ch\/wp-content\/uploads\/2024\/03\/banner.jpg\",\"width\":1000,\"height\":140,\"caption\":\"Moschti\"},\"image\":{\"@id\":\"https:\/\/www.moschti.ch\/#\/schema\/logo\/image\/\"}}]}<\/script>\n<!-- \/ Yoast SEO plugin. -->","yoast_head_json":{"title":"Herzlich willkommen in der Moschti H\u00fcniken - Moschti","description":"Wir pressen Ihre \u00c4pfel zu Apfelsaft und machen ihn haltbar durch Pasteurisieren. Abgef\u00fcllt in 5l oder 10l Bag in Boxen erfreuen Sie sich das ganze Jahr an Ihrem eigenen S\u00fcssmost.","robots":{"index":"index","follow":"follow","max-snippet":"max-snippet:-1","max-image-preview":"max-image-preview:large","max-video-preview":"max-video-preview:-1"},"canonical":"https:\/\/www.moschti.ch\/","og_locale":"de_DE","og_type":"article","og_title":"Herzlich willkommen in der Moschti H\u00fcniken - Moschti","og_description":"Wir pressen Ihre \u00c4pfel zu Apfelsaft und machen ihn haltbar durch Pasteurisieren. Abgef\u00fcllt in 5l oder 10l Bag in Boxen erfreuen Sie sich das ganze Jahr an Ihrem eigenen S\u00fcssmost.","og_url":"https:\/\/www.moschti.ch\/","og_site_name":"Moschti","article_modified_time":"2026-02-26T19:20:16+00:00","og_image":[{"url":"https:\/\/www.moschti.ch\/wp-content\/uploads\/2025\/02\/11.-10.-2020-245-748x1024.jpg"}],"twitter_card":"summary_large_image","twitter_misc":{"Gesch\u00e4tzte Lesezeit":"6\u00a0Minuten"},"schema":{"@context":"https:\/\/schema.org","@graph":[{"@type":"WebPage","@id":"https:\/\/www.moschti.ch\/","url":"https:\/\/www.moschti.ch\/","name":"Herzlich willkommen in der Moschti H\u00fcniken - Moschti","isPartOf":{"@id":"https:\/\/www.moschti.ch\/#website"},"primaryImageOfPage":{"@id":"https:\/\/www.moschti.ch\/#primaryimage"},"image":{"@id":"https:\/\/www.moschti.ch\/#primaryimage"},"thumbnailUrl":"https:\/\/www.moschti.ch\/wp-content\/uploads\/2025\/02\/11.-10.-2020-245-748x1024.jpg","datePublished":"2024-03-11T14:07:38+00:00","dateModified":"2026-02-26T19:20:16+00:00","description":"Wir pressen Ihre \u00c4pfel zu Apfelsaft und machen ihn haltbar durch Pasteurisieren. Abgef\u00fcllt in 5l oder 10l Bag in Boxen erfreuen Sie sich das ganze Jahr an Ihrem eigenen S\u00fcssmost.","inLanguage":"de","potentialAction":[{"@type":"ReadAction","target":["https:\/\/www.moschti.ch\/"]}]},{"@type":"ImageObject","inLanguage":"de","@id":"https:\/\/www.moschti.ch\/#primaryimage","url":"https:\/\/www.moschti.ch\/wp-content\/uploads\/2025\/02\/11.-10.-2020-245-scaled.jpg","contentUrl":"https:\/\/www.moschti.ch\/wp-content\/uploads\/2025\/02\/11.-10.-2020-245-scaled.jpg","width":1871,"height":2560,"caption":"Hasen mit Huttli"},{"@type":"WebSite","@id":"https:\/\/www.moschti.ch\/#website","url":"https:\/\/www.moschti.ch\/","name":"Moschti","description":"","publisher":{"@id":"https:\/\/www.moschti.ch\/#organization"},"potentialAction":[{"@type":"SearchAction","target":{"@type":"EntryPoint","urlTemplate":"https:\/\/www.moschti.ch\/?s={search_term_string}"},"query-input":"required name=search_term_string"}],"inLanguage":"de"},{"@type":"Organization","@id":"https:\/\/www.moschti.ch\/#organization","name":"Moschti","url":"https:\/\/www.moschti.ch\/","logo":{"@type":"ImageObject","inLanguage":"de","@id":"https:\/\/www.moschti.ch\/#\/schema\/logo\/image\/","url":"https:\/\/www.moschti.ch\/wp-content\/uploads\/2024\/03\/banner.jpg","contentUrl":"https:\/\/www.moschti.ch\/wp-content\/uploads\/2024\/03\/banner.jpg","width":1000,"height":140,"caption":"Moschti"},"image":{"@id":"https:\/\/www.moschti.ch\/#\/schema\/logo\/image\/"}}]}},"uagb_featured_image_src":{"full":false,"thumbnail":false,"medium":false,"medium_large":false,"large":false,"1536x1536":false,"2048x2048":false},"uagb_author_info":{"display_name":"admin","author_link":"https:\/\/www.moschti.ch\/index.php\/author\/sysadmin\/"},"uagb_comment_info":0,"uagb_excerpt":"Wir sind eine Kundenmosterei und &nbsp;pressen und verarbeiten Ihre Fr\u00fcchte zu einem bek\u00f6mmlichen Getr\u00e4nk. Alle Apfelsorten ausser Klara\u00e4pfel eignen sich zum pressen und pasteurisieren. Wir verarbeiten aber auch Birnen, Quitten und Trauben. Je nach Herbst gibt es auch sortenreine S\u00fcssmoste und Mischgetr\u00e4nke welche wir in 5l Bag in Boxen verkaufen wie auch sortengemischter S\u00fcssmost in&hellip;","_links":{"self":[{"href":"https:\/\/www.moschti.ch\/index.php\/wp-json\/wp\/v2\/pages\/101","targetHints":{"allow":["GET"]}}],"collection":[{"href":"https:\/\/www.moschti.ch\/index.php\/wp-json\/wp\/v2\/pages"}],"about":[{"href":"https:\/\/www.moschti.ch\/index.php\/wp-json\/wp\/v2\/types\/page"}],"author":[{"embeddable":true,"href":"https:\/\/www.moschti.ch\/index.php\/wp-json\/wp\/v2\/users\/1"}],"replies":[{"embeddable":true,"href":"https:\/\/www.moschti.ch\/index.php\/wp-json\/wp\/v2\/comments?post=101"}],"version-history":[{"count":90,"href":"https:\/\/www.moschti.ch\/index.php\/wp-json\/wp\/v2\/pages\/101\/revisions"}],"predecessor-version":[{"id":1433,"href":"https:\/\/www.moschti.ch\/index.php\/wp-json\/wp\/v2\/pages\/101\/revisions\/1433"}],"wp:attachment":[{"href":"https:\/\/www.moschti.ch\/index.php\/wp-json\/wp\/v2\/media?parent=101"}],"curies":[{"name":"wp","href":"https:\/\/api.w.org\/{rel}","templated":true}]}}